{"id":10078,"date":"2025-12-22T13:49:09","date_gmt":"2025-12-22T12:49:09","guid":{"rendered":"https:\/\/www.hermes-technologie.de\/?page_id=10078"},"modified":"2025-12-22T14:11:23","modified_gmt":"2025-12-22T13:11:23","slug":"280-kanalschaechte","status":"publish","type":"page","link":"https:\/\/www.hermes-technologie.de\/fr\/280-kanalschaechte\/","title":{"rendered":"280 Kanalsch\u00e4chte"},"content":{"rendered":"<div data-elementor-type=\"wp-page\" data-elementor-id=\"10078\" class=\"elementor elementor-10078\" data-elementor-post-type=\"page\">\n\t\t\t\t<div class=\"elementor-element elementor-element-320ba68 e-con-full e-flex e-con e-parent\" data-id=\"320ba68\" data-element_type=\"container\" data-e-type=\"container\">\n\t\t<div class=\"elementor-element elementor-element-45cbfb4 e-con-full e-flex elementor-invisible e-con e-child\" data-id=\"45cbfb4\" data-element_type=\"container\" data-e-type=\"container\" data-settings=\"{&quot;background_background&quot;:&quot;classic&quot;,&quot;animation&quot;:&quot;fadeIn&quot;}\">\n\t\t\t\t<div class=\"elementor-element elementor-element-b77fe78 elementor-widget-divider--view-line elementor-widget elementor-widget-divider\" data-id=\"b77fe78\" data-element_type=\"widget\" data-e-type=\"widget\" data-widget_type=\"divider.default\">\n\t\t\t\t\t\t\t<div class=\"elementor-divider\">\n\t\t\t<span class=\"elementor-divider-separator\">\n\t\t\t\t\t\t<\/span>\n\t\t<\/div>\n\t\t\t\t\t\t<\/div>\n\t\t\t\t<\/div>\n\t\t<div class=\"elementor-element elementor-element-23725ba e-con-full e-flex e-con e-child\" data-id=\"23725ba\" data-element_type=\"container\" data-e-type=\"container\">\n\t\t<div class=\"elementor-element elementor-element-774849c e-con-full e-flex e-con e-child\" data-id=\"774849c\" data-element_type=\"container\" data-e-type=\"container\">\n\t\t\t\t<div class=\"elementor-element elementor-element-bf50e9d elementor-invisible elementor-widget elementor-widget-heading\" data-id=\"bf50e9d\" data-element_type=\"widget\" data-e-type=\"widget\" data-settings=\"{&quot;_animation&quot;:&quot;fadeIn&quot;,&quot;_animation_delay&quot;:&quot;200&quot;}\" data-widget_type=\"heading.default\">\n\t\t\t\t\t<h1 class=\"elementor-heading-title elementor-size-default\">\u00dcber 280 Sch\u00e4chte, ein Ziel<\/h1>\t\t\t\t<\/div>\n\t\t\t\t<\/div>\n\t\t<div class=\"elementor-element elementor-element-1d3fbba e-con-full e-flex e-con e-child\" data-id=\"1d3fbba\" data-element_type=\"container\" data-e-type=\"container\">\n\t\t\t\t<div class=\"elementor-element elementor-element-907b655 elementor-widget elementor-widget-text-editor\" data-id=\"907b655\" data-element_type=\"widget\" data-e-type=\"widget\" data-widget_type=\"text-editor.default\">\n\t\t\t\t\t\t\t\t\t<p class=\"p1\">Insgesamt 288 Kanalsch\u00e4chte saniert die Katec Kanaltechnik M\u00fcller &amp; Wahl GmbH derzeit in Erftstadt (Nordrhein-Westfalen) im Auftrag der \u00f6rtlichen Stadtwerke. Die Ma\u00dfnahmen im Stadtteil Gymnich umfassen sowohl punktuelle Ausbesserungen als auch die vollst\u00e4ndige strukturelle Ert\u00fcchtigung.<br \/><br \/><em>(Die Sch\u00e4chte aus den 1970er-Jahren zeigen typische Alterserscheinungen wie Undichtigkeiten und Materialsch\u00e4den, die eine Sanierung unvermeidlich machen. | Foto: Katec)<\/em><\/p>\t\t\t\t\t\t\t\t<\/div>\n\t\t\t\t<\/div>\n\t\t\t\t<\/div>\n\t\t\t\t<\/div>\n\t\t<div class=\"elementor-element elementor-element-b511bde e-con-full e-flex e-con e-parent\" data-id=\"b511bde\" data-element_type=\"container\" data-e-type=\"container\" data-settings=\"{&quot;background_background&quot;:&quot;classic&quot;}\">\n\t\t<div class=\"elementor-element elementor-element-9b05d5d e-con-full e-flex elementor-invisible e-con e-child\" data-id=\"9b05d5d\" data-element_type=\"container\" data-e-type=\"container\" data-settings=\"{&quot;animation&quot;:&quot;fadeIn&quot;,&quot;animation_delay&quot;:&quot;400&quot;}\">\n\t\t<div class=\"elementor-element elementor-element-90acfd9 e-con-full e-flex e-con e-child\" data-id=\"90acfd9\" data-element_type=\"container\" data-e-type=\"container\" data-settings=\"{&quot;background_background&quot;:&quot;classic&quot;}\">\n\t\t\t\t<div class=\"elementor-element elementor-element-0d65fcb elementor-widget__width-initial elementor-invisible elementor-widget elementor-widget-text-editor\" data-id=\"0d65fcb\" data-element_type=\"widget\" data-e-type=\"widget\" data-settings=\"{&quot;_animation&quot;:&quot;fadeIn&quot;,&quot;_animation_delay&quot;:&quot;400&quot;}\" data-widget_type=\"text-editor.default\">\n\t\t\t\t\t\t\t\t\t<div class=\"columns is-mobile is-centered\"><div class=\"column is-9-desktop is-12-touch px-2\"><p class=\"bfz-article-paragraph\">Die Planung verantwortet das Ingenieurb\u00fcro f\u00fcr Bauwesen K\u00f6ster + Volkenborn GbR. F\u00fcr jedes Schachtbauwerk wurde dazu ein objektspezifisches Sanierungskonzept erstellt. Dieses umfasst \u2013 je nach Schadensbild \u2013 entweder die Erneuerung einzelner Rohreinbindungen beziehungsweise Gerinne oder die umfassende Instandsetzung kompletter Sch\u00e4chte vom Sohlenbereich bis zu Konus.<\/p><\/div><\/div><div class=\"columns is-mobile is-centered\"><div class=\"column is-9-desktop is-12-touch px-2\"><p class=\"bfz-article-paragraph\">Das Entsorgungsgebiet der Stadtwerke Erftstadt umfasst rund 280 Kilometer Kanalnetz. Der \u00fcberwiegende Teil besteht aus Mischwasserkan\u00e4len aus Beton mit Nennweiten zwischen DN 300 und DN 2.000. Erg\u00e4nzt wird das System durch Schmutzwasserkan\u00e4le kleinerer Dimensionen aus Steinzeug sowie Regenwasserkan\u00e4le bis DN 2.000. Der Zugang erfolgt \u00fcber zahlreiche Sch\u00e4chte. Da das Netz historisch gewachsen ist und Abschnitte bereits seit mehr als 50 Jahren in Betrieb sind, zeigt sich inzwischen ein Sanierungsbedarf. Um das Entsorgungsnetz auf dem Stand der Technik zu halten, erfolgen regelm\u00e4\u00dfige Sanierungen sowohl an Leitungen als auch an Sch\u00e4chten. Hierzu z\u00e4hlen ebenfalls 288 Sch\u00e4chte, die derzeit von Katec instandgesetzt werden.<\/p><\/div><\/div>\t\t\t\t\t\t\t\t<\/div>\n\t\t\t\t<div class=\"elementor-element elementor-element-93448fe elementor-widget elementor-widget-image\" data-id=\"93448fe\" data-element_type=\"widget\" data-e-type=\"widget\" data-widget_type=\"image.default\">\n\t\t\t\t\t\t\t\t\t\t\t\t\t\t\t<img fetchpriority=\"high\" decoding=\"async\" width=\"1600\" height=\"800\" src=\"https:\/\/www.hermes-technologie.de\/wp-content\/uploads\/2025\/12\/Kanalschacht-1.webp\" class=\"attachment-full size-full wp-image-10106\" alt=\"Kanalschacht\" srcset=\"https:\/\/www.hermes-technologie.de\/wp-content\/uploads\/2025\/12\/Kanalschacht-1.webp 1600w, https:\/\/www.hermes-technologie.de\/wp-content\/uploads\/2025\/12\/Kanalschacht-1-300x150.webp 300w, https:\/\/www.hermes-technologie.de\/wp-content\/uploads\/2025\/12\/Kanalschacht-1-1024x512.webp 1024w, https:\/\/www.hermes-technologie.de\/wp-content\/uploads\/2025\/12\/Kanalschacht-1-768x384.webp 768w, https:\/\/www.hermes-technologie.de\/wp-content\/uploads\/2025\/12\/Kanalschacht-1-1536x768.webp 1536w, https:\/\/www.hermes-technologie.de\/wp-content\/uploads\/2025\/12\/Kanalschacht-1-18x9.webp 18w\" sizes=\"(max-width: 1600px) 100vw, 1600px\" \/>\t\t\t\t\t\t\t\t\t\t\t\t\t\t\t<\/div>\n\t\t\t\t<div class=\"elementor-element elementor-element-c73e412 elementor-invisible elementor-widget elementor-widget-heading\" data-id=\"c73e412\" data-element_type=\"widget\" data-e-type=\"widget\" data-settings=\"{&quot;_animation&quot;:&quot;fadeIn&quot;,&quot;_animation_delay&quot;:&quot;200&quot;}\" data-widget_type=\"heading.default\">\n\t\t\t\t\t<h2 class=\"elementor-heading-title elementor-size-default\">Altlasten im Untergrund<\/h2>\t\t\t\t<\/div>\n\t\t\t\t<div class=\"elementor-element elementor-element-c71c85d elementor-widget__width-initial elementor-invisible elementor-widget elementor-widget-text-editor\" data-id=\"c71c85d\" data-element_type=\"widget\" data-e-type=\"widget\" data-settings=\"{&quot;_animation&quot;:&quot;fadeIn&quot;,&quot;_animation_delay&quot;:&quot;400&quot;}\" data-widget_type=\"text-editor.default\">\n\t\t\t\t\t\t\t\t\t<div class=\"columns is-mobile is-centered\"><div class=\"column is-9-desktop is-12-touch px-2\"><p class=\"bfz-article-paragraph\"><span class=\"bfz-article-paragraph\">Die zu sanierenden Bauwerke stammen \u00fcberwiegend aus den 1970er-Jahren und weisen Tiefen zwischen 2,5 und sechs Metern bei einem Durchmesser von einem Meter auf. Die Bauweise ist heterogen:\u00a0<\/span><\/p><p class=\"bfz-article-paragraph\"><span class=\"bfz-article-paragraph\">W\u00e4hrend die Schachtunterteile entweder in Ortbetonbauweise oder als gemauerte Klinkersch\u00e4chte ausgef\u00fchrt wurden, besteht der obere Schachtaufbau in der Regel aus Betonschachtringen. Die Schadensbilder sind vielf\u00e4ltig, aber charakteristisch f\u00fcr Sch\u00e4chte dieses Alters und dieser Bauweise. H\u00e4ufig treten in diesem Kontext gesch\u00e4digte Fugen in den Klinkersteinen sowie Undichtigkeiten in den Schachtunterteilen auf. Zudem entsprechen viele der alten Rohreinbindungen nicht mehr den fachlichen Anforderungen. Die damals eingesetzten M\u00f6rtelmaterialien \u2013 oft in Eigenmischung vor Ort hergestellt \u2013 weisen heute deutliche Verschlei\u00dferscheinungen auf. Insbesondere die fehlende Sulfatbest\u00e4ndigkeit und eine unzureichende Verdichtung f\u00fchrten im Laufe der Jahrzehnte zu Verlusten in puncto Festigkeit und Dichtigkeit. Erg\u00e4nzend sind korrosionsbedingte Sch\u00e4den an den Steigeisen sowie Schwefelwasserstoffkorrosion an den Schachtringfugen festzustellen.<\/span><\/p><\/div><\/div>\t\t\t\t\t\t\t\t<\/div>\n\t\t\t\t<div class=\"elementor-element elementor-element-f6a8f84 elementor-widget elementor-widget-image\" data-id=\"f6a8f84\" data-element_type=\"widget\" data-e-type=\"widget\" data-widget_type=\"image.default\">\n\t\t\t\t\t\t\t\t\t\t\t\t\t\t\t<img decoding=\"async\" width=\"1600\" height=\"800\" src=\"https:\/\/www.hermes-technologie.de\/wp-content\/uploads\/2025\/12\/Zementmo\u0308rtel.webp\" class=\"attachment-full size-full wp-image-10117\" alt=\"\" srcset=\"https:\/\/www.hermes-technologie.de\/wp-content\/uploads\/2025\/12\/Zementmo\u0308rtel.webp 1600w, https:\/\/www.hermes-technologie.de\/wp-content\/uploads\/2025\/12\/Zementmo\u0308rtel-300x150.webp 300w, https:\/\/www.hermes-technologie.de\/wp-content\/uploads\/2025\/12\/Zementmo\u0308rtel-1024x512.webp 1024w, https:\/\/www.hermes-technologie.de\/wp-content\/uploads\/2025\/12\/Zementmo\u0308rtel-768x384.webp 768w, https:\/\/www.hermes-technologie.de\/wp-content\/uploads\/2025\/12\/Zementmo\u0308rtel-1536x768.webp 1536w, https:\/\/www.hermes-technologie.de\/wp-content\/uploads\/2025\/12\/Zementmo\u0308rtel-18x9.webp 18w\" sizes=\"(max-width: 1600px) 100vw, 1600px\" \/>\t\t\t\t\t\t\t\t\t\t\t\t\t\t\t<\/div>\n\t\t\t\t<div class=\"elementor-element elementor-element-76e5679 elementor-invisible elementor-widget elementor-widget-heading\" data-id=\"76e5679\" data-element_type=\"widget\" data-e-type=\"widget\" data-settings=\"{&quot;_animation&quot;:&quot;fadeIn&quot;,&quot;_animation_delay&quot;:&quot;200&quot;}\" data-widget_type=\"heading.default\">\n\t\t\t\t\t<h2 class=\"elementor-heading-title elementor-size-default\">Vom Kanalklinker bis zum Schleuderverfahren<\/h2>\t\t\t\t<\/div>\n\t\t\t\t<div class=\"elementor-element elementor-element-631a459 elementor-widget__width-initial elementor-invisible elementor-widget elementor-widget-text-editor\" data-id=\"631a459\" data-element_type=\"widget\" data-e-type=\"widget\" data-settings=\"{&quot;_animation&quot;:&quot;fadeIn&quot;,&quot;_animation_delay&quot;:&quot;400&quot;}\" data-widget_type=\"text-editor.default\">\n\t\t\t\t\t\t\t\t\t<div class=\"columns is-mobile is-centered\"><div class=\"column is-9-desktop is-12-touch px-2\"><p class=\"bfz-article-paragraph\"><span class=\"bfz-article-paragraph\">F\u00fcr die Instandsetzung setzt Katec auf Kanalklinkersteine nach DIN 4051. Sie verf\u00fcgen \u00fcber eine Wasseraufnahme von weniger\u00a0<\/span><span class=\"bfz-article-paragraph\">als sechs Prozent und gelten daher als besonders best\u00e4ndig gegen\u00fcber chemischen und physikalischen Belastungen im Sohlenbereich von Abwasserbauwerken. Neben ihrer geringen Wasseraufnahme zeichnen sich die Steine durch hohe Abriebfestigkeit, Frostbest\u00e4ndigkeit und allgemeine Dauerhaftigkeit aus. Die neuen Gerinne werden auf einem vorbereiteten, tragf\u00e4higen Unterbau aus kunststoffverg\u00fctetem Zementm\u00f6rtel hergestellt. Zum Einsatz kommt hier Ergelit KS1-M\u00f6rtel, der aufgrund seiner geringen Schrumpfung, hohen Haftzugfestigkeit und Chloridfreiheit zuverl\u00e4ssig eine kraftschl\u00fcssige, dichte Verbindung erm\u00f6glicht.<br \/><br \/>Vor der Applikation der M\u00f6rtelbeschichtung erfolgt die umfassende Reinigung der Schachtw\u00e4nde mittels Wasserhochdruck. Bei Bedarf werden zus\u00e4tzlich Fr\u00e4swerkzeuge eingesetzt, um Altbeschichtungen oder feste Ablagerungen zu entfernen. Diese vorbereitenden Ma\u00dfnahmen sind entscheidend f\u00fcr die Haftung der neuen Materialien. Die Experten von Katec bringen den KS1-M\u00f6rtel anschlie\u00dfend lagenweise per Hand mit der Kelle oder im Spritzverfahren auf und verdichten ihn. So entsteht eine gleichm\u00e4\u00dfige, porenarme Schutzschicht, die sowohl die statische Tragf\u00e4higkeit verbessert als auch einen verl\u00e4sslichen Schutz gegen chemische Belastungen, insbesondere Schwefelwasserstoffkorrosion, bietet. Korrodierte Altteile der Steigeinrichtungen werden durch neue Edelstahlb\u00fcgel ersetzt, um einen dauerhaft sicheren Einstieg und somit Arbeitssicherheit zu gew\u00e4hrleisten.<\/span><\/p><\/div><\/div>\t\t\t\t\t\t\t\t<\/div>\n\t\t\t\t<div class=\"elementor-element elementor-element-542db66 elementor-widget elementor-widget-image\" data-id=\"542db66\" data-element_type=\"widget\" data-e-type=\"widget\" data-widget_type=\"image.default\">\n\t\t\t\t\t\t\t\t\t\t\t\t\t\t\t<img decoding=\"async\" width=\"1600\" height=\"800\" src=\"https:\/\/www.hermes-technologie.de\/wp-content\/uploads\/2025\/12\/Reparatur-Schacht.webp\" class=\"attachment-full size-full wp-image-10121\" alt=\"Reparatur Schacht\" srcset=\"https:\/\/www.hermes-technologie.de\/wp-content\/uploads\/2025\/12\/Reparatur-Schacht.webp 1600w, https:\/\/www.hermes-technologie.de\/wp-content\/uploads\/2025\/12\/Reparatur-Schacht-300x150.webp 300w, https:\/\/www.hermes-technologie.de\/wp-content\/uploads\/2025\/12\/Reparatur-Schacht-1024x512.webp 1024w, https:\/\/www.hermes-technologie.de\/wp-content\/uploads\/2025\/12\/Reparatur-Schacht-768x384.webp 768w, https:\/\/www.hermes-technologie.de\/wp-content\/uploads\/2025\/12\/Reparatur-Schacht-1536x768.webp 1536w, https:\/\/www.hermes-technologie.de\/wp-content\/uploads\/2025\/12\/Reparatur-Schacht-18x9.webp 18w\" sizes=\"(max-width: 1600px) 100vw, 1600px\" \/>\t\t\t\t\t\t\t\t\t\t\t\t\t\t\t<\/div>\n\t\t\t\t<div class=\"elementor-element elementor-element-c4688b0 elementor-invisible elementor-widget elementor-widget-heading\" data-id=\"c4688b0\" data-element_type=\"widget\" data-e-type=\"widget\" data-settings=\"{&quot;_animation&quot;:&quot;fadeIn&quot;,&quot;_animation_delay&quot;:&quot;200&quot;}\" data-widget_type=\"heading.default\">\n\t\t\t\t\t<h2 class=\"elementor-heading-title elementor-size-default\">Pr\u00e4zises Arbeiten auf engem Raum<\/h2>\t\t\t\t<\/div>\n\t\t\t\t<div class=\"elementor-element elementor-element-e56baf5 elementor-widget__width-initial elementor-invisible elementor-widget elementor-widget-text-editor\" data-id=\"e56baf5\" data-element_type=\"widget\" data-e-type=\"widget\" data-settings=\"{&quot;_animation&quot;:&quot;fadeIn&quot;,&quot;_animation_delay&quot;:&quot;400&quot;}\" data-widget_type=\"text-editor.default\">\n\t\t\t\t\t\t\t\t\t<div class=\"columns is-mobile is-centered\"><div class=\"column is-9-desktop is-12-touch px-2\"><p class=\"bfz-article-paragraph\">Eine besondere Herausforderung bei der Umsetzung stellt der beengte Arbeitsraum innerhalb der Sch\u00e4chte dar. Sowohl die Verlegung der Gerinne als auch die Aufbringung der M\u00f6rtelschicht setzen eine gr\u00fcndliche Reinigung der Innenfl\u00e4chen voraus. Die Ausf\u00fchrung erfordert daher nicht nur pr\u00e4zise handwerkliche Arbeit, sondern auch fundierte Fachkenntnis der eingesetzten Materialien und Verfahren seitens Katec. Dies gilt vor allem an \u00dcberg\u00e4ngen zwischen alter und neuer Bausubstanz, wo die Qualit\u00e4t der Verarbeitung ma\u00dfgeblich f\u00fcr die Dauerhaftigkeit des Ergebnisses ist. Mit langj\u00e4hriger Erfahrung und durch den Einsatz hochwertiger Materialien gelingt es Katec, die Ma\u00dfnahme sowohl fachgerecht als auch wirtschaftlich durchzuf\u00fchren. So wird eine dauerhafte L\u00f6sung erzielt, welche die Betriebssicherheit der Schachtinfrastruktur in Erftstadt auch l\u00e4ngerfristig gew\u00e4hrleistet. Das Projekt soll bis Dezember 2025 abgeschlossen sein.<\/p><\/div><\/div>\t\t\t\t\t\t\t\t<\/div>\n\t\t\t\t<\/div>\n\t\t\t\t<\/div>\n\t\t\t\t<\/div>\n\t\t\t\t<\/div>","protected":false},"excerpt":{"rendered":"<p>\u00dcber 280 Sch\u00e4chte, ein Ziel Insgesamt 288 Kanalsch\u00e4chte saniert die Katec Kanaltechnik M\u00fcller &amp; Wahl GmbH derzeit in Erftstadt (Nordrhein-Westfalen) im Auftrag der \u00f6rtlichen Stadtwerke. Die Ma\u00dfnahmen im Stadtteil Gymnich umfassen sowohl punktuelle Ausbesserungen als auch die vollst\u00e4ndige strukturelle Ert\u00fcchtigung. (Die Sch\u00e4chte aus den 1970er-Jahren zeigen typische Alterserscheinungen wie Undichtigkeiten und Materialsch\u00e4den, die eine Sanierung [&hellip;]<\/p>\n","protected":false},"author":3,"featured_media":0,"parent":0,"menu_order":0,"comment_status":"closed","ping_status":"closed","template":"","meta":{"footnotes":""},"class_list":["post-10078","page","type-page","status-publish","hentry"],"_links":{"self":[{"href":"https:\/\/www.hermes-technologie.de\/fr\/wp-json\/wp\/v2\/pages\/10078","targetHints":{"allow":["GET"]}}],"collection":[{"href":"https:\/\/www.hermes-technologie.de\/fr\/wp-json\/wp\/v2\/pages"}],"about":[{"href":"https:\/\/www.hermes-technologie.de\/fr\/wp-json\/wp\/v2\/types\/page"}],"author":[{"embeddable":true,"href":"https:\/\/www.hermes-technologie.de\/fr\/wp-json\/wp\/v2\/users\/3"}],"replies":[{"embeddable":true,"href":"https:\/\/www.hermes-technologie.de\/fr\/wp-json\/wp\/v2\/comments?post=10078"}],"version-history":[{"count":52,"href":"https:\/\/www.hermes-technologie.de\/fr\/wp-json\/wp\/v2\/pages\/10078\/revisions"}],"predecessor-version":[{"id":10139,"href":"https:\/\/www.hermes-technologie.de\/fr\/wp-json\/wp\/v2\/pages\/10078\/revisions\/10139"}],"wp:attachment":[{"href":"https:\/\/www.hermes-technologie.de\/fr\/wp-json\/wp\/v2\/media?parent=10078"}],"curies":[{"name":"wp","href":"https:\/\/api.w.org\/{rel}","templated":true}]}}