{"id":10150,"date":"2026-01-08T17:52:47","date_gmt":"2026-01-08T16:52:47","guid":{"rendered":"https:\/\/www.hermes-technologie.de\/?page_id=10150"},"modified":"2026-01-08T18:02:58","modified_gmt":"2026-01-08T17:02:58","slug":"glasfaserschere","status":"publish","type":"page","link":"https:\/\/www.hermes-technologie.de\/fr\/glasfaserschere\/","title":{"rendered":"Glasfaserschere"},"content":{"rendered":"\t\t<div data-elementor-type=\"wp-page\" data-elementor-id=\"10150\" class=\"elementor elementor-10150\" data-elementor-post-type=\"page\">\n\t\t\t\t<div class=\"elementor-element elementor-element-31313b6 e-con-full e-flex e-con e-parent\" data-id=\"31313b6\" data-element_type=\"container\" data-e-type=\"container\" data-settings=\"{&quot;background_background&quot;:&quot;classic&quot;}\">\n\t\t\t\t<\/div>\n\t\t<div class=\"elementor-element elementor-element-b70c025 e-flex e-con-boxed e-con e-parent\" data-id=\"b70c025\" data-element_type=\"container\" data-e-type=\"container\">\n\t\t\t\t\t<div class=\"e-con-inner\">\n\t\t<div class=\"elementor-element elementor-element-3521825 e-con-full e-flex elementor-invisible e-con e-child\" data-id=\"3521825\" data-element_type=\"container\" data-e-type=\"container\" data-settings=\"{&quot;animation&quot;:&quot;fadeIn&quot;}\">\n\t\t\t\t<div class=\"elementor-element elementor-element-49e94f9 elementor-widget__width-inherit elementor-invisible elementor-widget elementor-widget-text-editor\" data-id=\"49e94f9\" data-element_type=\"widget\" data-e-type=\"widget\" data-settings=\"{&quot;_animation&quot;:&quot;fadeIn&quot;}\" data-widget_type=\"text-editor.default\">\n\t\t\t\t\t\t\t\t\t<p>Glasfaserschere<\/p>\t\t\t\t\t\t\t\t<\/div>\n\t\t\t\t<div class=\"elementor-element elementor-element-db42614 elementor-widget elementor-widget-heading\" data-id=\"db42614\" data-element_type=\"widget\" data-e-type=\"widget\" data-widget_type=\"heading.default\">\n\t\t\t\t\t<h2 class=\"elementor-heading-title elementor-size-default\">Art. Nr.: HTD-92021<\/h2>\t\t\t\t<\/div>\n\t\t\t\t<div class=\"elementor-element elementor-element-1f8f191 elementor-widget elementor-widget-text-editor\" data-id=\"1f8f191\" data-element_type=\"widget\" data-e-type=\"widget\" data-widget_type=\"text-editor.default\">\n\t\t\t\t\t\t\t\t\t<p>Schere zum konfektionieren von Glasfasermatten<\/p>\t\t\t\t\t\t\t\t<\/div>\n\t\t\t\t<div class=\"elementor-element elementor-element-e00e584 elementor-widget elementor-widget-heading\" data-id=\"e00e584\" data-element_type=\"widget\" data-e-type=\"widget\" data-widget_type=\"heading.default\">\n\t\t\t\t\t<h3 class=\"elementor-heading-title elementor-size-default\">Weitere Eigenschaften<\/h3>\t\t\t\t<\/div>\n\t\t\t\t<div class=\"elementor-element elementor-element-2ae663a elementor-widget elementor-widget-text-editor\" data-id=\"2ae663a\" data-element_type=\"widget\" data-e-type=\"widget\" data-widget_type=\"text-editor.default\">\n\t\t\t\t\t\t\t\t\t<p>Eine herk\u00f6mmliche Schere wird beim Schneiden von Glasfasermatten sehr schnell stumpf und liefert nicht die gew\u00fcnschte Pr\u00e4zision. Die gezackte Schneide, der verl\u00e4ngerte Schaft und die verschraubte Verbindung verbessern die Kontrolle und Haltbarkeit, w\u00e4hrend der gro\u00dfe, ergonomische Softgrip-Griff auch f\u00fcr die Arbeit mit Handschuhen geeignet ist.<\/p>\t\t\t\t\t\t\t\t<\/div>\n\t\t\t\t<div class=\"elementor-element elementor-element-bb622ae elementor-icon-list--layout-traditional elementor-list-item-link-full_width elementor-widget elementor-widget-icon-list\" data-id=\"bb622ae\" data-element_type=\"widget\" data-e-type=\"widget\" data-widget_type=\"icon-list.default\">\n\t\t\t\t\t\t\t<ul class=\"elementor-icon-list-items\">\n\t\t\t\t\t\t\t<li class=\"elementor-icon-list-item\">\n\t\t\t\t\t\t\t\t\t\t\t<span class=\"elementor-icon-list-icon\">\n\t\t\t\t\t\t\t<i aria-hidden=\"true\" class=\"fas fa-circle\"><\/i>\t\t\t\t\t\t<\/span>\n\t\t\t\t\t\t\t\t\t\t<span class=\"elementor-icon-list-text\">Gebogene Klinge f\u00fcr bessere Ergebnisse<\/span>\n\t\t\t\t\t\t\t\t\t<\/li>\n\t\t\t\t\t\t\t\t<li class=\"elementor-icon-list-item\">\n\t\t\t\t\t\t\t\t\t\t\t<span class=\"elementor-icon-list-icon\">\n\t\t\t\t\t\t\t<i aria-hidden=\"true\" class=\"fas fa-circle\"><\/i>\t\t\t\t\t\t<\/span>\n\t\t\t\t\t\t\t\t\t\t<span class=\"elementor-icon-list-text\">Hochleistungs-Edelstahlklingen verhindern eine Klingentrennung<\/span>\n\t\t\t\t\t\t\t\t\t<\/li>\n\t\t\t\t\t\t\t\t<li class=\"elementor-icon-list-item\">\n\t\t\t\t\t\t\t\t\t\t\t<span class=\"elementor-icon-list-icon\">\n\t\t\t\t\t\t\t<i aria-hidden=\"true\" class=\"fas fa-circle\"><\/i>\t\t\t\t\t\t<\/span>\n\t\t\t\t\t\t\t\t\t\t<span class=\"elementor-icon-list-text\">Ergonomische Softgrip-Griff auch f\u00fcr Arbeiten mit Handschuhe geeignet<\/span>\n\t\t\t\t\t\t\t\t\t<\/li>\n\t\t\t\t\t\t\t\t<li class=\"elementor-icon-list-item\">\n\t\t\t\t\t\t\t\t\t\t\t<span class=\"elementor-icon-list-icon\">\n\t\t\t\t\t\t\t<i aria-hidden=\"true\" class=\"fas fa-circle\"><\/i>\t\t\t\t\t\t<\/span>\n\t\t\t\t\t\t\t\t\t\t<span class=\"elementor-icon-list-text\">Sehr effektives und schnelles Abdichten von Wassereinbr\u00fcchen<\/span>\n\t\t\t\t\t\t\t\t\t<\/li>\n\t\t\t\t\t\t<\/ul>\n\t\t\t\t\t\t<\/div>\n\t\t\t\t<\/div>\n\t\t<div class=\"elementor-element elementor-element-f2de04c e-con-full e-flex elementor-invisible e-con e-child\" data-id=\"f2de04c\" data-element_type=\"container\" data-e-type=\"container\" data-settings=\"{&quot;animation&quot;:&quot;fadeIn&quot;,&quot;animation_delay&quot;:200}\">\n\t\t\t\t<div class=\"elementor-element elementor-element-0aa04a8 elementor-widget elementor-widget-heading\" data-id=\"0aa04a8\" data-element_type=\"widget\" data-e-type=\"widget\" data-widget_type=\"heading.default\">\n\t\t\t\t\t<h4 class=\"elementor-heading-title elementor-size-default\">Besonderheiten<\/h4>\t\t\t\t<\/div>\n\t\t\t\t<div class=\"elementor-element elementor-element-5879e14 elementor-icon-list--layout-traditional elementor-list-item-link-full_width elementor-widget elementor-widget-icon-list\" data-id=\"5879e14\" data-element_type=\"widget\" data-e-type=\"widget\" data-widget_type=\"icon-list.default\">\n\t\t\t\t\t\t\t<ul class=\"elementor-icon-list-items\">\n\t\t\t\t\t\t\t<li class=\"elementor-icon-list-item\">\n\t\t\t\t\t\t\t\t\t\t\t<span class=\"elementor-icon-list-icon\">\n\t\t\t\t\t\t\t<i aria-hidden=\"true\" class=\"fas fa-check\"><\/i>\t\t\t\t\t\t<\/span>\n\t\t\t\t\t\t\t\t\t\t<span class=\"elementor-icon-list-text\">Leichtes Durchschneiden von Glasfasermatten<\/span>\n\t\t\t\t\t\t\t\t\t<\/li>\n\t\t\t\t\t\t\t\t<li class=\"elementor-icon-list-item\">\n\t\t\t\t\t\t\t\t\t\t\t<span class=\"elementor-icon-list-icon\">\n\t\t\t\t\t\t\t<i aria-hidden=\"true\" class=\"fas fa-check\"><\/i>\t\t\t\t\t\t<\/span>\n\t\t\t\t\t\t\t\t\t\t<span class=\"elementor-icon-list-text\">Sehr robust und haltbar<\/span>\n\t\t\t\t\t\t\t\t\t<\/li>\n\t\t\t\t\t\t<\/ul>\n\t\t\t\t\t\t<\/div>\n\t\t<div class=\"elementor-element elementor-element-3ba102d e-con-full e-flex elementor-invisible e-con e-child\" data-id=\"3ba102d\" data-element_type=\"container\" data-e-type=\"container\" data-settings=\"{&quot;animation&quot;:&quot;fadeIn&quot;,&quot;animation_delay&quot;:500,&quot;background_background&quot;:&quot;classic&quot;}\">\n\t\t\t\t<div class=\"elementor-element elementor-element-d0a67d6 elementor-widget elementor-widget-image\" data-id=\"d0a67d6\" data-element_type=\"widget\" data-e-type=\"widget\" data-widget_type=\"image.default\">\n\t\t\t\t\t\t\t\t\t\t\t\t\t\t\t<img fetchpriority=\"high\" decoding=\"async\" width=\"1366\" height=\"584\" src=\"https:\/\/www.hermes-technologie.de\/wp-content\/uploads\/2026\/01\/Glasfaserschere.webp\" class=\"elementor-animation-grow attachment-full size-full wp-image-10167\" alt=\"Glasfaserschere\" srcset=\"https:\/\/www.hermes-technologie.de\/wp-content\/uploads\/2026\/01\/Glasfaserschere.webp 1366w, https:\/\/www.hermes-technologie.de\/wp-content\/uploads\/2026\/01\/Glasfaserschere-300x128.webp 300w, https:\/\/www.hermes-technologie.de\/wp-content\/uploads\/2026\/01\/Glasfaserschere-1024x438.webp 1024w, https:\/\/www.hermes-technologie.de\/wp-content\/uploads\/2026\/01\/Glasfaserschere-768x328.webp 768w, https:\/\/www.hermes-technologie.de\/wp-content\/uploads\/2026\/01\/Glasfaserschere-18x8.webp 18w\" sizes=\"(max-width: 1366px) 100vw, 1366px\" \/>\t\t\t\t\t\t\t\t\t\t\t\t\t\t\t<\/div>\n\t\t\t\t<div class=\"elementor-element elementor-element-f4ed6a3 elementor-align-center elementor-invisible elementor-widget elementor-widget-button\" data-id=\"f4ed6a3\" data-element_type=\"widget\" data-e-type=\"widget\" data-settings=\"{&quot;_animation&quot;:&quot;fadeIn&quot;,&quot;_animation_delay&quot;:600}\" data-widget_type=\"button.default\">\n\t\t\t\t\t\t\t\t\t\t<a class=\"elementor-button elementor-button-link elementor-size-sm\" href=\"#\">\n\t\t\t\t\t\t<span class=\"elementor-button-content-wrapper\">\n\t\t\t\t\t\t<span class=\"elementor-button-icon\">\n\t\t\t\t<i aria-hidden=\"true\" class=\"icon icon-right-arrow\"><\/i>\t\t\t<\/span>\n\t\t\t\t\t\t\t\t\t<span class=\"elementor-button-text\">Zum Harz-Finder<\/span>\n\t\t\t\t\t<\/span>\n\t\t\t\t\t<\/a>\n\t\t\t\t\t\t\t\t<\/div>\n\t\t\t\t<\/div>\n\t\t\t\t<\/div>\n\t\t\t\t\t<\/div>\n\t\t\t\t<\/div>\n\t\t<div class=\"elementor-element elementor-element-0d8ba2a e-flex e-con-boxed e-con e-parent\" data-id=\"0d8ba2a\" data-element_type=\"container\" data-e-type=\"container\">\n\t\t\t\t\t<div class=\"e-con-inner\">\n\t\t\t\t<div class=\"elementor-element elementor-element-d832eb0 elementor-widget__width-inherit elementor-invisible elementor-widget elementor-widget-text-editor\" data-id=\"d832eb0\" data-element_type=\"widget\" data-e-type=\"widget\" data-settings=\"{&quot;_animation&quot;:&quot;fadeIn&quot;}\" data-widget_type=\"text-editor.default\">\n\t\t\t\t\t\t\t\t\t<p>PAssende produkte<\/p>\t\t\t\t\t\t\t\t<\/div>\n\t\t\t\t<div class=\"elementor-element elementor-element-699c737 elementor-arrows-position-outside elementor-widget elementor-widget-n-carousel\" data-id=\"699c737\" data-element_type=\"widget\" data-e-type=\"widget\" data-settings=\"{&quot;carousel_items&quot;:[{&quot;slide_title&quot;:&quot;Slide #2&quot;,&quot;_id&quot;:&quot;26256f9&quot;},{&quot;slide_title&quot;:&quot;Slide #3&quot;,&quot;_id&quot;:&quot;e46cebf&quot;},{&quot;slide_title&quot;:&quot;Slide #3&quot;,&quot;_id&quot;:&quot;ef4dc31&quot;},{&quot;slide_title&quot;:&quot;Slide #3&quot;,&quot;_id&quot;:&quot;d95df18&quot;}],&quot;slides_to_show&quot;:&quot;3&quot;,&quot;autoplay_speed&quot;:4000,&quot;speed&quot;:400,&quot;image_spacing_custom&quot;:{&quot;unit&quot;:&quot;px&quot;,&quot;size&quot;:22,&quot;sizes&quot;:[]},&quot;slides_to_show_tablet&quot;:&quot;2&quot;,&quot;slides_to_show_mobile&quot;:&quot;1&quot;,&quot;autoplay&quot;:&quot;yes&quot;,&quot;pause_on_hover&quot;:&quot;yes&quot;,&quot;pause_on_interaction&quot;:&quot;yes&quot;,&quot;infinite&quot;:&quot;yes&quot;,&quot;offset_sides&quot;:&quot;none&quot;,&quot;arrows&quot;:&quot;yes&quot;,&quot;image_spacing_custom_tablet&quot;:{&quot;unit&quot;:&quot;px&quot;,&quot;size&quot;:&quot;&quot;,&quot;sizes&quot;:[]},&quot;image_spacing_custom_mobile&quot;:{&quot;unit&quot;:&quot;px&quot;,&quot;size&quot;:&quot;&quot;,&quot;sizes&quot;:[]}}\" data-widget_type=\"nested-carousel.default\">\n\t\t\t\t\t\t\t<div class=\"e-n-carousel swiper\" role=\"region\" aria-roledescription=\"carousel\" aria-label=\"Karussell\" dir=\"ltr\">\n\t\t\t<div class=\"swiper-wrapper\" aria-live=\"off\">\n\t\t\t\t\t\t\t\t\t\t<div class=\"swiper-slide\" data-slide=\"1\" role=\"group\" aria-roledescription=\"slide\" aria-label=\"1 sur 4\">\n\t\t\t\t\t\t\t<div class=\"elementor-element elementor-element-f0e1448 e-flex e-con-boxed e-con e-child\" data-id=\"f0e1448\" data-element_type=\"container\" data-e-type=\"container\">\n\t\t\t\t\t<div class=\"e-con-inner\">\n\t\t\t\t<div class=\"elementor-element elementor-element-cadbae4 elementor-widget elementor-widget-image\" data-id=\"cadbae4\" data-element_type=\"widget\" data-e-type=\"widget\" data-widget_type=\"image.default\">\n\t\t\t\t\t\t\t\t\t\t\t\t\t\t\t\t<a href=\"\/Ortslaminat-HermesConnect-3C\/\">\n\t\t\t\t\t\t\t<img decoding=\"async\" width=\"700\" height=\"700\" src=\"https:\/\/www.hermes-technologie.de\/wp-content\/uploads\/2025\/04\/Hermes_Connect_3C.webp\" class=\"attachment-full size-full wp-image-2758\" alt=\"\" srcset=\"https:\/\/www.hermes-technologie.de\/wp-content\/uploads\/2025\/04\/Hermes_Connect_3C.webp 700w, https:\/\/www.hermes-technologie.de\/wp-content\/uploads\/2025\/04\/Hermes_Connect_3C-300x300.webp 300w, https:\/\/www.hermes-technologie.de\/wp-content\/uploads\/2025\/04\/Hermes_Connect_3C-150x150.webp 150w, https:\/\/www.hermes-technologie.de\/wp-content\/uploads\/2025\/04\/Hermes_Connect_3C-12x12.webp 12w\" sizes=\"(max-width: 700px) 100vw, 700px\" \/>\t\t\t\t\t\t\t\t<\/a>\n\t\t\t\t\t\t\t\t\t\t\t\t\t\t\t<\/div>\n\t\t\t\t<div class=\"elementor-element elementor-element-0ddac13 elementor-widget elementor-widget-heading\" data-id=\"0ddac13\" data-element_type=\"widget\" data-e-type=\"widget\" data-widget_type=\"heading.default\">\n\t\t\t\t\t<h4 class=\"elementor-heading-title elementor-size-default\"><a href=\"\/Ortslaminat-HermesConnect-3C\/\">Ortslaminat HermesConnect-3C<\/a><\/h4>\t\t\t\t<\/div>\n\t\t\t\t\t<\/div>\n\t\t\t\t<\/div>\n\t\t\t\t\t\t\t\t<\/div>\n\t\t\t\t\t\t\t\t\t\t\t<div class=\"swiper-slide\" data-slide=\"2\" role=\"group\" aria-roledescription=\"slide\" aria-label=\"2 sur 4\">\n\t\t\t\t\t\t\t<div class=\"elementor-element elementor-element-0c9476c e-flex e-con-boxed e-con e-child\" data-id=\"0c9476c\" data-element_type=\"container\" data-e-type=\"container\">\n\t\t\t\t\t<div class=\"e-con-inner\">\n\t\t\t\t<div class=\"elementor-element elementor-element-3712e26 elementor-widget elementor-widget-image\" data-id=\"3712e26\" data-element_type=\"widget\" data-e-type=\"widget\" data-widget_type=\"image.default\">\n\t\t\t\t\t\t\t\t\t\t\t\t\t\t\t\t<a href=\"\/Stahlschlagpacker-fuer-Harze\/\">\n\t\t\t\t\t\t\t<img decoding=\"async\" width=\"700\" height=\"700\" src=\"https:\/\/www.hermes-technologie.de\/wp-content\/uploads\/2025\/04\/Hermes_Connect_3C.webp\" class=\"attachment-full size-full wp-image-2758\" alt=\"\" srcset=\"https:\/\/www.hermes-technologie.de\/wp-content\/uploads\/2025\/04\/Hermes_Connect_3C.webp 700w, https:\/\/www.hermes-technologie.de\/wp-content\/uploads\/2025\/04\/Hermes_Connect_3C-300x300.webp 300w, https:\/\/www.hermes-technologie.de\/wp-content\/uploads\/2025\/04\/Hermes_Connect_3C-150x150.webp 150w, https:\/\/www.hermes-technologie.de\/wp-content\/uploads\/2025\/04\/Hermes_Connect_3C-12x12.webp 12w\" sizes=\"(max-width: 700px) 100vw, 700px\" \/>\t\t\t\t\t\t\t\t<\/a>\n\t\t\t\t\t\t\t\t\t\t\t\t\t\t\t<\/div>\n\t\t\t\t<div class=\"elementor-element elementor-element-53b380d elementor-widget elementor-widget-heading\" data-id=\"53b380d\" data-element_type=\"widget\" data-e-type=\"widget\" data-widget_type=\"heading.default\">\n\t\t\t\t\t<h4 class=\"elementor-heading-title elementor-size-default\"><a href=\"\/Kurzlinerharz-HermesLiner-SR\/\">Kurzlinerharz HermesLiner SR<\/a><\/h4>\t\t\t\t<\/div>\n\t\t\t\t\t<\/div>\n\t\t\t\t<\/div>\n\t\t\t\t\t\t\t\t<\/div>\n\t\t\t\t\t\t\t\t\t\t\t<div class=\"swiper-slide\" data-slide=\"3\" role=\"group\" aria-roledescription=\"slide\" aria-label=\"3 sur 4\">\n\t\t\t\t\t\t\t<div class=\"elementor-element elementor-element-4921084 e-flex e-con-boxed e-con e-child\" data-id=\"4921084\" data-element_type=\"container\" data-e-type=\"container\">\n\t\t\t\t\t<div class=\"e-con-inner\">\n\t\t\t\t<div class=\"elementor-element elementor-element-ed8e1c4 elementor-widget elementor-widget-image\" data-id=\"ed8e1c4\" data-element_type=\"widget\" data-e-type=\"widget\" data-widget_type=\"image.default\">\n\t\t\t\t\t\t\t\t\t\t\t\t\t\t\t\t<a href=\"\/Kurzlinerharz-HermesLiner-SR\/\">\n\t\t\t\t\t\t\t<img decoding=\"async\" width=\"700\" height=\"700\" src=\"https:\/\/www.hermes-technologie.de\/wp-content\/uploads\/2025\/04\/ECR_Laminiermatte.webp\" class=\"attachment-full size-full wp-image-2757\" alt=\"\" srcset=\"https:\/\/www.hermes-technologie.de\/wp-content\/uploads\/2025\/04\/ECR_Laminiermatte.webp 700w, https:\/\/www.hermes-technologie.de\/wp-content\/uploads\/2025\/04\/ECR_Laminiermatte-300x300.webp 300w, https:\/\/www.hermes-technologie.de\/wp-content\/uploads\/2025\/04\/ECR_Laminiermatte-150x150.webp 150w, https:\/\/www.hermes-technologie.de\/wp-content\/uploads\/2025\/04\/ECR_Laminiermatte-12x12.webp 12w\" sizes=\"(max-width: 700px) 100vw, 700px\" \/>\t\t\t\t\t\t\t\t<\/a>\n\t\t\t\t\t\t\t\t\t\t\t\t\t\t\t<\/div>\n\t\t\t\t<div class=\"elementor-element elementor-element-531fd3e elementor-widget elementor-widget-heading\" data-id=\"531fd3e\" data-element_type=\"widget\" data-e-type=\"widget\" data-widget_type=\"heading.default\">\n\t\t\t\t\t<h4 class=\"elementor-heading-title elementor-size-default\"><a href=\"\/ECR-Glasfasermatten-fuer-Kurzliner\/\">ECR-Glasfasermatten f\u00fcr Kurzliner<\/a><\/h4>\t\t\t\t<\/div>\n\t\t\t\t\t<\/div>\n\t\t\t\t<\/div>\n\t\t\t\t\t\t\t\t<\/div>\n\t\t\t\t\t\t\t\t\t\t\t<div class=\"swiper-slide\" data-slide=\"4\" role=\"group\" aria-roledescription=\"slide\" aria-label=\"4 sur 4\">\n\t\t\t\t\t\t\t<div class=\"elementor-element elementor-element-cf42286 e-flex e-con-boxed e-con e-child\" data-id=\"cf42286\" data-element_type=\"container\" data-e-type=\"container\">\n\t\t\t\t\t<div class=\"e-con-inner\">\n\t\t\t\t<div class=\"elementor-element elementor-element-18d8b1e elementor-widget elementor-widget-image\" data-id=\"18d8b1e\" data-element_type=\"widget\" data-e-type=\"widget\" data-widget_type=\"image.default\">\n\t\t\t\t\t\t\t\t\t\t\t\t\t\t\t\t<a href=\"\/ECR-Laminiermatte-fuer-Ortslaminat\/\">\n\t\t\t\t\t\t\t<img decoding=\"async\" width=\"700\" height=\"700\" src=\"https:\/\/www.hermes-technologie.de\/wp-content\/uploads\/2025\/04\/ECR_Laminiermatte.webp\" class=\"attachment-full size-full wp-image-2757\" alt=\"\" srcset=\"https:\/\/www.hermes-technologie.de\/wp-content\/uploads\/2025\/04\/ECR_Laminiermatte.webp 700w, https:\/\/www.hermes-technologie.de\/wp-content\/uploads\/2025\/04\/ECR_Laminiermatte-300x300.webp 300w, https:\/\/www.hermes-technologie.de\/wp-content\/uploads\/2025\/04\/ECR_Laminiermatte-150x150.webp 150w, https:\/\/www.hermes-technologie.de\/wp-content\/uploads\/2025\/04\/ECR_Laminiermatte-12x12.webp 12w\" sizes=\"(max-width: 700px) 100vw, 700px\" \/>\t\t\t\t\t\t\t\t<\/a>\n\t\t\t\t\t\t\t\t\t\t\t\t\t\t\t<\/div>\n\t\t\t\t<div class=\"elementor-element elementor-element-4b73bd3 elementor-widget elementor-widget-heading\" data-id=\"4b73bd3\" data-element_type=\"widget\" data-e-type=\"widget\" data-widget_type=\"heading.default\">\n\t\t\t\t\t<h4 class=\"elementor-heading-title elementor-size-default\"><a href=\"\/ECR-Laminiermatte-fuer-Ortslaminat\/\">ECR-Laminiermatte f\u00fcr Ortslaminat<\/a><\/h4>\t\t\t\t<\/div>\n\t\t\t\t\t<\/div>\n\t\t\t\t<\/div>\n\t\t\t\t\t\t\t\t<\/div>\n\t\t\t\t\t\t\t\t<\/div>\n\t\t<\/div>\n\t\t\t\t\t<div class=\"elementor-swiper-button elementor-swiper-button-prev\" role=\"button\" tabindex=\"0\" aria-label=\"Pr\u00e9c\u00e9dent\">\n\t\t\t\t<i aria-hidden=\"true\" class=\"eicon-chevron-left\"><\/i>\t\t\t<\/div>\n\t\t\t<div class=\"elementor-swiper-button elementor-swiper-button-next\" role=\"button\" tabindex=\"0\" aria-label=\"Suivant\">\n\t\t\t\t<i aria-hidden=\"true\" class=\"eicon-chevron-right\"><\/i>\t\t\t<\/div>\n\t\t\t\t\t\t<\/div>\n\t\t\t\t\t<\/div>\n\t\t\t\t<\/div>\n\t\t\t\t<\/div>\n\t\t","protected":false},"excerpt":{"rendered":"<p>Glasfaserschere Art. Nr.: HTD-92021 Schere zum konfektionieren von Glasfasermatten Weitere Eigenschaften Eine herk\u00f6mmliche Schere wird beim Schneiden von Glasfasermatten sehr schnell stumpf und liefert nicht die gew\u00fcnschte Pr\u00e4zision. Die gezackte Schneide, der verl\u00e4ngerte Schaft und die verschraubte Verbindung verbessern die Kontrolle und Haltbarkeit, w\u00e4hrend der gro\u00dfe, ergonomische Softgrip-Griff auch f\u00fcr die Arbeit mit Handschuhen geeignet [&hellip;]<\/p>\n","protected":false},"author":3,"featured_media":0,"parent":0,"menu_order":0,"comment_status":"closed","ping_status":"closed","template":"","meta":{"footnotes":""},"class_list":["post-10150","page","type-page","status-publish","hentry"],"_links":{"self":[{"href":"https:\/\/www.hermes-technologie.de\/fr\/wp-json\/wp\/v2\/pages\/10150","targetHints":{"allow":["GET"]}}],"collection":[{"href":"https:\/\/www.hermes-technologie.de\/fr\/wp-json\/wp\/v2\/pages"}],"about":[{"href":"https:\/\/www.hermes-technologie.de\/fr\/wp-json\/wp\/v2\/types\/page"}],"author":[{"embeddable":true,"href":"https:\/\/www.hermes-technologie.de\/fr\/wp-json\/wp\/v2\/users\/3"}],"replies":[{"embeddable":true,"href":"https:\/\/www.hermes-technologie.de\/fr\/wp-json\/wp\/v2\/comments?post=10150"}],"version-history":[{"count":31,"href":"https:\/\/www.hermes-technologie.de\/fr\/wp-json\/wp\/v2\/pages\/10150\/revisions"}],"predecessor-version":[{"id":10182,"href":"https:\/\/www.hermes-technologie.de\/fr\/wp-json\/wp\/v2\/pages\/10150\/revisions\/10182"}],"wp:attachment":[{"href":"https:\/\/www.hermes-technologie.de\/fr\/wp-json\/wp\/v2\/media?parent=10150"}],"curies":[{"name":"wp","href":"https:\/\/api.w.org\/{rel}","templated":true}]}}