{"id":2181,"date":"2025-03-25T15:04:06","date_gmt":"2025-03-25T14:04:06","guid":{"rendered":"https:\/\/www.hermes-technologie.de\/?page_id=2181"},"modified":"2026-01-29T09:28:46","modified_gmt":"2026-01-29T08:28:46","slug":"pompes-a-injection","status":"publish","type":"page","link":"https:\/\/www.hermes-technologie.de\/fr\/injektionspumpen\/","title":{"rendered":"Pompes \u00e0 injection"},"content":{"rendered":"<div data-elementor-type=\"wp-page\" data-elementor-id=\"2181\" class=\"elementor elementor-2181\" data-elementor-post-type=\"page\">\n\t\t\t\t<div class=\"elementor-element elementor-element-d5a6e9c e-con-full e-flex e-con e-parent\" data-id=\"d5a6e9c\" data-element_type=\"container\" data-e-type=\"container\">\n\t\t<div class=\"elementor-element elementor-element-2ee4119 e-con-full e-flex e-con e-child\" data-id=\"2ee4119\" data-element_type=\"container\" data-e-type=\"container\">\n\t\t<div class=\"elementor-element elementor-element-6298333 e-con-full e-flex e-con e-child\" data-id=\"6298333\" data-element_type=\"container\" data-e-type=\"container\">\n\t\t\t\t<div class=\"elementor-element elementor-element-dc31252 elementor-widget__width-initial elementor-invisible elementor-widget elementor-widget-heading\" data-id=\"dc31252\" data-element_type=\"widget\" data-e-type=\"widget\" data-settings=\"{&quot;_animation&quot;:&quot;fadeIn&quot;,&quot;_animation_delay&quot;:200}\" data-widget_type=\"heading.default\">\n\t\t\t\t\t<h1 class=\"elementor-heading-title elementor-size-default\">Pompes \u00e0 injection<\/h1>\t\t\t\t<\/div>\n\t\t\t\t<\/div>\n\t\t\t\t<\/div>\n\t\t<div class=\"elementor-element elementor-element-f542e69 e-con-full e-grid e-con e-child\" data-id=\"f542e69\" data-element_type=\"container\" data-e-type=\"container\">\n\t\t<div class=\"elementor-element elementor-element-8167095 e-con-full e-flex elementor-invisible e-con e-child\" data-id=\"8167095\" data-element_type=\"container\" data-e-type=\"container\" data-settings=\"{&quot;animation&quot;:&quot;fadeIn&quot;,&quot;animation_delay&quot;:400}\">\n\t\t\t\t<div class=\"elementor-element elementor-element-707d780 elementor-widget elementor-widget-image\" data-id=\"707d780\" data-element_type=\"widget\" data-e-type=\"widget\" data-widget_type=\"image.default\">\n\t\t\t\t\t\t\t\t\t\t\t\t\t\t\t\t<a href=\"\/fr\/pompes-dinjection-a-aspiration-1k\/\">\n\t\t\t\t\t\t\t<img fetchpriority=\"high\" decoding=\"async\" width=\"500\" height=\"500\" src=\"https:\/\/www.hermes-technologie.de\/wp-content\/uploads\/2025\/03\/0101_injektionspumpe_ansaugpumpe_produktbild.webp\" class=\"elementor-animation-grow attachment-full size-full wp-image-2201\" alt=\"pompe d&#039;injection_amor\u00e7age\" srcset=\"https:\/\/www.hermes-technologie.de\/wp-content\/uploads\/2025\/03\/0101_injektionspumpe_ansaugpumpe_produktbild.webp 500w, https:\/\/www.hermes-technologie.de\/wp-content\/uploads\/2025\/03\/0101_injektionspumpe_ansaugpumpe_produktbild-300x300.webp 300w, https:\/\/www.hermes-technologie.de\/wp-content\/uploads\/2025\/03\/0101_injektionspumpe_ansaugpumpe_produktbild-150x150.webp 150w, https:\/\/www.hermes-technologie.de\/wp-content\/uploads\/2025\/03\/0101_injektionspumpe_ansaugpumpe_produktbild-12x12.webp 12w\" sizes=\"(max-width: 500px) 100vw, 500px\" \/>\t\t\t\t\t\t\t\t<\/a>\n\t\t\t\t\t\t\t\t\t\t\t\t\t\t\t<\/div>\n\t\t<div class=\"elementor-element elementor-element-6a2aa73 e-con-full e-flex e-con e-child\" data-id=\"6a2aa73\" data-element_type=\"container\" data-e-type=\"container\">\n\t\t<div class=\"elementor-element elementor-element-1992460 e-con-full e-flex e-con e-child\" data-id=\"1992460\" data-element_type=\"container\" data-e-type=\"container\">\n\t\t\t\t<div class=\"elementor-element elementor-element-618e502 elementor-widget elementor-widget-heading\" data-id=\"618e502\" data-element_type=\"widget\" data-e-type=\"widget\" data-widget_type=\"heading.default\">\n\t\t\t\t\t<h2 class=\"elementor-heading-title elementor-size-default\"><a href=\"\/fr\/pompes-dinjection-a-aspiration-1k\/\">Pompes d'injection \u00e0 aspiration 1K<\/a><\/h2>\t\t\t\t<\/div>\n\t\t\t\t<div class=\"elementor-element elementor-element-4d9b80c elementor-widget elementor-widget-text-editor\" data-id=\"4d9b80c\" data-element_type=\"widget\" data-e-type=\"widget\" data-widget_type=\"text-editor.default\">\n\t\t\t\t\t\t\t\t\t<p><strong>Pompe \u00e0 piston d'injection<\/strong><\/p><p>... Pompe \u00e0 piston d'injection pour r\u00e9sines monocomposantes HERMES 1K SPUR<\/p>\t\t\t\t\t\t\t\t<\/div>\n\t\t\t\t<\/div>\n\t\t\t\t<\/div>\n\t\t\t\t<\/div>\n\t\t<div class=\"elementor-element elementor-element-cfad583 e-con-full e-flex elementor-invisible e-con e-child\" data-id=\"cfad583\" data-element_type=\"container\" data-e-type=\"container\" data-settings=\"{&quot;animation&quot;:&quot;fadeIn&quot;,&quot;animation_delay&quot;:400}\">\n\t\t\t\t<div class=\"elementor-element elementor-element-607f8e3 elementor-widget elementor-widget-image\" data-id=\"607f8e3\" data-element_type=\"widget\" data-e-type=\"widget\" data-widget_type=\"image.default\">\n\t\t\t\t\t\t\t\t\t\t\t\t\t\t\t\t<a href=\"\/fr\/pompes-dinjection-a-entonnoir-1k\/\">\n\t\t\t\t\t\t\t<img decoding=\"async\" width=\"387\" height=\"601\" src=\"https:\/\/www.hermes-technologie.de\/wp-content\/uploads\/2025\/03\/0102_injektionspumpe_trichter_produktbild_freigestellt.webp\" class=\"elementor-animation-grow attachment-full size-full wp-image-2208\" alt=\"\" srcset=\"https:\/\/www.hermes-technologie.de\/wp-content\/uploads\/2025\/03\/0102_injektionspumpe_trichter_produktbild_freigestellt.webp 387w, https:\/\/www.hermes-technologie.de\/wp-content\/uploads\/2025\/03\/0102_injektionspumpe_trichter_produktbild_freigestellt-193x300.webp 193w, https:\/\/www.hermes-technologie.de\/wp-content\/uploads\/2025\/03\/0102_injektionspumpe_trichter_produktbild_freigestellt-8x12.webp 8w\" sizes=\"(max-width: 387px) 100vw, 387px\" \/>\t\t\t\t\t\t\t\t<\/a>\n\t\t\t\t\t\t\t\t\t\t\t\t\t\t\t<\/div>\n\t\t<div class=\"elementor-element elementor-element-696e058 e-con-full e-flex e-con e-child\" data-id=\"696e058\" data-element_type=\"container\" data-e-type=\"container\">\n\t\t<div class=\"elementor-element elementor-element-cd5c5b8 e-con-full e-flex e-con e-child\" data-id=\"cd5c5b8\" data-element_type=\"container\" data-e-type=\"container\">\n\t\t\t\t<div class=\"elementor-element elementor-element-97c69c6 elementor-widget elementor-widget-heading\" data-id=\"97c69c6\" data-element_type=\"widget\" data-e-type=\"widget\" data-widget_type=\"heading.default\">\n\t\t\t\t\t<h2 class=\"elementor-heading-title elementor-size-default\"><a href=\"\/fr\/pompes-dinjection-a-entonnoir-1k\/\">Pompes d'injection \u00e0 entonnoir 1K<\/a><\/h2>\t\t\t\t<\/div>\n\t\t\t\t<div class=\"elementor-element elementor-element-50cddc1 elementor-widget elementor-widget-text-editor\" data-id=\"50cddc1\" data-element_type=\"widget\" data-e-type=\"widget\" data-widget_type=\"text-editor.default\">\n\t\t\t\t\t\t\t\t\t<div class=\"elementor-element elementor-element-ffa4475 ob-has-background-overlay elementor-widget elementor-widget-jet-listing-dynamic-field\" data-id=\"ffa4475\" data-element_type=\"widget\" data-settings=\"{&quot;_ob_perspektive_use&quot;:&quot;no&quot;,&quot;_ob_poopart_use&quot;:&quot;yes&quot;,&quot;_ob_allow_hoveranimator&quot;:&quot;no&quot;,&quot;_ob_widget_stalker_use&quot;:&quot;no&quot;}\" data-widget_type=\"jet-listing-dynamic-field.default\"><p><strong style=\"font-family: -apple-system, BlinkMacSystemFont, 'Segoe UI', Roboto, 'Helvetica Neue', Arial, 'Noto Sans', sans-serif, 'Apple Color Emoji', 'Segoe UI Emoji', 'Segoe UI Symbol', 'Noto Color Emoji';\"><span class=\"jet-listing-dynamic-field__content\">Pompe \u00e0 piston d'injection<\/span><\/strong><\/p><p><span style=\"font-family: -apple-system, BlinkMacSystemFont, 'Segoe UI', Roboto, 'Helvetica Neue', Arial, 'Noto Sans', sans-serif, 'Apple Color Emoji', 'Segoe UI Emoji', 'Segoe UI Symbol', 'Noto Color Emoji';\">... Pompe \u00e0 piston d'injection pour r\u00e9sines monocomposantes HERMES 1K SPUR<\/span><\/p><\/div>\t\t\t\t\t\t\t\t<\/div>\n\t\t\t\t<\/div>\n\t\t\t\t<\/div>\n\t\t\t\t<\/div>\n\t\t<div class=\"elementor-element elementor-element-c60b060 e-con-full e-flex elementor-invisible e-con e-child\" data-id=\"c60b060\" data-element_type=\"container\" data-e-type=\"container\" data-settings=\"{&quot;animation&quot;:&quot;fadeIn&quot;,&quot;animation_delay&quot;:400}\">\n\t\t\t\t<div class=\"elementor-element elementor-element-6182f3e elementor-widget elementor-widget-image\" data-id=\"6182f3e\" data-element_type=\"widget\" data-e-type=\"widget\" data-widget_type=\"image.default\">\n\t\t\t\t\t\t\t\t\t\t\t\t\t\t\t\t<a href=\"\/fr\/pompes-dinjection-2k\/\">\n\t\t\t\t\t\t\t<img decoding=\"async\" width=\"500\" height=\"500\" src=\"https:\/\/www.hermes-technologie.de\/wp-content\/uploads\/2025\/03\/0201_pneumatische_pumpe_produktbild.webp\" class=\"elementor-animation-grow attachment-full size-full wp-image-2212\" alt=\"pompe_pneumatique_image_produit\" srcset=\"https:\/\/www.hermes-technologie.de\/wp-content\/uploads\/2025\/03\/0201_pneumatische_pumpe_produktbild.webp 500w, https:\/\/www.hermes-technologie.de\/wp-content\/uploads\/2025\/03\/0201_pneumatische_pumpe_produktbild-300x300.webp 300w, https:\/\/www.hermes-technologie.de\/wp-content\/uploads\/2025\/03\/0201_pneumatische_pumpe_produktbild-150x150.webp 150w, https:\/\/www.hermes-technologie.de\/wp-content\/uploads\/2025\/03\/0201_pneumatische_pumpe_produktbild-12x12.webp 12w\" sizes=\"(max-width: 500px) 100vw, 500px\" \/>\t\t\t\t\t\t\t\t<\/a>\n\t\t\t\t\t\t\t\t\t\t\t\t\t\t\t<\/div>\n\t\t<div class=\"elementor-element elementor-element-231d730 e-con-full e-flex e-con e-child\" data-id=\"231d730\" data-element_type=\"container\" data-e-type=\"container\">\n\t\t<div class=\"elementor-element elementor-element-7d75107 e-con-full e-flex e-con e-child\" data-id=\"7d75107\" data-element_type=\"container\" data-e-type=\"container\">\n\t\t\t\t<div class=\"elementor-element elementor-element-b49a1dd elementor-widget elementor-widget-heading\" data-id=\"b49a1dd\" data-element_type=\"widget\" data-e-type=\"widget\" data-widget_type=\"heading.default\">\n\t\t\t\t\t<h2 class=\"elementor-heading-title elementor-size-default\"><a href=\"\/fr\/pompes-dinjection-2k\/\">Pompes \u00e0 injection 2K<\/a><\/h2>\t\t\t\t<\/div>\n\t\t\t\t<div class=\"elementor-element elementor-element-5192e44 elementor-widget elementor-widget-text-editor\" data-id=\"5192e44\" data-element_type=\"widget\" data-e-type=\"widget\" data-widget_type=\"text-editor.default\">\n\t\t\t\t\t\t\t\t\t<p><strong>Pompe \u00e0 injection \u00e0 double piston<\/strong><\/p><p>... Pompe \u00e0 injection \u00e0 double piston pour les r\u00e9sines bicomposantes HERMES 2K PUR<\/p>\t\t\t\t\t\t\t\t<\/div>\n\t\t\t\t<\/div>\n\t\t\t\t<\/div>\n\t\t\t\t<\/div>\n\t\t\t\t<\/div>\n\t\t\t\t<\/div>\n\t\t\t\t<\/div>","protected":false},"excerpt":{"rendered":"<p>Injektionspumpen 1K Ansaug-Injektionspumpen Injektions-Kolbenpumpe \u2026 Injektions-Kolbenpumpe f\u00fcr einkomponentige HERMES Harze 1K SPUR 1K Trichter-Injektionspumpen Injektions-Kolbenpumpe \u2026 Injektions-Kolbenpumpe f\u00fcr einkomponentige HERMES Harze 1K SPUR 2K Injektionspumpen Injektions-Doppelkolbenpumpe \u2026 Injektions-Doppelkolbenpumpe f\u00fcr zweikomponentige HERMES Harze 2K PUR<\/p>","protected":false},"author":3,"featured_media":0,"parent":0,"menu_order":0,"comment_status":"closed","ping_status":"closed","template":"","meta":{"footnotes":""},"class_list":["post-2181","page","type-page","status-publish","hentry"],"_links":{"self":[{"href":"https:\/\/www.hermes-technologie.de\/fr\/wp-json\/wp\/v2\/pages\/2181","targetHints":{"allow":["GET"]}}],"collection":[{"href":"https:\/\/www.hermes-technologie.de\/fr\/wp-json\/wp\/v2\/pages"}],"about":[{"href":"https:\/\/www.hermes-technologie.de\/fr\/wp-json\/wp\/v2\/types\/page"}],"author":[{"embeddable":true,"href":"https:\/\/www.hermes-technologie.de\/fr\/wp-json\/wp\/v2\/users\/3"}],"replies":[{"embeddable":true,"href":"https:\/\/www.hermes-technologie.de\/fr\/wp-json\/wp\/v2\/comments?post=2181"}],"version-history":[{"count":6,"href":"https:\/\/www.hermes-technologie.de\/fr\/wp-json\/wp\/v2\/pages\/2181\/revisions"}],"predecessor-version":[{"id":10359,"href":"https:\/\/www.hermes-technologie.de\/fr\/wp-json\/wp\/v2\/pages\/2181\/revisions\/10359"}],"wp:attachment":[{"href":"https:\/\/www.hermes-technologie.de\/fr\/wp-json\/wp\/v2\/media?parent=2181"}],"curies":[{"name":"wp","href":"https:\/\/api.w.org\/{rel}","templated":true}]}}