{"id":2726,"date":"2025-04-01T12:02:12","date_gmt":"2025-04-01T10:02:12","guid":{"rendered":"https:\/\/www.hermes-technologie.de\/?page_id=2726"},"modified":"2026-02-11T16:47:12","modified_gmt":"2026-02-11T15:47:12","slug":"pompes-dinjection-2k","status":"publish","type":"page","link":"https:\/\/www.hermes-technologie.de\/fr\/2k-injektionspumpen\/","title":{"rendered":"Pompes \u00e0 injection 2K"},"content":{"rendered":"\t\t<div data-elementor-type=\"wp-page\" data-elementor-id=\"2726\" class=\"elementor elementor-2726\" data-elementor-post-type=\"page\">\n\t\t\t\t<div class=\"elementor-element elementor-element-e7c9874 e-con-full e-flex e-con e-parent\" data-id=\"e7c9874\" data-element_type=\"container\" data-e-type=\"container\" data-settings=\"{&quot;background_background&quot;:&quot;classic&quot;}\">\n\t\t\t\t<\/div>\n\t\t<div class=\"elementor-element elementor-element-78db8b6 e-flex e-con-boxed e-con e-parent\" data-id=\"78db8b6\" data-element_type=\"container\" data-e-type=\"container\">\n\t\t\t\t\t<div class=\"e-con-inner\">\n\t\t<div class=\"elementor-element elementor-element-c7de27e e-con-full e-flex elementor-invisible e-con e-child\" data-id=\"c7de27e\" data-element_type=\"container\" data-e-type=\"container\" data-settings=\"{&quot;animation&quot;:&quot;fadeIn&quot;}\">\n\t\t\t\t<div class=\"elementor-element elementor-element-9b97c91 elementor-widget elementor-widget-heading\" data-id=\"9b97c91\" data-element_type=\"widget\" data-e-type=\"widget\" data-widget_type=\"heading.default\">\n\t\t\t\t\t<h2 class=\"elementor-heading-title elementor-size-default\">Artikelnummer : HTD-91007<\/h2>\t\t\t\t<\/div>\n\t\t\t\t<div class=\"elementor-element elementor-element-6c51bba elementor-widget__width-inherit elementor-invisible elementor-widget elementor-widget-text-editor\" data-id=\"6c51bba\" data-element_type=\"widget\" data-e-type=\"widget\" data-settings=\"{&quot;_animation&quot;:&quot;fadeIn&quot;}\" data-widget_type=\"text-editor.default\">\n\t\t\t\t\t\t\t\t\t<p>2K Injektionspumpen<\/p>\t\t\t\t\t\t\t\t<\/div>\n\t\t\t\t<div class=\"elementor-element elementor-element-7bc1057 elementor-widget elementor-widget-text-editor\" data-id=\"7bc1057\" data-element_type=\"widget\" data-e-type=\"widget\" data-widget_type=\"text-editor.default\">\n\t\t\t\t\t\t\t\t\t<p>Injektions-Doppelkolbenpumpe f\u00fcr zweikomponentige HERMES Harze 2K PUR<\/p>\t\t\t\t\t\t\t\t<\/div>\n\t\t\t\t<div class=\"elementor-element elementor-element-c18c242 elementor-widget elementor-widget-heading\" data-id=\"c18c242\" data-element_type=\"widget\" data-e-type=\"widget\" data-widget_type=\"heading.default\">\n\t\t\t\t\t<h3 class=\"elementor-heading-title elementor-size-default\">Weitere Eigenschaften<\/h3>\t\t\t\t<\/div>\n\t\t\t\t<div class=\"elementor-element elementor-element-4c2dffe elementor-widget elementor-widget-text-editor\" data-id=\"4c2dffe\" data-element_type=\"widget\" data-e-type=\"widget\" data-widget_type=\"text-editor.default\">\n\t\t\t\t\t\t\t\t\t<h6>Pr\u00e4zise Injektionen, Perfekte Ergebnisse \u2013 Unsere Injektions-Doppelkolben-Pumpe 2K f\u00fcr Profis!<\/h6><p>Willkommen zur Zukunft der Injektionstechnologie! Unsere Injektions-Doppelkolben-Pumpe 2K ist speziell entwickelt worden, um mit Zweikomponenten-Polyurethan-Harzen zu arbeiten. Mit einem perfekten Mischverh\u00e4ltnis von 1:1 erm\u00f6glicht diese Pumpe pr\u00e4zise Injektionen f\u00fcr das Abdichten und Verfestigen von Baukonstruktionen und Erden.<\/p><h6>H\u00f6chste Pr\u00e4zision, Ultimative Effizienz: Ihre L\u00f6sung f\u00fcr anspruchsvolle Projekte<\/h6><p>Diese Pumpe wurde entwickelt, um den h\u00f6chsten Anspr\u00fcchen gerecht zu werden. Mit einem Arbeitsdruck von bis zu 250 Bar und einer beeindruckenden Transportleistung von bis zu 1 L\/Min., abh\u00e4ngig von der Material-Viskosit\u00e4t, bietet sie Ihnen die Pr\u00e4zision und Leistung, die Sie ben\u00f6tigen. Verlassen Sie sich auf die Technologie, die Ihre Arbeit einfacher und effizienter macht.<\/p><h6>Vielseitig und Zuverl\u00e4ssig: Perfekt f\u00fcr unterschiedlichste Anwendungen<\/h6><p>Ob es um das Abdichten von Baukonstruktionen oder das Verfestigen von Erden geht, unsere Injektions-Doppelkolben-Pumpe 2K ist vielseitig einsetzbar und zuverl\u00e4ssig. Sie bietet Ihnen die Flexibilit\u00e4t, verschiedene Materialien mit Leichtigkeit zu verarbeiten, und garantiert dabei stets professionelle Ergebnisse.<\/p><h6>Innovative Antriebskraft: Einfache Bedienung, Gro\u00dfe Leistung<\/h6><p>Der Pumpen-Antrieb erfolgt durch eine mitgelieferte Elektro-Bohrmaschine, was die Bedienung besonders einfach macht. Die Kombination aus innovativem Design und kraftvollem Antrieb gew\u00e4hrleistet eine reibungslose und effiziente Arbeitsweise. So k\u00f6nnen Sie sich voll und ganz auf Ihre Projekte konzentrieren, ohne Kompromisse bei der Leistung einzugehen.<\/p>\t\t\t\t\t\t\t\t<\/div>\n\t\t\t\t<div class=\"elementor-element elementor-element-04cdd51 elementor-icon-list--layout-traditional elementor-list-item-link-full_width elementor-widget elementor-widget-icon-list\" data-id=\"04cdd51\" data-element_type=\"widget\" data-e-type=\"widget\" data-widget_type=\"icon-list.default\">\n\t\t\t\t\t\t\t<ul class=\"elementor-icon-list-items\">\n\t\t\t\t\t\t\t<li class=\"elementor-icon-list-item\">\n\t\t\t\t\t\t\t\t\t\t\t<span class=\"elementor-icon-list-icon\">\n\t\t\t\t\t\t\t<i aria-hidden=\"true\" class=\"fas fa-circle\"><\/i>\t\t\t\t\t\t<\/span>\n\t\t\t\t\t\t\t\t\t\t<span class=\"elementor-icon-list-text\">Mischverh\u00e4ltnis 1:1<\/span>\n\t\t\t\t\t\t\t\t\t<\/li>\n\t\t\t\t\t\t\t\t<li class=\"elementor-icon-list-item\">\n\t\t\t\t\t\t\t\t\t\t\t<span class=\"elementor-icon-list-icon\">\n\t\t\t\t\t\t\t<i aria-hidden=\"true\" class=\"fas fa-circle\"><\/i>\t\t\t\t\t\t<\/span>\n\t\t\t\t\t\t\t\t\t\t<span class=\"elementor-icon-list-text\">Arbeitsdruck: bis zu 250 Bar<\/span>\n\t\t\t\t\t\t\t\t\t<\/li>\n\t\t\t\t\t\t\t\t<li class=\"elementor-icon-list-item\">\n\t\t\t\t\t\t\t\t\t\t\t<span class=\"elementor-icon-list-icon\">\n\t\t\t\t\t\t\t<i aria-hidden=\"true\" class=\"fas fa-circle\"><\/i>\t\t\t\t\t\t<\/span>\n\t\t\t\t\t\t\t\t\t\t<span class=\"elementor-icon-list-text\">Transportleistung bis 1 L\/Min. gem. Material-Viskosit\u00e4t<\/span>\n\t\t\t\t\t\t\t\t\t<\/li>\n\t\t\t\t\t\t\t\t<li class=\"elementor-icon-list-item\">\n\t\t\t\t\t\t\t\t\t\t\t<span class=\"elementor-icon-list-icon\">\n\t\t\t\t\t\t\t<i aria-hidden=\"true\" class=\"fas fa-circle\"><\/i>\t\t\t\t\t\t<\/span>\n\t\t\t\t\t\t\t\t\t\t<span class=\"elementor-icon-list-text\">Pumpen-Antrieb: El.-Bohrmaschine<\/span>\n\t\t\t\t\t\t\t\t\t<\/li>\n\t\t\t\t\t\t\t\t<li class=\"elementor-icon-list-item\">\n\t\t\t\t\t\t\t\t\t\t\t<span class=\"elementor-icon-list-icon\">\n\t\t\t\t\t\t\t<i aria-hidden=\"true\" class=\"fas fa-circle\"><\/i>\t\t\t\t\t\t<\/span>\n\t\t\t\t\t\t\t\t\t\t<span class=\"elementor-icon-list-text\">Hochwertige Ausf\u00fchrung<\/span>\n\t\t\t\t\t\t\t\t\t<\/li>\n\t\t\t\t\t\t\t\t<li class=\"elementor-icon-list-item\">\n\t\t\t\t\t\t\t\t\t\t\t<span class=\"elementor-icon-list-icon\">\n\t\t\t\t\t\t\t<i aria-hidden=\"true\" class=\"fas fa-circle\"><\/i>\t\t\t\t\t\t<\/span>\n\t\t\t\t\t\t\t\t\t\t<span class=\"elementor-icon-list-text\">Leichte Handhabung<\/span>\n\t\t\t\t\t\t\t\t\t<\/li>\n\t\t\t\t\t\t<\/ul>\n\t\t\t\t\t\t<\/div>\n\t\t\t\t<\/div>\n\t\t<div class=\"elementor-element elementor-element-66899c5 e-con-full e-flex elementor-invisible e-con e-child\" data-id=\"66899c5\" data-element_type=\"container\" data-e-type=\"container\" data-settings=\"{&quot;animation&quot;:&quot;fadeIn&quot;,&quot;animation_delay&quot;:200}\">\n\t\t\t\t<div class=\"elementor-element elementor-element-4bb40c5 elementor-widget elementor-widget-heading\" data-id=\"4bb40c5\" data-element_type=\"widget\" data-e-type=\"widget\" data-widget_type=\"heading.default\">\n\t\t\t\t\t<h4 class=\"elementor-heading-title elementor-size-default\">Besonderheiten<\/h4>\t\t\t\t<\/div>\n\t\t\t\t<div class=\"elementor-element elementor-element-b0f9413 elementor-icon-list--layout-traditional elementor-list-item-link-full_width elementor-widget elementor-widget-icon-list\" data-id=\"b0f9413\" data-element_type=\"widget\" data-e-type=\"widget\" data-widget_type=\"icon-list.default\">\n\t\t\t\t\t\t\t<ul class=\"elementor-icon-list-items\">\n\t\t\t\t\t\t\t<li class=\"elementor-icon-list-item\">\n\t\t\t\t\t\t\t\t\t\t\t<span class=\"elementor-icon-list-icon\">\n\t\t\t\t\t\t\t<i aria-hidden=\"true\" class=\"fas fa-check\"><\/i>\t\t\t\t\t\t<\/span>\n\t\t\t\t\t\t\t\t\t\t<span class=\"elementor-icon-list-text\">Schnelle Reaktionszeit<\/span>\n\t\t\t\t\t\t\t\t\t<\/li>\n\t\t\t\t\t\t\t\t<li class=\"elementor-icon-list-item\">\n\t\t\t\t\t\t\t\t\t\t\t<span class=\"elementor-icon-list-icon\">\n\t\t\t\t\t\t\t<i aria-hidden=\"true\" class=\"fas fa-check\"><\/i>\t\t\t\t\t\t<\/span>\n\t\t\t\t\t\t\t\t\t\t<span class=\"elementor-icon-list-text\">Maximale Volumenvergr\u00f6\u00dferung<\/span>\n\t\t\t\t\t\t\t\t\t<\/li>\n\t\t\t\t\t\t\t\t<li class=\"elementor-icon-list-item\">\n\t\t\t\t\t\t\t\t\t\t\t<span class=\"elementor-icon-list-icon\">\n\t\t\t\t\t\t\t<i aria-hidden=\"true\" class=\"fas fa-check\"><\/i>\t\t\t\t\t\t<\/span>\n\t\t\t\t\t\t\t\t\t\t<span class=\"elementor-icon-list-text\">Leicht zu Verarbeiten per Injektionspumpe<\/span>\n\t\t\t\t\t\t\t\t\t<\/li>\n\t\t\t\t\t\t\t\t<li class=\"elementor-icon-list-item\">\n\t\t\t\t\t\t\t\t\t\t\t<span class=\"elementor-icon-list-icon\">\n\t\t\t\t\t\t\t<i aria-hidden=\"true\" class=\"fas fa-check\"><\/i>\t\t\t\t\t\t<\/span>\n\t\t\t\t\t\t\t\t\t\t<span class=\"elementor-icon-list-text\">Hochgeschlossenzelliger und nicht br\u00f6selnder Schaumk\u00f6rper<\/span>\n\t\t\t\t\t\t\t\t\t<\/li>\n\t\t\t\t\t\t\t\t<li class=\"elementor-icon-list-item\">\n\t\t\t\t\t\t\t\t\t\t\t<span class=\"elementor-icon-list-icon\">\n\t\t\t\t\t\t\t<i aria-hidden=\"true\" class=\"fas fa-check\"><\/i>\t\t\t\t\t\t<\/span>\n\t\t\t\t\t\t\t\t\t\t<span class=\"elementor-icon-list-text\">Beschleuniger wird separat vor Ort hinzugef\u00fcgt = hohe Lagerstabilit\u00e4t<\/span>\n\t\t\t\t\t\t\t\t\t<\/li>\n\t\t\t\t\t\t<\/ul>\n\t\t\t\t\t\t<\/div>\n\t\t<div class=\"elementor-element elementor-element-0f0a53e e-con-full e-flex elementor-invisible e-con e-child\" data-id=\"0f0a53e\" data-element_type=\"container\" data-e-type=\"container\" data-settings=\"{&quot;animation&quot;:&quot;fadeIn&quot;,&quot;animation_delay&quot;:500,&quot;background_background&quot;:&quot;classic&quot;}\">\n\t\t\t\t<div class=\"elementor-element elementor-element-60c9e9b elementor-widget elementor-widget-image\" data-id=\"60c9e9b\" data-element_type=\"widget\" data-e-type=\"widget\" data-widget_type=\"image.default\">\n\t\t\t\t\t\t\t\t\t\t\t\t\t\t\t<img fetchpriority=\"high\" decoding=\"async\" width=\"500\" height=\"500\" src=\"https:\/\/www.hermes-technologie.de\/wp-content\/uploads\/2025\/03\/0201_pneumatische_pumpe_produktbild.webp\" class=\"elementor-animation-grow attachment-full size-full wp-image-2212\" alt=\"pneumatische_pumpe_produktbild\" srcset=\"https:\/\/www.hermes-technologie.de\/wp-content\/uploads\/2025\/03\/0201_pneumatische_pumpe_produktbild.webp 500w, https:\/\/www.hermes-technologie.de\/wp-content\/uploads\/2025\/03\/0201_pneumatische_pumpe_produktbild-300x300.webp 300w, https:\/\/www.hermes-technologie.de\/wp-content\/uploads\/2025\/03\/0201_pneumatische_pumpe_produktbild-150x150.webp 150w, https:\/\/www.hermes-technologie.de\/wp-content\/uploads\/2025\/03\/0201_pneumatische_pumpe_produktbild-12x12.webp 12w\" sizes=\"(max-width: 500px) 100vw, 500px\" \/>\t\t\t\t\t\t\t\t\t\t\t\t\t\t\t<\/div>\n\t\t\t\t<div class=\"elementor-element elementor-element-0cecdcc elementor-align-center elementor-invisible elementor-widget elementor-widget-button\" data-id=\"0cecdcc\" data-element_type=\"widget\" data-e-type=\"widget\" data-settings=\"{&quot;_animation&quot;:&quot;fadeIn&quot;,&quot;_animation_delay&quot;:600}\" data-widget_type=\"button.default\">\n\t\t\t\t\t\t\t\t\t\t<a class=\"elementor-button elementor-button-link elementor-size-sm\" href=\"#\">\n\t\t\t\t\t\t<span class=\"elementor-button-content-wrapper\">\n\t\t\t\t\t\t<span class=\"elementor-button-icon\">\n\t\t\t\t<i aria-hidden=\"true\" class=\"icon icon-right-arrow\"><\/i>\t\t\t<\/span>\n\t\t\t\t\t\t\t\t\t<span class=\"elementor-button-text\">Zum Harz-Finder<\/span>\n\t\t\t\t\t<\/span>\n\t\t\t\t\t<\/a>\n\t\t\t\t\t\t\t\t<\/div>\n\t\t\t\t<\/div>\n\t\t\t\t<\/div>\n\t\t\t\t\t<\/div>\n\t\t\t\t<\/div>\n\t\t<div class=\"elementor-element elementor-element-447e6be e-flex e-con-boxed e-con e-parent\" data-id=\"447e6be\" data-element_type=\"container\" data-e-type=\"container\">\n\t\t\t\t\t<div class=\"e-con-inner\">\n\t\t<div class=\"elementor-element elementor-element-61751a5 e-con-full e-flex e-con e-child\" data-id=\"61751a5\" data-element_type=\"container\" data-e-type=\"container\">\n\t\t\t\t<div class=\"elementor-element elementor-element-9b9f417 elementor-widget elementor-widget-heading\" data-id=\"9b9f417\" data-element_type=\"widget\" data-e-type=\"widget\" data-widget_type=\"heading.default\">\n\t\t\t\t\t<h3 class=\"elementor-heading-title elementor-size-default\">Anwendung<\/h3>\t\t\t\t<\/div>\n\t\t\t\t<div class=\"elementor-element elementor-element-9dff06c elementor-icon-list--layout-traditional elementor-list-item-link-full_width elementor-widget elementor-widget-icon-list\" data-id=\"9dff06c\" data-element_type=\"widget\" data-e-type=\"widget\" data-widget_type=\"icon-list.default\">\n\t\t\t\t\t\t\t<ul class=\"elementor-icon-list-items\">\n\t\t\t\t\t\t\t<li class=\"elementor-icon-list-item\">\n\t\t\t\t\t\t\t\t\t\t\t<span class=\"elementor-icon-list-icon\">\n\t\t\t\t\t\t\t<i aria-hidden=\"true\" class=\"fas fa-circle\"><\/i>\t\t\t\t\t\t<\/span>\n\t\t\t\t\t\t\t\t\t\t<span class=\"elementor-icon-list-text\">Volumenm\u00e4\u00dfig zum Abdichten und Verfestigen der Baukonstruktionen und Erden bestimmt<\/span>\n\t\t\t\t\t\t\t\t\t<\/li>\n\t\t\t\t\t\t<\/ul>\n\t\t\t\t\t\t<\/div>\n\t\t\t\t<\/div>\n\t\t\t\t\t<\/div>\n\t\t\t\t<\/div>\n\t\t<div class=\"elementor-element elementor-element-ca1f7b1 e-flex e-con-boxed e-con e-parent\" data-id=\"ca1f7b1\" data-element_type=\"container\" data-e-type=\"container\">\n\t\t\t\t\t<div class=\"e-con-inner\">\n\t\t\t\t<div class=\"elementor-element elementor-element-9420f66 elementor-widget__width-inherit elementor-invisible elementor-widget elementor-widget-text-editor\" data-id=\"9420f66\" data-element_type=\"widget\" data-e-type=\"widget\" data-settings=\"{&quot;_animation&quot;:&quot;fadeIn&quot;}\" data-widget_type=\"text-editor.default\">\n\t\t\t\t\t\t\t\t\t<p>PAssende produkte<\/p>\t\t\t\t\t\t\t\t<\/div>\n\t\t\t\t<div class=\"elementor-element elementor-element-1febec8 elementor-arrows-position-outside elementor-widget elementor-widget-n-carousel\" data-id=\"1febec8\" data-element_type=\"widget\" data-e-type=\"widget\" data-settings=\"{&quot;carousel_items&quot;:[{&quot;slide_title&quot;:&quot;Slide #3&quot;,&quot;_id&quot;:&quot;e46cebf&quot;},{&quot;slide_title&quot;:&quot;Slide #3&quot;,&quot;_id&quot;:&quot;58a4664&quot;}],&quot;slides_to_show&quot;:&quot;3&quot;,&quot;autoplay_speed&quot;:4000,&quot;speed&quot;:400,&quot;image_spacing_custom&quot;:{&quot;unit&quot;:&quot;px&quot;,&quot;size&quot;:22,&quot;sizes&quot;:[]},&quot;slides_to_show_tablet&quot;:&quot;2&quot;,&quot;slides_to_show_mobile&quot;:&quot;1&quot;,&quot;autoplay&quot;:&quot;yes&quot;,&quot;pause_on_hover&quot;:&quot;yes&quot;,&quot;pause_on_interaction&quot;:&quot;yes&quot;,&quot;infinite&quot;:&quot;yes&quot;,&quot;offset_sides&quot;:&quot;none&quot;,&quot;arrows&quot;:&quot;yes&quot;,&quot;image_spacing_custom_tablet&quot;:{&quot;unit&quot;:&quot;px&quot;,&quot;size&quot;:&quot;&quot;,&quot;sizes&quot;:[]},&quot;image_spacing_custom_mobile&quot;:{&quot;unit&quot;:&quot;px&quot;,&quot;size&quot;:&quot;&quot;,&quot;sizes&quot;:[]}}\" data-widget_type=\"nested-carousel.default\">\n\t\t\t\t\t\t\t<div class=\"e-n-carousel swiper\" role=\"region\" aria-roledescription=\"carousel\" aria-label=\"Karussell\" dir=\"ltr\">\n\t\t\t<div class=\"swiper-wrapper\" aria-live=\"off\">\n\t\t\t\t\t\t\t\t\t\t<div class=\"swiper-slide\" data-slide=\"1\" role=\"group\" aria-roledescription=\"slide\" aria-label=\"1 sur 2\">\n\t\t\t\t\t\t\t<div class=\"elementor-element elementor-element-84f4804 e-flex e-con-boxed e-con e-child\" data-id=\"84f4804\" data-element_type=\"container\" data-e-type=\"container\">\n\t\t\t\t\t<div class=\"e-con-inner\">\n\t\t\t\t<div class=\"elementor-element elementor-element-b290e18 elementor-widget elementor-widget-image\" data-id=\"b290e18\" data-element_type=\"widget\" data-e-type=\"widget\" data-widget_type=\"image.default\">\n\t\t\t\t\t\t\t\t\t\t\t\t\t\t\t\t<a href=\"\/Stahlschlagpacker-fuer-Harze\/\">\n\t\t\t\t\t\t\t<img decoding=\"async\" width=\"700\" height=\"700\" src=\"https:\/\/www.hermes-technologie.de\/wp-content\/uploads\/2025\/04\/Stahlpacker_Harz.png\" class=\"attachment-full size-full wp-image-2882\" alt=\"Stahlpacker Harz\" srcset=\"https:\/\/www.hermes-technologie.de\/wp-content\/uploads\/2025\/04\/Stahlpacker_Harz.png 700w, https:\/\/www.hermes-technologie.de\/wp-content\/uploads\/2025\/04\/Stahlpacker_Harz-300x300.png 300w, https:\/\/www.hermes-technologie.de\/wp-content\/uploads\/2025\/04\/Stahlpacker_Harz-150x150.png 150w, https:\/\/www.hermes-technologie.de\/wp-content\/uploads\/2025\/04\/Stahlpacker_Harz-12x12.png 12w\" sizes=\"(max-width: 700px) 100vw, 700px\" \/>\t\t\t\t\t\t\t\t<\/a>\n\t\t\t\t\t\t\t\t\t\t\t\t\t\t\t<\/div>\n\t\t\t\t<div class=\"elementor-element elementor-element-c91431f elementor-widget elementor-widget-heading\" data-id=\"c91431f\" data-element_type=\"widget\" data-e-type=\"widget\" data-widget_type=\"heading.default\">\n\t\t\t\t\t<h4 class=\"elementor-heading-title elementor-size-default\"><a href=\"\/Stahlschlagpacker-fuer-Harze\/\">Stahlschlagpacker<\/a><\/h4>\t\t\t\t<\/div>\n\t\t\t\t\t<\/div>\n\t\t\t\t<\/div>\n\t\t\t\t\t\t\t\t<\/div>\n\t\t\t\t\t\t\t\t\t\t\t<div class=\"swiper-slide\" data-slide=\"2\" role=\"group\" aria-roledescription=\"slide\" aria-label=\"2 sur 2\">\n\t\t\t\t\t\t\t<div class=\"elementor-element elementor-element-924e244 e-flex e-con-boxed e-con e-child\" data-id=\"924e244\" data-element_type=\"container\" data-e-type=\"container\">\n\t\t\t\t\t<div class=\"e-con-inner\">\n\t\t\t\t\t<\/div>\n\t\t\t\t<\/div>\n\t\t\t\t\t\t\t\t<\/div>\n\t\t\t\t\t\t\t\t<\/div>\n\t\t<\/div>\n\t\t\t\t\t<div class=\"elementor-swiper-button elementor-swiper-button-prev\" role=\"button\" tabindex=\"0\" aria-label=\"Pr\u00e9c\u00e9dent\">\n\t\t\t\t<i aria-hidden=\"true\" class=\"eicon-chevron-left\"><\/i>\t\t\t<\/div>\n\t\t\t<div class=\"elementor-swiper-button elementor-swiper-button-next\" role=\"button\" tabindex=\"0\" aria-label=\"Suivant\">\n\t\t\t\t<i aria-hidden=\"true\" class=\"eicon-chevron-right\"><\/i>\t\t\t<\/div>\n\t\t\t\t\t\t<\/div>\n\t\t\t\t\t<\/div>\n\t\t\t\t<\/div>\n\t\t\t\t<\/div>\n\t\t","protected":false},"excerpt":{"rendered":"<p>Artikelnummer : HTD-91007 2K Injektionspumpen Injektions-Doppelkolbenpumpe f\u00fcr zweikomponentige HERMES Harze 2K PUR Weitere Eigenschaften Pr\u00e4zise Injektionen, Perfekte Ergebnisse \u2013 Unsere Injektions-Doppelkolben-Pumpe 2K f\u00fcr Profis! Willkommen zur Zukunft der Injektionstechnologie! Unsere Injektions-Doppelkolben-Pumpe 2K ist speziell entwickelt worden, um mit Zweikomponenten-Polyurethan-Harzen zu arbeiten. Mit einem perfekten Mischverh\u00e4ltnis von 1:1 erm\u00f6glicht diese Pumpe pr\u00e4zise Injektionen f\u00fcr das Abdichten [&hellip;]<\/p>\n","protected":false},"author":3,"featured_media":0,"parent":0,"menu_order":0,"comment_status":"closed","ping_status":"closed","template":"","meta":{"footnotes":""},"class_list":["post-2726","page","type-page","status-publish","hentry"],"_links":{"self":[{"href":"https:\/\/www.hermes-technologie.de\/fr\/wp-json\/wp\/v2\/pages\/2726","targetHints":{"allow":["GET"]}}],"collection":[{"href":"https:\/\/www.hermes-technologie.de\/fr\/wp-json\/wp\/v2\/pages"}],"about":[{"href":"https:\/\/www.hermes-technologie.de\/fr\/wp-json\/wp\/v2\/types\/page"}],"author":[{"embeddable":true,"href":"https:\/\/www.hermes-technologie.de\/fr\/wp-json\/wp\/v2\/users\/3"}],"replies":[{"embeddable":true,"href":"https:\/\/www.hermes-technologie.de\/fr\/wp-json\/wp\/v2\/comments?post=2726"}],"version-history":[{"count":3,"href":"https:\/\/www.hermes-technologie.de\/fr\/wp-json\/wp\/v2\/pages\/2726\/revisions"}],"predecessor-version":[{"id":10782,"href":"https:\/\/www.hermes-technologie.de\/fr\/wp-json\/wp\/v2\/pages\/2726\/revisions\/10782"}],"wp:attachment":[{"href":"https:\/\/www.hermes-technologie.de\/fr\/wp-json\/wp\/v2\/media?parent=2726"}],"curies":[{"name":"wp","href":"https:\/\/api.w.org\/{rel}","templated":true}]}}