{"id":2804,"date":"2025-04-01T17:32:54","date_gmt":"2025-04-01T15:32:54","guid":{"rendered":"https:\/\/www.hermes-technologie.de\/?page_id=2804"},"modified":"2026-01-29T09:30:20","modified_gmt":"2026-01-29T08:30:20","slug":"materiel-pour-gaines-courtes","status":"publish","type":"page","link":"https:\/\/www.hermes-technologie.de\/fr\/kurzlinermaterial\/","title":{"rendered":"Mat\u00e9riel pour gaines courtes"},"content":{"rendered":"<div data-elementor-type=\"wp-page\" data-elementor-id=\"2804\" class=\"elementor elementor-2804\" data-elementor-post-type=\"page\">\n\t\t\t\t<div class=\"elementor-element elementor-element-7ce4efc e-con-full e-flex e-con e-parent\" data-id=\"7ce4efc\" data-element_type=\"container\" data-e-type=\"container\">\n\t\t<div class=\"elementor-element elementor-element-48b70d2 e-con-full e-flex e-con e-child\" data-id=\"48b70d2\" data-element_type=\"container\" data-e-type=\"container\">\n\t\t<div class=\"elementor-element elementor-element-24ddda2 e-con-full e-flex e-con e-child\" data-id=\"24ddda2\" data-element_type=\"container\" data-e-type=\"container\">\n\t\t\t\t<div class=\"elementor-element elementor-element-a8afe98 elementor-widget__width-initial elementor-invisible elementor-widget elementor-widget-heading\" data-id=\"a8afe98\" data-element_type=\"widget\" data-e-type=\"widget\" data-settings=\"{&quot;_animation&quot;:&quot;fadeIn&quot;,&quot;_animation_delay&quot;:200}\" data-widget_type=\"heading.default\">\n\t\t\t\t\t<h1 class=\"elementor-heading-title elementor-size-default\">Mat\u00e9riel pour gaines courtes<\/h1>\t\t\t\t<\/div>\n\t\t\t\t<\/div>\n\t\t\t\t<\/div>\n\t\t<div class=\"elementor-element elementor-element-9d8b0c2 e-con-full e-grid e-con e-child\" data-id=\"9d8b0c2\" data-element_type=\"container\" data-e-type=\"container\">\n\t\t<div class=\"elementor-element elementor-element-01ffe86 e-con-full e-flex elementor-invisible e-con e-child\" data-id=\"01ffe86\" data-element_type=\"container\" data-e-type=\"container\" data-settings=\"{&quot;animation&quot;:&quot;fadeIn&quot;,&quot;animation_delay&quot;:400}\">\n\t\t\t\t<div class=\"elementor-element elementor-element-5848258 elementor-widget elementor-widget-image\" data-id=\"5848258\" data-element_type=\"widget\" data-e-type=\"widget\" data-widget_type=\"image.default\">\n\t\t\t\t\t\t\t\t\t\t\t\t\t\t\t\t<a href=\"\/fr\/tapis-de-fibres-de-verre-ecr-pour-liner-court\/\">\n\t\t\t\t\t\t\t<img fetchpriority=\"high\" decoding=\"async\" width=\"700\" height=\"700\" src=\"https:\/\/www.hermes-technologie.de\/wp-content\/uploads\/2025\/04\/ECR_Laminiermatte.webp\" class=\"elementor-animation-grow attachment-full size-full wp-image-2757\" alt=\"\" srcset=\"https:\/\/www.hermes-technologie.de\/wp-content\/uploads\/2025\/04\/ECR_Laminiermatte.webp 700w, https:\/\/www.hermes-technologie.de\/wp-content\/uploads\/2025\/04\/ECR_Laminiermatte-300x300.webp 300w, https:\/\/www.hermes-technologie.de\/wp-content\/uploads\/2025\/04\/ECR_Laminiermatte-150x150.webp 150w, https:\/\/www.hermes-technologie.de\/wp-content\/uploads\/2025\/04\/ECR_Laminiermatte-12x12.webp 12w\" sizes=\"(max-width: 700px) 100vw, 700px\" \/>\t\t\t\t\t\t\t\t<\/a>\n\t\t\t\t\t\t\t\t\t\t\t\t\t\t\t<\/div>\n\t\t<div class=\"elementor-element elementor-element-55f1361 e-con-full e-flex e-con e-child\" data-id=\"55f1361\" data-element_type=\"container\" data-e-type=\"container\">\n\t\t<div class=\"elementor-element elementor-element-86a17d1 e-con-full e-flex e-con e-child\" data-id=\"86a17d1\" data-element_type=\"container\" data-e-type=\"container\">\n\t\t\t\t<div class=\"elementor-element elementor-element-1cf4139 elementor-widget elementor-widget-heading\" data-id=\"1cf4139\" data-element_type=\"widget\" data-e-type=\"widget\" data-widget_type=\"heading.default\">\n\t\t\t\t\t<h2 class=\"elementor-heading-title elementor-size-default\"><a href=\"\/fr\/tapis-de-fibres-de-verre-ecr-pour-liner-court\/\">Mats de fibres de verre ECR pour gaines courtes<\/a><\/h2>\t\t\t\t<\/div>\n\t\t\t\t<div class=\"elementor-element elementor-element-40f851b elementor-widget elementor-widget-text-editor\" data-id=\"40f851b\" data-element_type=\"widget\" data-e-type=\"widget\" data-widget_type=\"text-editor.default\">\n\t\t\t\t\t\t\t\t\t<p><strong>Pompe \u00e0 piston d'injection<\/strong><strong><br \/><\/strong><\/p><p>Mat\u00e9riau de support pour la r\u00e9novation partielle avec HT HermesLiner-SR<\/p>\t\t\t\t\t\t\t\t<\/div>\n\t\t\t\t<\/div>\n\t\t\t\t<\/div>\n\t\t\t\t<\/div>\n\t\t<div class=\"elementor-element elementor-element-5ee46a0 e-con-full e-flex elementor-invisible e-con e-child\" data-id=\"5ee46a0\" data-element_type=\"container\" data-e-type=\"container\" data-settings=\"{&quot;animation&quot;:&quot;fadeIn&quot;,&quot;animation_delay&quot;:400}\">\n\t\t\t\t<div class=\"elementor-element elementor-element-dbc3278 elementor-widget elementor-widget-image\" data-id=\"dbc3278\" data-element_type=\"widget\" data-e-type=\"widget\" data-widget_type=\"image.default\">\n\t\t\t\t\t\t\t\t\t\t\t\t\t\t\t\t<a href=\"\/fr\/resine-de-gomme-courte-hermesliner-sr\/\">\n\t\t\t\t\t\t\t<img decoding=\"async\" width=\"700\" height=\"700\" src=\"https:\/\/www.hermes-technologie.de\/wp-content\/uploads\/2025\/04\/Hermes_Connect_3C.webp\" class=\"elementor-animation-grow attachment-full size-full wp-image-2758\" alt=\"\" srcset=\"https:\/\/www.hermes-technologie.de\/wp-content\/uploads\/2025\/04\/Hermes_Connect_3C.webp 700w, https:\/\/www.hermes-technologie.de\/wp-content\/uploads\/2025\/04\/Hermes_Connect_3C-300x300.webp 300w, https:\/\/www.hermes-technologie.de\/wp-content\/uploads\/2025\/04\/Hermes_Connect_3C-150x150.webp 150w, https:\/\/www.hermes-technologie.de\/wp-content\/uploads\/2025\/04\/Hermes_Connect_3C-12x12.webp 12w\" sizes=\"(max-width: 700px) 100vw, 700px\" \/>\t\t\t\t\t\t\t\t<\/a>\n\t\t\t\t\t\t\t\t\t\t\t\t\t\t\t<\/div>\n\t\t<div class=\"elementor-element elementor-element-8690340 e-con-full e-flex e-con e-child\" data-id=\"8690340\" data-element_type=\"container\" data-e-type=\"container\">\n\t\t<div class=\"elementor-element elementor-element-057b12b e-con-full e-flex e-con e-child\" data-id=\"057b12b\" data-element_type=\"container\" data-e-type=\"container\">\n\t\t\t\t<div class=\"elementor-element elementor-element-3f08817 elementor-widget elementor-widget-heading\" data-id=\"3f08817\" data-element_type=\"widget\" data-e-type=\"widget\" data-widget_type=\"heading.default\">\n\t\t\t\t\t<h2 class=\"elementor-heading-title elementor-size-default\"><a href=\"\/fr\/resine-de-gomme-courte-hermesliner-sr\/\">R\u00e9sine pour gaines courtes HermesLiner-SR<\/a><\/h2>\t\t\t\t<\/div>\n\t\t\t\t<div class=\"elementor-element elementor-element-672828b elementor-widget elementor-widget-text-editor\" data-id=\"672828b\" data-element_type=\"widget\" data-e-type=\"widget\" data-widget_type=\"text-editor.default\">\n\t\t\t\t\t\t\t\t\t<div class=\"elementor-element elementor-element-ffa4475 ob-has-background-overlay elementor-widget elementor-widget-jet-listing-dynamic-field\" data-id=\"ffa4475\" data-element_type=\"widget\" data-settings=\"{&quot;_ob_perspektive_use&quot;:&quot;no&quot;,&quot;_ob_poopart_use&quot;:&quot;yes&quot;,&quot;_ob_allow_hoveranimator&quot;:&quot;no&quot;,&quot;_ob_widget_stalker_use&quot;:&quot;no&quot;}\" data-widget_type=\"jet-listing-dynamic-field.default\"><p><strong style=\"font-family: -apple-system, BlinkMacSystemFont, 'Segoe UI', Roboto, 'Helvetica Neue', Arial, 'Noto Sans', sans-serif, 'Apple Color Emoji', 'Segoe UI Emoji', 'Segoe UI Symbol', 'Noto Color Emoji';\"><span class=\"jet-listing-dynamic-field__content\">Pompe \u00e0 piston d'injection<\/span><\/strong><\/p><p>R\u00e9sine bi-composant organomin\u00e9rale sans styr\u00e8ne, \u00e9lastifi\u00e9e, pour la r\u00e9novation de gaines courtes<\/p><\/div>\t\t\t\t\t\t\t\t<\/div>\n\t\t\t\t<\/div>\n\t\t\t\t<\/div>\n\t\t\t\t<\/div>\n\t\t\t\t<\/div>\n\t\t\t\t<\/div>\n\t\t\t\t<\/div>","protected":false},"excerpt":{"rendered":"<p>Kurzlinermaterial ECR-Glasfasermatten f\u00fcr Kurzliner Injektions-Kolbenpumpe Tr\u00e4germaterial f\u00fcr die partielle Sanierung mit HT HermesLiner-SR Kurzlinerharz HermesLiner-SR Injektions-Kolbenpumpe Styrolfreies, elastifiziertes Organomineral-Zweikomponentenharz f\u00fcr die Kurzlinersanierung<\/p>","protected":false},"author":3,"featured_media":0,"parent":0,"menu_order":0,"comment_status":"closed","ping_status":"closed","template":"","meta":{"footnotes":""},"class_list":["post-2804","page","type-page","status-publish","hentry"],"_links":{"self":[{"href":"https:\/\/www.hermes-technologie.de\/fr\/wp-json\/wp\/v2\/pages\/2804","targetHints":{"allow":["GET"]}}],"collection":[{"href":"https:\/\/www.hermes-technologie.de\/fr\/wp-json\/wp\/v2\/pages"}],"about":[{"href":"https:\/\/www.hermes-technologie.de\/fr\/wp-json\/wp\/v2\/types\/page"}],"author":[{"embeddable":true,"href":"https:\/\/www.hermes-technologie.de\/fr\/wp-json\/wp\/v2\/users\/3"}],"replies":[{"embeddable":true,"href":"https:\/\/www.hermes-technologie.de\/fr\/wp-json\/wp\/v2\/comments?post=2804"}],"version-history":[{"count":6,"href":"https:\/\/www.hermes-technologie.de\/fr\/wp-json\/wp\/v2\/pages\/2804\/revisions"}],"predecessor-version":[{"id":10365,"href":"https:\/\/www.hermes-technologie.de\/fr\/wp-json\/wp\/v2\/pages\/2804\/revisions\/10365"}],"wp:attachment":[{"href":"https:\/\/www.hermes-technologie.de\/fr\/wp-json\/wp\/v2\/media?parent=2804"}],"curies":[{"name":"wp","href":"https:\/\/api.w.org\/{rel}","templated":true}]}}