{"id":3305,"date":"2025-04-05T16:29:46","date_gmt":"2025-04-05T14:29:46","guid":{"rendered":"https:\/\/www.hermes-technologie.de\/?page_id=3305"},"modified":"2026-01-29T09:32:38","modified_gmt":"2026-01-29T08:32:38","slug":"revetement-automatique-des-puits","status":"publish","type":"page","link":"https:\/\/www.hermes-technologie.de\/fr\/automatische-schachtbeschichtung\/","title":{"rendered":"Rev\u00eatement automatique des regards"},"content":{"rendered":"<div data-elementor-type=\"wp-page\" data-elementor-id=\"3305\" class=\"elementor elementor-3305\" data-elementor-post-type=\"page\">\n\t\t\t\t<div class=\"elementor-element elementor-element-0ccedb6 e-con-full e-flex e-con e-parent\" data-id=\"0ccedb6\" data-element_type=\"container\" data-e-type=\"container\">\n\t\t<div class=\"elementor-element elementor-element-44d35bb e-con-full e-flex e-con e-child\" data-id=\"44d35bb\" data-element_type=\"container\" data-e-type=\"container\">\n\t\t<div class=\"elementor-element elementor-element-4ab3ce0 e-con-full e-flex e-con e-child\" data-id=\"4ab3ce0\" data-element_type=\"container\" data-e-type=\"container\">\n\t\t\t\t<div class=\"elementor-element elementor-element-075bf81 elementor-widget__width-initial elementor-invisible elementor-widget elementor-widget-heading\" data-id=\"075bf81\" data-element_type=\"widget\" data-e-type=\"widget\" data-settings=\"{&quot;_animation&quot;:&quot;fadeIn&quot;,&quot;_animation_delay&quot;:&quot;200&quot;}\" data-widget_type=\"heading.default\">\n\t\t\t\t\t<h1 class=\"elementor-heading-title elementor-size-default\">Rev\u00eatement automatique des regards<\/h1>\t\t\t\t<\/div>\n\t\t\t\t<\/div>\n\t\t\t\t<\/div>\n\t\t<div class=\"elementor-element elementor-element-c730171 e-con-full e-grid e-con e-child\" data-id=\"c730171\" data-element_type=\"container\" data-e-type=\"container\">\n\t\t<div class=\"elementor-element elementor-element-f7f8e06 e-con-full e-flex elementor-invisible e-con e-child\" data-id=\"f7f8e06\" data-element_type=\"container\" data-e-type=\"container\" data-settings=\"{&quot;animation&quot;:&quot;fadeIn&quot;,&quot;animation_delay&quot;:&quot;400&quot;}\">\n\t\t\t\t<div class=\"elementor-element elementor-element-898d937 elementor-widget elementor-widget-image\" data-id=\"898d937\" data-element_type=\"widget\" data-e-type=\"widget\" data-widget_type=\"image.default\">\n\t\t\t\t\t\t\t\t\t\t\t\t\t\t\t\t<a href=\"\/fr\/ks-ass-mobile\/\">\n\t\t\t\t\t\t\t<img fetchpriority=\"high\" decoding=\"async\" width=\"500\" height=\"500\" src=\"https:\/\/www.hermes-technologie.de\/wp-content\/uploads\/2025\/05\/KS-ASS-Mobil.webp\" class=\"elementor-animation-grow attachment-full size-full wp-image-5819\" alt=\"\" srcset=\"https:\/\/www.hermes-technologie.de\/wp-content\/uploads\/2025\/05\/KS-ASS-Mobil.webp 500w, https:\/\/www.hermes-technologie.de\/wp-content\/uploads\/2025\/05\/KS-ASS-Mobil-300x300.webp 300w, https:\/\/www.hermes-technologie.de\/wp-content\/uploads\/2025\/05\/KS-ASS-Mobil-150x150.webp 150w, https:\/\/www.hermes-technologie.de\/wp-content\/uploads\/2025\/05\/KS-ASS-Mobil-12x12.webp 12w\" sizes=\"(max-width: 500px) 100vw, 500px\" \/>\t\t\t\t\t\t\t\t<\/a>\n\t\t\t\t\t\t\t\t\t\t\t\t\t\t\t<\/div>\n\t\t<div class=\"elementor-element elementor-element-787e6c0 e-con-full e-flex e-con e-child\" data-id=\"787e6c0\" data-element_type=\"container\" data-e-type=\"container\">\n\t\t<div class=\"elementor-element elementor-element-f9fa301 e-con-full e-flex e-con e-child\" data-id=\"f9fa301\" data-element_type=\"container\" data-e-type=\"container\">\n\t\t\t\t<div class=\"elementor-element elementor-element-3e13f57 elementor-widget elementor-widget-heading\" data-id=\"3e13f57\" data-element_type=\"widget\" data-e-type=\"widget\" data-widget_type=\"heading.default\">\n\t\t\t\t\t<h2 class=\"elementor-heading-title elementor-size-default\"><a href=\"\/fr\/ks-ass-mobile\/\">KS-ASS\u00ae \u2013 Compact<\/a><\/h2>\t\t\t\t<\/div>\n\t\t\t\t<div class=\"elementor-element elementor-element-5c4b633 elementor-widget elementor-widget-text-editor\" data-id=\"5c4b633\" data-element_type=\"widget\" data-e-type=\"widget\" data-widget_type=\"text-editor.default\">\n\t\t\t\t\t\t\t\t\t<p>Installation de rev\u00eatement de puits semi-automatique pour une utilisation mobile<\/p>\t\t\t\t\t\t\t\t<\/div>\n\t\t\t\t<\/div>\n\t\t\t\t<\/div>\n\t\t\t\t<\/div>\n\t\t<div class=\"elementor-element elementor-element-93e43be e-con-full e-flex elementor-invisible e-con e-child\" data-id=\"93e43be\" data-element_type=\"container\" data-e-type=\"container\" data-settings=\"{&quot;animation&quot;:&quot;fadeIn&quot;,&quot;animation_delay&quot;:&quot;400&quot;}\">\n\t\t\t\t<div class=\"elementor-element elementor-element-90ce28b elementor-widget elementor-widget-image\" data-id=\"90ce28b\" data-element_type=\"widget\" data-e-type=\"widget\" data-widget_type=\"image.default\">\n\t\t\t\t\t\t\t\t\t\t\t\t\t\t\t\t<a href=\"\/fr\/ks-ass-pret-a-lemploi\/\">\n\t\t\t\t\t\t\t<img decoding=\"async\" width=\"500\" height=\"500\" src=\"https:\/\/www.hermes-technologie.de\/wp-content\/uploads\/2025\/04\/KS-ASS\u00ae-\u2013-Schluesselfertig.png\" class=\"elementor-animation-grow attachment-full size-full wp-image-3316\" alt=\"\" srcset=\"https:\/\/www.hermes-technologie.de\/wp-content\/uploads\/2025\/04\/KS-ASS\u00ae-\u2013-Schluesselfertig.png 500w, https:\/\/www.hermes-technologie.de\/wp-content\/uploads\/2025\/04\/KS-ASS\u00ae-\u2013-Schluesselfertig-300x300.png 300w, https:\/\/www.hermes-technologie.de\/wp-content\/uploads\/2025\/04\/KS-ASS\u00ae-\u2013-Schluesselfertig-150x150.png 150w, https:\/\/www.hermes-technologie.de\/wp-content\/uploads\/2025\/04\/KS-ASS\u00ae-\u2013-Schluesselfertig-12x12.png 12w\" sizes=\"(max-width: 500px) 100vw, 500px\" \/>\t\t\t\t\t\t\t\t<\/a>\n\t\t\t\t\t\t\t\t\t\t\t\t\t\t\t<\/div>\n\t\t<div class=\"elementor-element elementor-element-ea5ea7d e-con-full e-flex e-con e-child\" data-id=\"ea5ea7d\" data-element_type=\"container\" data-e-type=\"container\">\n\t\t<div class=\"elementor-element elementor-element-8788c3f e-con-full e-flex e-con e-child\" data-id=\"8788c3f\" data-element_type=\"container\" data-e-type=\"container\">\n\t\t\t\t<div class=\"elementor-element elementor-element-0c7bf6c elementor-widget elementor-widget-heading\" data-id=\"0c7bf6c\" data-element_type=\"widget\" data-e-type=\"widget\" data-widget_type=\"heading.default\">\n\t\t\t\t\t<h2 class=\"elementor-heading-title elementor-size-default\"><a href=\"\/fr\/ks-ass-pret-a-lemploi\/\">KS-ASS\u00ae - Cl\u00e9 en main<\/a><\/h2>\t\t\t\t<\/div>\n\t\t\t\t<div class=\"elementor-element elementor-element-1d48eb2 elementor-widget elementor-widget-text-editor\" data-id=\"1d48eb2\" data-element_type=\"widget\" data-e-type=\"widget\" data-widget_type=\"text-editor.default\">\n\t\t\t\t\t\t\t\t\t<div class=\"elementor-element elementor-element-ffa4475 ob-has-background-overlay elementor-widget elementor-widget-jet-listing-dynamic-field\" data-id=\"ffa4475\" data-element_type=\"widget\" data-settings=\"{&quot;_ob_perspektive_use&quot;:&quot;no&quot;,&quot;_ob_poopart_use&quot;:&quot;yes&quot;,&quot;_ob_allow_hoveranimator&quot;:&quot;no&quot;,&quot;_ob_widget_stalker_use&quot;:&quot;no&quot;}\" data-widget_type=\"jet-listing-dynamic-field.default\"><p>Le proc\u00e9d\u00e9 de rev\u00eatement exceptionnel et enti\u00e8rement automatique pour les regards de canalisation ronds et carr\u00e9s de DN 500 \u00e0 DN 4500<\/p><\/div>\t\t\t\t\t\t\t\t<\/div>\n\t\t\t\t<\/div>\n\t\t\t\t<\/div>\n\t\t\t\t<\/div>\n\t\t<div class=\"elementor-element elementor-element-e2f86be e-con-full e-flex elementor-invisible e-con e-child\" data-id=\"e2f86be\" data-element_type=\"container\" data-e-type=\"container\" data-settings=\"{&quot;animation&quot;:&quot;fadeIn&quot;,&quot;animation_delay&quot;:&quot;400&quot;}\">\n\t\t\t\t<\/div>\n\t\t\t\t<\/div>\n\t\t\t\t<\/div>\n\t\t\t\t<\/div>","protected":false},"excerpt":{"rendered":"<p>Automatische Schachtbeschichtung KS-ASS\u00ae \u2013 Compact Halbautomatische Schachtbeschichtungsanlage f\u00fcr den mobilen Einsatz KS-ASS\u00ae \u2013 Schl\u00fcsselfertig Das herausragende, vollautomatische Beschichtungsverfahren f\u00fcr runde und quadratische Kanalsch\u00e4chte von DN 500 bis DN 4500<\/p>","protected":false},"author":3,"featured_media":0,"parent":0,"menu_order":0,"comment_status":"closed","ping_status":"closed","template":"","meta":{"footnotes":""},"class_list":["post-3305","page","type-page","status-publish","hentry"],"_links":{"self":[{"href":"https:\/\/www.hermes-technologie.de\/fr\/wp-json\/wp\/v2\/pages\/3305","targetHints":{"allow":["GET"]}}],"collection":[{"href":"https:\/\/www.hermes-technologie.de\/fr\/wp-json\/wp\/v2\/pages"}],"about":[{"href":"https:\/\/www.hermes-technologie.de\/fr\/wp-json\/wp\/v2\/types\/page"}],"author":[{"embeddable":true,"href":"https:\/\/www.hermes-technologie.de\/fr\/wp-json\/wp\/v2\/users\/3"}],"replies":[{"embeddable":true,"href":"https:\/\/www.hermes-technologie.de\/fr\/wp-json\/wp\/v2\/comments?post=3305"}],"version-history":[{"count":6,"href":"https:\/\/www.hermes-technologie.de\/fr\/wp-json\/wp\/v2\/pages\/3305\/revisions"}],"predecessor-version":[{"id":10374,"href":"https:\/\/www.hermes-technologie.de\/fr\/wp-json\/wp\/v2\/pages\/3305\/revisions\/10374"}],"wp:attachment":[{"href":"https:\/\/www.hermes-technologie.de\/fr\/wp-json\/wp\/v2\/media?parent=3305"}],"curies":[{"name":"wp","href":"https:\/\/api.w.org\/{rel}","templated":true}]}}