{"id":4465,"date":"2025-04-16T14:41:30","date_gmt":"2025-04-16T12:41:30","guid":{"rendered":"https:\/\/www.hermes-technologie.de\/?page_id=4465"},"modified":"2026-02-11T16:23:24","modified_gmt":"2026-02-11T15:23:24","slug":"reprolining-0-5-semelle-appareil-de-reprofilage","status":"publish","type":"page","link":"https:\/\/www.hermes-technologie.de\/fr\/reprolining-0-5-sohlen-reprofilierungsgeraet\/","title":{"rendered":"ReproLining 0.5 Appareil de reprofilage de semelles"},"content":{"rendered":"\t\t<div data-elementor-type=\"wp-page\" data-elementor-id=\"4465\" class=\"elementor elementor-4465\" data-elementor-post-type=\"page\">\n\t\t\t\t<div class=\"elementor-element elementor-element-ce9ae6d e-con-full e-flex e-con e-parent\" data-id=\"ce9ae6d\" data-element_type=\"container\" data-e-type=\"container\" data-settings=\"{&quot;background_background&quot;:&quot;classic&quot;}\">\n\t\t\t\t<\/div>\n\t\t<div class=\"elementor-element elementor-element-097905a e-flex e-con-boxed e-con e-parent\" data-id=\"097905a\" data-element_type=\"container\" data-e-type=\"container\">\n\t\t\t\t\t<div class=\"e-con-inner\">\n\t\t<div class=\"elementor-element elementor-element-43ccac6 e-con-full e-flex elementor-invisible e-con e-child\" data-id=\"43ccac6\" data-element_type=\"container\" data-e-type=\"container\" data-settings=\"{&quot;animation&quot;:&quot;fadeIn&quot;}\">\n\t\t\t\t<div class=\"elementor-element elementor-element-f930953 elementor-widget elementor-widget-heading\" data-id=\"f930953\" data-element_type=\"widget\" data-e-type=\"widget\" data-widget_type=\"heading.default\">\n\t\t\t\t\t<h2 class=\"elementor-heading-title elementor-size-default\">Artikelnummer : HTD-60000<\/h2>\t\t\t\t<\/div>\n\t\t\t\t<div class=\"elementor-element elementor-element-7195fa7 elementor-widget__width-inherit elementor-invisible elementor-widget elementor-widget-text-editor\" data-id=\"7195fa7\" data-element_type=\"widget\" data-e-type=\"widget\" data-settings=\"{&quot;_animation&quot;:&quot;fadeIn&quot;}\" data-widget_type=\"text-editor.default\">\n\t\t\t\t\t\t\t\t\t<p>ReproLining\u00ae 0.5 Sohlen-Reprofilierungsger\u00e4t<\/p>\t\t\t\t\t\t\t\t<\/div>\n\t\t\t\t<div class=\"elementor-element elementor-element-e7d7226 elementor-widget elementor-widget-text-editor\" data-id=\"e7d7226\" data-element_type=\"widget\" data-e-type=\"widget\" data-widget_type=\"text-editor.default\">\n\t\t\t\t\t\t\t\t\t<p>Sohlen-Reprofilierungsger\u00e4t zur Instandsetzung der Kanalsohle in Verbindung mit ERGELIT-M\u00f6rteln<\/p>\t\t\t\t\t\t\t\t<\/div>\n\t\t\t\t<div class=\"elementor-element elementor-element-39bcccf elementor-widget elementor-widget-heading\" data-id=\"39bcccf\" data-element_type=\"widget\" data-e-type=\"widget\" data-widget_type=\"heading.default\">\n\t\t\t\t\t<h3 class=\"elementor-heading-title elementor-size-default\">Weitere Eigenschaften<\/h3>\t\t\t\t<\/div>\n\t\t\t\t<div class=\"elementor-element elementor-element-64f54f7 elementor-widget elementor-widget-text-editor\" data-id=\"64f54f7\" data-element_type=\"widget\" data-e-type=\"widget\" data-widget_type=\"text-editor.default\">\n\t\t\t\t\t\t\t\t\t<p>Reprolining 0.5 ist ein effizientes Sohlensanierungsverfahren, das darauf abzielt, besch\u00e4digte Sohlen von Abwasserleitungen pr\u00e4zise zu sanieren. Diese Technik eignet sich besonders gut f\u00fcr die gezielte Sanierung von besch\u00e4digten Kanalsohlen in nicht begehbaren Bereichen mit einem Durchmesser von DN 100 bis zu DN 800. Sowohl f\u00fcr kreisf\u00f6rmige als auch eif\u00f6rmige Profile entfaltet Reprolining 0.5 seine St\u00e4rken. Zus\u00e4tzlich dient dieses Verfahren als optimale Vorbereitung f\u00fcr fortschrittliche Techniken wie das Anschleuderverfahren oder das Schlauchlining. Entdecken Sie die vielseitigen Anwendungsm\u00f6glichkeiten von Reprolining 0.5 f\u00fcr die pr\u00e4zise Instandsetzung Ihrer Abwasserkan\u00e4le.<\/p>\t\t\t\t\t\t\t\t<\/div>\n\t\t\t\t<div class=\"elementor-element elementor-element-ec09f96 elementor-icon-list--layout-traditional elementor-list-item-link-full_width elementor-widget elementor-widget-icon-list\" data-id=\"ec09f96\" data-element_type=\"widget\" data-e-type=\"widget\" data-widget_type=\"icon-list.default\">\n\t\t\t\t\t\t\t<ul class=\"elementor-icon-list-items\">\n\t\t\t\t\t\t\t<li class=\"elementor-icon-list-item\">\n\t\t\t\t\t\t\t\t\t\t\t<span class=\"elementor-icon-list-icon\">\n\t\t\t\t\t\t\t<i aria-hidden=\"true\" class=\"fas fa-circle\"><\/i>\t\t\t\t\t\t<\/span>\n\t\t\t\t\t\t\t\t\t\t<span class=\"elementor-icon-list-text\">Sehr robuste Konstruktion und wiederverwendbar<\/span>\n\t\t\t\t\t\t\t\t\t<\/li>\n\t\t\t\t\t\t\t\t<li class=\"elementor-icon-list-item\">\n\t\t\t\t\t\t\t\t\t\t\t<span class=\"elementor-icon-list-icon\">\n\t\t\t\t\t\t\t<i aria-hidden=\"true\" class=\"fas fa-circle\"><\/i>\t\t\t\t\t\t<\/span>\n\t\t\t\t\t\t\t\t\t\t<span class=\"elementor-icon-list-text\">Wirtschaftlichste L\u00f6sung eine Sohle wiederherzustellen<\/span>\n\t\t\t\t\t\t\t\t\t<\/li>\n\t\t\t\t\t\t\t\t<li class=\"elementor-icon-list-item\">\n\t\t\t\t\t\t\t\t\t\t\t<span class=\"elementor-icon-list-icon\">\n\t\t\t\t\t\t\t<i aria-hidden=\"true\" class=\"fas fa-circle\"><\/i>\t\t\t\t\t\t<\/span>\n\t\t\t\t\t\t\t\t\t\t<span class=\"elementor-icon-list-text\">Geeignet f\u00fcr nicht begehbare Kan\u00e4le bis DN 800 im Kreis- und Eiprofilen<\/span>\n\t\t\t\t\t\t\t\t\t<\/li>\n\t\t\t\t\t\t\t\t<li class=\"elementor-icon-list-item\">\n\t\t\t\t\t\t\t\t\t\t\t<span class=\"elementor-icon-list-icon\">\n\t\t\t\t\t\t\t<i aria-hidden=\"true\" class=\"fas fa-circle\"><\/i>\t\t\t\t\t\t<\/span>\n\t\t\t\t\t\t\t\t\t\t<span class=\"elementor-icon-list-text\">Vorbereitende Ma\u00dfnahme f\u00fcr Anschleuderverfahren oder Schlauchlining<\/span>\n\t\t\t\t\t\t\t\t\t<\/li>\n\t\t\t\t\t\t\t\t<li class=\"elementor-icon-list-item\">\n\t\t\t\t\t\t\t\t\t\t\t<span class=\"elementor-icon-list-icon\">\n\t\t\t\t\t\t\t<i aria-hidden=\"true\" class=\"fas fa-circle\"><\/i>\t\t\t\t\t\t<\/span>\n\t\t\t\t\t\t\t\t\t\t<span class=\"elementor-icon-list-text\">Reprolining 0.5 ist ein Verfahren nach DWA-M 143-17 und entspricht dem dort beschriebenen Verdr\u00e4ngungsverfahren<\/span>\n\t\t\t\t\t\t\t\t\t<\/li>\n\t\t\t\t\t\t\t\t<li class=\"elementor-icon-list-item\">\n\t\t\t\t\t\t\t\t\t\t\t<span class=\"elementor-icon-list-icon\">\n\t\t\t\t\t\t\t<i aria-hidden=\"true\" class=\"fas fa-circle\"><\/i>\t\t\t\t\t\t<\/span>\n\t\t\t\t\t\t\t\t\t\t<span class=\"elementor-icon-list-text\">Die eingesetzten WW-M\u00f6rtel sind nach DIN19573 gepr\u00fcft und zertifiziert<\/span>\n\t\t\t\t\t\t\t\t\t<\/li>\n\t\t\t\t\t\t<\/ul>\n\t\t\t\t\t\t<\/div>\n\t\t\t\t<\/div>\n\t\t<div class=\"elementor-element elementor-element-2940434 e-con-full e-flex elementor-invisible e-con e-child\" data-id=\"2940434\" data-element_type=\"container\" data-e-type=\"container\" data-settings=\"{&quot;animation&quot;:&quot;fadeIn&quot;,&quot;animation_delay&quot;:200}\">\n\t\t\t\t<div class=\"elementor-element elementor-element-ffeb167 elementor-widget elementor-widget-heading\" data-id=\"ffeb167\" data-element_type=\"widget\" data-e-type=\"widget\" data-widget_type=\"heading.default\">\n\t\t\t\t\t<h4 class=\"elementor-heading-title elementor-size-default\">Besonderheiten<\/h4>\t\t\t\t<\/div>\n\t\t\t\t<div class=\"elementor-element elementor-element-e12ef46 elementor-icon-list--layout-traditional elementor-list-item-link-full_width elementor-widget elementor-widget-icon-list\" data-id=\"e12ef46\" data-element_type=\"widget\" data-e-type=\"widget\" data-widget_type=\"icon-list.default\">\n\t\t\t\t\t\t\t<ul class=\"elementor-icon-list-items\">\n\t\t\t\t\t\t\t<li class=\"elementor-icon-list-item\">\n\t\t\t\t\t\t\t\t\t\t\t<span class=\"elementor-icon-list-icon\">\n\t\t\t\t\t\t\t<i aria-hidden=\"true\" class=\"fas fa-check\"><\/i>\t\t\t\t\t\t<\/span>\n\t\t\t\t\t\t\t\t\t\t<span class=\"elementor-icon-list-text\">Sehr leichte Handhabung<\/span>\n\t\t\t\t\t\t\t\t\t<\/li>\n\t\t\t\t\t\t\t\t<li class=\"elementor-icon-list-item\">\n\t\t\t\t\t\t\t\t\t\t\t<span class=\"elementor-icon-list-icon\">\n\t\t\t\t\t\t\t<i aria-hidden=\"true\" class=\"fas fa-check\"><\/i>\t\t\t\t\t\t<\/span>\n\t\t\t\t\t\t\t\t\t\t<span class=\"elementor-icon-list-text\">Ab DN 600 mm selbstfahrend<\/span>\n\t\t\t\t\t\t\t\t\t<\/li>\n\t\t\t\t\t\t\t\t<li class=\"elementor-icon-list-item\">\n\t\t\t\t\t\t\t\t\t\t\t<span class=\"elementor-icon-list-icon\">\n\t\t\t\t\t\t\t<i aria-hidden=\"true\" class=\"fas fa-check\"><\/i>\t\t\t\t\t\t<\/span>\n\t\t\t\t\t\t\t\t\t\t<span class=\"elementor-icon-list-text\">Hohe Schleuderenergie ergibt hervorragende Haftung<\/span>\n\t\t\t\t\t\t\t\t\t<\/li>\n\t\t\t\t\t\t<\/ul>\n\t\t\t\t\t\t<\/div>\n\t\t<div class=\"elementor-element elementor-element-8287273 e-con-full e-flex elementor-invisible e-con e-child\" data-id=\"8287273\" data-element_type=\"container\" data-e-type=\"container\" data-settings=\"{&quot;animation&quot;:&quot;fadeIn&quot;,&quot;animation_delay&quot;:500,&quot;background_background&quot;:&quot;classic&quot;}\">\n\t\t\t\t<div class=\"elementor-element elementor-element-1f8feef elementor-widget elementor-widget-image\" data-id=\"1f8feef\" data-element_type=\"widget\" data-e-type=\"widget\" data-widget_type=\"image.default\">\n\t\t\t\t\t\t\t\t\t\t\t\t\t\t\t<img fetchpriority=\"high\" decoding=\"async\" width=\"500\" height=\"500\" src=\"https:\/\/www.hermes-technologie.de\/wp-content\/uploads\/2025\/04\/ReproLining.png\" class=\"elementor-animation-grow attachment-full size-full wp-image-4477\" alt=\"\" srcset=\"https:\/\/www.hermes-technologie.de\/wp-content\/uploads\/2025\/04\/ReproLining.png 500w, https:\/\/www.hermes-technologie.de\/wp-content\/uploads\/2025\/04\/ReproLining-300x300.png 300w, https:\/\/www.hermes-technologie.de\/wp-content\/uploads\/2025\/04\/ReproLining-150x150.png 150w, https:\/\/www.hermes-technologie.de\/wp-content\/uploads\/2025\/04\/ReproLining-12x12.png 12w\" sizes=\"(max-width: 500px) 100vw, 500px\" \/>\t\t\t\t\t\t\t\t\t\t\t\t\t\t\t<\/div>\n\t\t\t\t<\/div>\n\t\t\t\t<\/div>\n\t\t\t\t\t<\/div>\n\t\t\t\t<\/div>\n\t\t<div class=\"elementor-element elementor-element-162c1de e-flex e-con-boxed e-con e-parent\" data-id=\"162c1de\" data-element_type=\"container\" data-e-type=\"container\">\n\t\t\t\t\t<div class=\"e-con-inner\">\n\t\t<div class=\"elementor-element elementor-element-da16f58 e-con-full e-flex e-con e-child\" data-id=\"da16f58\" data-element_type=\"container\" data-e-type=\"container\">\n\t\t\t\t<div class=\"elementor-element elementor-element-1223e9b elementor-widget elementor-widget-heading\" data-id=\"1223e9b\" data-element_type=\"widget\" data-e-type=\"widget\" data-widget_type=\"heading.default\">\n\t\t\t\t\t<h3 class=\"elementor-heading-title elementor-size-default\">Anwendung<\/h3>\t\t\t\t<\/div>\n\t\t\t\t<div class=\"elementor-element elementor-element-5daae12 elementor-icon-list--layout-traditional elementor-list-item-link-full_width elementor-widget elementor-widget-icon-list\" data-id=\"5daae12\" data-element_type=\"widget\" data-e-type=\"widget\" data-widget_type=\"icon-list.default\">\n\t\t\t\t\t\t\t<ul class=\"elementor-icon-list-items\">\n\t\t\t\t\t\t\t<li class=\"elementor-icon-list-item\">\n\t\t\t\t\t\t\t\t\t\t\t<span class=\"elementor-icon-list-icon\">\n\t\t\t\t\t\t\t<i aria-hidden=\"true\" class=\"fas fa-circle\"><\/i>\t\t\t\t\t\t<\/span>\n\t\t\t\t\t\t\t\t\t\t<span class=\"elementor-icon-list-text\">Schritt 1: Vorbereitung mit Kanalroboter: Einsatz eines modernen Kanalroboters f\u00fcr Fr\u00e4sarbeiten, um grobe Ablagerungen und hervorstehende Stutzen zu entfernen.<\/span>\n\t\t\t\t\t\t\t\t\t<\/li>\n\t\t\t\t\t\t\t\t<li class=\"elementor-icon-list-item\">\n\t\t\t\t\t\t\t\t\t\t\t<span class=\"elementor-icon-list-icon\">\n\t\t\t\t\t\t\t<i aria-hidden=\"true\" class=\"fas fa-circle\"><\/i>\t\t\t\t\t\t<\/span>\n\t\t\t\t\t\t\t\t\t\t<span class=\"elementor-icon-list-text\">Schritt 2: Gr\u00fcndliche Reinigung mit Wasserhochdruck: Entfernung von losen Partikeln, trennenden Mitteln und Ablagerungen durch gr\u00fcndliche Reinigung mit Wasserhochdruck.<\/span>\n\t\t\t\t\t\t\t\t\t<\/li>\n\t\t\t\t\t\t\t\t<li class=\"elementor-icon-list-item\">\n\t\t\t\t\t\t\t\t\t\t\t<span class=\"elementor-icon-list-icon\">\n\t\t\t\t\t\t\t<i aria-hidden=\"true\" class=\"fas fa-circle\"><\/i>\t\t\t\t\t\t<\/span>\n\t\t\t\t\t\t\t\t\t\t<span class=\"elementor-icon-list-text\">Schritt 3: Entfernung von stehendem Wasser: Bew\u00e4ltigung von stehendem Wasser durch Absaugen oder mittels Druckluft aus der Leitung.<\/span>\n\t\t\t\t\t\t\t\t\t<\/li>\n\t\t\t\t\t\t\t\t<li class=\"elementor-icon-list-item\">\n\t\t\t\t\t\t\t\t\t\t\t<span class=\"elementor-icon-list-icon\">\n\t\t\t\t\t\t\t<i aria-hidden=\"true\" class=\"fas fa-circle\"><\/i>\t\t\t\t\t\t<\/span>\n\t\t\t\t\t\t\t\t\t\t<span class=\"elementor-icon-list-text\">Schritt 4: Einrichtung im Startschacht: Platzierung einer Absperrblase in der vorherigen Haltung im Startschacht. Verschluss der Hausanschl\u00fcsse innerhalb der zu sanierenden Haltung mit einer Blase. Gegebenenfalls Aufbau einer Abwasser\u00fcberleitung.<\/span>\n\t\t\t\t\t\t\t\t\t<\/li>\n\t\t\t\t\t\t<\/ul>\n\t\t\t\t\t\t<\/div>\n\t\t\t\t<\/div>\n\t\t<div class=\"elementor-element elementor-element-1d501ca e-con-full e-flex e-con e-child\" data-id=\"1d501ca\" data-element_type=\"container\" data-e-type=\"container\">\n\t\t\t\t<div class=\"elementor-element elementor-element-91ef89a elementor-icon-list--layout-traditional elementor-list-item-link-full_width elementor-widget elementor-widget-icon-list\" data-id=\"91ef89a\" data-element_type=\"widget\" data-e-type=\"widget\" data-widget_type=\"icon-list.default\">\n\t\t\t\t\t\t\t<ul class=\"elementor-icon-list-items\">\n\t\t\t\t\t\t\t<li class=\"elementor-icon-list-item\">\n\t\t\t\t\t\t\t\t\t\t\t<span class=\"elementor-icon-list-icon\">\n\t\t\t\t\t\t\t<i aria-hidden=\"true\" class=\"fas fa-circle\"><\/i>\t\t\t\t\t\t<\/span>\n\t\t\t\t\t\t\t\t\t\t<span class=\"elementor-icon-list-text\">Schritt 5: Vorbereitung f\u00fcr Reprofilierung: Einziehen eines Zugseils. Verbindung mit dem Reprofilierungsger\u00e4t. Sorgf\u00e4ltige Vorbereitung von dem WW ERGELIT-M\u00f6rtel in einem Zwangsmischer.<\/span>\n\t\t\t\t\t\t\t\t\t<\/li>\n\t\t\t\t\t\t\t\t<li class=\"elementor-icon-list-item\">\n\t\t\t\t\t\t\t\t\t\t\t<span class=\"elementor-icon-list-icon\">\n\t\t\t\t\t\t\t<i aria-hidden=\"true\" class=\"fas fa-circle\"><\/i>\t\t\t\t\t\t<\/span>\n\t\t\t\t\t\t\t\t\t\t<span class=\"elementor-icon-list-text\">Schritt 6: Auftragung des ERGELIT M\u00f6rtels: Auftragung des frisch gemischten ERGELIT M\u00f6rtels vor das Reprofilierungsger\u00e4t. Mithilfe einer Winde wird das Material durch die Rohrleitung in Flie\u00dfrichtung gezogen.<\/span>\n\t\t\t\t\t\t\t\t\t<\/li>\n\t\t\t\t\t\t\t\t<li class=\"elementor-icon-list-item\">\n\t\t\t\t\t\t\t\t\t\t\t<span class=\"elementor-icon-list-icon\">\n\t\t\t\t\t\t\t<i aria-hidden=\"true\" class=\"fas fa-circle\"><\/i>\t\t\t\t\t\t<\/span>\n\t\t\t\t\t\t\t\t\t\t<span class=\"elementor-icon-list-text\">Schritt 7: Gleichm\u00e4\u00dfige Verteilung des Materials: Gew\u00e4hrleistung einer gleichm\u00e4\u00dfigen Verteilung des Materials in den Hohlr\u00e4umen der Kanalsohle.<\/span>\n\t\t\t\t\t\t\t\t\t<\/li>\n\t\t\t\t\t\t\t\t<li class=\"elementor-icon-list-item\">\n\t\t\t\t\t\t\t\t\t\t\t<span class=\"elementor-icon-list-icon\">\n\t\t\t\t\t\t\t<i aria-hidden=\"true\" class=\"fas fa-circle\"><\/i>\t\t\t\t\t\t<\/span>\n\t\t\t\t\t\t\t\t\t\t<span class=\"elementor-icon-list-text\">Schritt 8: \u00dcberpr\u00fcfung des Sanierungsergebnisses: Umfassende Kamerabefahrung zur \u00dcberpr\u00fcfung des Sanierungsergebnisses.<\/span>\n\t\t\t\t\t\t\t\t\t<\/li>\n\t\t\t\t\t\t\t\t<li class=\"elementor-icon-list-item\">\n\t\t\t\t\t\t\t\t\t\t\t<span class=\"elementor-icon-list-icon\">\n\t\t\t\t\t\t\t<i aria-hidden=\"true\" class=\"fas fa-circle\"><\/i>\t\t\t\t\t\t<\/span>\n\t\t\t\t\t\t\t\t\t\t<span class=\"elementor-icon-list-text\">Schritt 9: Beaufschlagung mit Abwasser: Nach etwa 2 Stunden, in Abh\u00e4ngig vom verwendeten WW ERGELIT-M\u00f6rtel, kann der reprofilierte Kanal wieder in Betrieb genommen werden.<\/span>\n\t\t\t\t\t\t\t\t\t<\/li>\n\t\t\t\t\t\t<\/ul>\n\t\t\t\t\t\t<\/div>\n\t\t\t\t<\/div>\n\t\t\t\t\t<\/div>\n\t\t\t\t<\/div>\n\t\t<div class=\"elementor-element elementor-element-6fad8fd e-flex e-con-boxed e-con e-parent\" data-id=\"6fad8fd\" data-element_type=\"container\" data-e-type=\"container\">\n\t\t\t\t\t<div class=\"e-con-inner\">\n\t\t<div class=\"elementor-element elementor-element-30aca1a e-con-full e-flex e-con e-child\" data-id=\"30aca1a\" data-element_type=\"container\" data-e-type=\"container\">\n\t\t\t\t<div class=\"elementor-element elementor-element-ec75c96 elementor-widget elementor-widget-image\" data-id=\"ec75c96\" data-element_type=\"widget\" data-e-type=\"widget\" data-widget_type=\"image.default\">\n\t\t\t\t\t\t\t\t\t\t\t\t\t\t\t<img decoding=\"async\" width=\"500\" height=\"500\" src=\"https:\/\/www.hermes-technologie.de\/wp-content\/uploads\/2025\/04\/ReproLining2.webp\" class=\"attachment-full size-full wp-image-4478\" alt=\"\" srcset=\"https:\/\/www.hermes-technologie.de\/wp-content\/uploads\/2025\/04\/ReproLining2.webp 500w, https:\/\/www.hermes-technologie.de\/wp-content\/uploads\/2025\/04\/ReproLining2-300x300.webp 300w, https:\/\/www.hermes-technologie.de\/wp-content\/uploads\/2025\/04\/ReproLining2-150x150.webp 150w, https:\/\/www.hermes-technologie.de\/wp-content\/uploads\/2025\/04\/ReproLining2-12x12.webp 12w\" sizes=\"(max-width: 500px) 100vw, 500px\" \/>\t\t\t\t\t\t\t\t\t\t\t\t\t\t\t<\/div>\n\t\t\t\t<\/div>\n\t\t<div class=\"elementor-element elementor-element-800344b e-con-full e-flex e-con e-child\" data-id=\"800344b\" data-element_type=\"container\" data-e-type=\"container\">\n\t\t\t\t<div class=\"elementor-element elementor-element-1c3668e elementor-widget elementor-widget-image\" data-id=\"1c3668e\" data-element_type=\"widget\" data-e-type=\"widget\" data-widget_type=\"image.default\">\n\t\t\t\t\t\t\t\t\t\t\t\t\t\t\t<img decoding=\"async\" width=\"500\" height=\"500\" src=\"https:\/\/www.hermes-technologie.de\/wp-content\/uploads\/2025\/04\/ReproLining3.webp\" class=\"attachment-full size-full wp-image-4479\" alt=\"\" srcset=\"https:\/\/www.hermes-technologie.de\/wp-content\/uploads\/2025\/04\/ReproLining3.webp 500w, https:\/\/www.hermes-technologie.de\/wp-content\/uploads\/2025\/04\/ReproLining3-300x300.webp 300w, https:\/\/www.hermes-technologie.de\/wp-content\/uploads\/2025\/04\/ReproLining3-150x150.webp 150w, https:\/\/www.hermes-technologie.de\/wp-content\/uploads\/2025\/04\/ReproLining3-12x12.webp 12w\" sizes=\"(max-width: 500px) 100vw, 500px\" \/>\t\t\t\t\t\t\t\t\t\t\t\t\t\t\t<\/div>\n\t\t\t\t<\/div>\n\t\t<div class=\"elementor-element elementor-element-24b32f7 e-con-full e-flex e-con e-child\" data-id=\"24b32f7\" data-element_type=\"container\" data-e-type=\"container\">\n\t\t\t\t<div class=\"elementor-element elementor-element-6b9296a elementor-widget elementor-widget-image\" data-id=\"6b9296a\" data-element_type=\"widget\" data-e-type=\"widget\" data-widget_type=\"image.default\">\n\t\t\t\t\t\t\t\t\t\t\t\t\t\t\t<img loading=\"lazy\" decoding=\"async\" width=\"500\" height=\"500\" src=\"https:\/\/www.hermes-technologie.de\/wp-content\/uploads\/2025\/04\/ReproLining4.webp\" class=\"attachment-full size-full wp-image-4480\" alt=\"\" srcset=\"https:\/\/www.hermes-technologie.de\/wp-content\/uploads\/2025\/04\/ReproLining4.webp 500w, https:\/\/www.hermes-technologie.de\/wp-content\/uploads\/2025\/04\/ReproLining4-300x300.webp 300w, https:\/\/www.hermes-technologie.de\/wp-content\/uploads\/2025\/04\/ReproLining4-150x150.webp 150w, https:\/\/www.hermes-technologie.de\/wp-content\/uploads\/2025\/04\/ReproLining4-12x12.webp 12w\" sizes=\"(max-width: 500px) 100vw, 500px\" \/>\t\t\t\t\t\t\t\t\t\t\t\t\t\t\t<\/div>\n\t\t\t\t<\/div>\n\t\t\t\t\t<\/div>\n\t\t\t\t<\/div>\n\t\t<div class=\"elementor-element elementor-element-1cd9170 e-flex e-con-boxed e-con e-parent\" data-id=\"1cd9170\" data-element_type=\"container\" data-e-type=\"container\">\n\t\t\t\t\t<div class=\"e-con-inner\">\n\t\t\t\t<div class=\"elementor-element elementor-element-3efb372 elementor-widget__width-inherit elementor-invisible elementor-widget elementor-widget-text-editor\" data-id=\"3efb372\" data-element_type=\"widget\" data-e-type=\"widget\" data-settings=\"{&quot;_animation&quot;:&quot;fadeIn&quot;}\" data-widget_type=\"text-editor.default\">\n\t\t\t\t\t\t\t\t\t<p>PAssende produkte<\/p>\t\t\t\t\t\t\t\t<\/div>\n\t\t\t\t<div class=\"elementor-element elementor-element-45f47cc elementor-arrows-position-outside elementor-widget elementor-widget-n-carousel\" data-id=\"45f47cc\" data-element_type=\"widget\" data-e-type=\"widget\" data-settings=\"{&quot;carousel_items&quot;:[{&quot;slide_title&quot;:&quot;Slide #3&quot;,&quot;_id&quot;:&quot;c642132&quot;},{&quot;slide_title&quot;:&quot;Slide #3&quot;,&quot;_id&quot;:&quot;e46cebf&quot;}],&quot;slides_to_show&quot;:&quot;3&quot;,&quot;autoplay_speed&quot;:4000,&quot;speed&quot;:400,&quot;image_spacing_custom&quot;:{&quot;unit&quot;:&quot;px&quot;,&quot;size&quot;:22,&quot;sizes&quot;:[]},&quot;slides_to_show_tablet&quot;:&quot;2&quot;,&quot;slides_to_show_mobile&quot;:&quot;1&quot;,&quot;autoplay&quot;:&quot;yes&quot;,&quot;pause_on_hover&quot;:&quot;yes&quot;,&quot;pause_on_interaction&quot;:&quot;yes&quot;,&quot;infinite&quot;:&quot;yes&quot;,&quot;offset_sides&quot;:&quot;none&quot;,&quot;arrows&quot;:&quot;yes&quot;,&quot;image_spacing_custom_tablet&quot;:{&quot;unit&quot;:&quot;px&quot;,&quot;size&quot;:&quot;&quot;,&quot;sizes&quot;:[]},&quot;image_spacing_custom_mobile&quot;:{&quot;unit&quot;:&quot;px&quot;,&quot;size&quot;:&quot;&quot;,&quot;sizes&quot;:[]}}\" data-widget_type=\"nested-carousel.default\">\n\t\t\t\t\t\t\t<div class=\"e-n-carousel swiper\" role=\"region\" aria-roledescription=\"carousel\" aria-label=\"Karussell\" dir=\"ltr\">\n\t\t\t<div class=\"swiper-wrapper\" aria-live=\"off\">\n\t\t\t\t\t\t\t\t\t\t<div class=\"swiper-slide\" data-slide=\"1\" role=\"group\" aria-roledescription=\"slide\" aria-label=\"1 sur 2\">\n\t\t\t\t\t\t\t<div class=\"elementor-element elementor-element-b5d7197 e-flex e-con-boxed e-con e-child\" data-id=\"b5d7197\" data-element_type=\"container\" data-e-type=\"container\">\n\t\t\t\t\t<div class=\"e-con-inner\">\n\t\t\t\t<div class=\"elementor-element elementor-element-63b2085 elementor-widget elementor-widget-image\" data-id=\"63b2085\" data-element_type=\"widget\" data-e-type=\"widget\" data-widget_type=\"image.default\">\n\t\t\t\t\t\t\t\t\t\t\t\t\t\t\t\t<a href=\"\/product\/ergelit-ks1\/\">\n\t\t\t\t\t\t\t<img loading=\"lazy\" decoding=\"async\" width=\"260\" height=\"259\" src=\"https:\/\/www.hermes-technologie.de\/wp-content\/uploads\/2025\/04\/ergelit_sack_rot_blau.png\" class=\"attachment-full size-full wp-image-3711\" alt=\"ergelit-ks1\" srcset=\"https:\/\/www.hermes-technologie.de\/wp-content\/uploads\/2025\/04\/ergelit_sack_rot_blau.png 260w, https:\/\/www.hermes-technologie.de\/wp-content\/uploads\/2025\/04\/ergelit_sack_rot_blau-150x150.png 150w, https:\/\/www.hermes-technologie.de\/wp-content\/uploads\/2025\/04\/ergelit_sack_rot_blau-12x12.png 12w\" sizes=\"(max-width: 260px) 100vw, 260px\" \/>\t\t\t\t\t\t\t\t<\/a>\n\t\t\t\t\t\t\t\t\t\t\t\t\t\t\t<\/div>\n\t\t\t\t<div class=\"elementor-element elementor-element-3459efc elementor-widget elementor-widget-heading\" data-id=\"3459efc\" data-element_type=\"widget\" data-e-type=\"widget\" data-widget_type=\"heading.default\">\n\t\t\t\t\t<h4 class=\"elementor-heading-title elementor-size-default\"><a href=\"\/product\/ergelit-ks1\/\">ERGELIT-KS1<\/a><\/h4>\t\t\t\t<\/div>\n\t\t\t\t\t<\/div>\n\t\t\t\t<\/div>\n\t\t\t\t\t\t\t\t<\/div>\n\t\t\t\t\t\t\t\t\t\t\t<div class=\"swiper-slide\" data-slide=\"2\" role=\"group\" aria-roledescription=\"slide\" aria-label=\"2 sur 2\">\n\t\t\t\t\t\t\t<div class=\"elementor-element elementor-element-11d1d58 e-flex e-con-boxed e-con e-child\" data-id=\"11d1d58\" data-element_type=\"container\" data-e-type=\"container\">\n\t\t\t\t\t<div class=\"e-con-inner\">\n\t\t\t\t<div class=\"elementor-element elementor-element-5049892 elementor-widget elementor-widget-image\" data-id=\"5049892\" data-element_type=\"widget\" data-e-type=\"widget\" data-widget_type=\"image.default\">\n\t\t\t\t\t\t\t\t\t\t\t\t\t\t\t\t<a href=\"\/product\/ergelit-ks2\/\">\n\t\t\t\t\t\t\t<img loading=\"lazy\" decoding=\"async\" width=\"260\" height=\"259\" src=\"https:\/\/www.hermes-technologie.de\/wp-content\/uploads\/2025\/04\/ergelit_sack_rot_blau.png\" class=\"attachment-full size-full wp-image-3711\" alt=\"ergelit-ks1\" srcset=\"https:\/\/www.hermes-technologie.de\/wp-content\/uploads\/2025\/04\/ergelit_sack_rot_blau.png 260w, https:\/\/www.hermes-technologie.de\/wp-content\/uploads\/2025\/04\/ergelit_sack_rot_blau-150x150.png 150w, https:\/\/www.hermes-technologie.de\/wp-content\/uploads\/2025\/04\/ergelit_sack_rot_blau-12x12.png 12w\" sizes=\"(max-width: 260px) 100vw, 260px\" \/>\t\t\t\t\t\t\t\t<\/a>\n\t\t\t\t\t\t\t\t\t\t\t\t\t\t\t<\/div>\n\t\t\t\t<div class=\"elementor-element elementor-element-31de9ce elementor-widget elementor-widget-heading\" data-id=\"31de9ce\" data-element_type=\"widget\" data-e-type=\"widget\" data-widget_type=\"heading.default\">\n\t\t\t\t\t<h4 class=\"elementor-heading-title elementor-size-default\"><a href=\"\/product\/ergelit-ks2\/\">ERGELIT-KS2<\/a><\/h4>\t\t\t\t<\/div>\n\t\t\t\t\t<\/div>\n\t\t\t\t<\/div>\n\t\t\t\t\t\t\t\t<\/div>\n\t\t\t\t\t\t\t\t<\/div>\n\t\t<\/div>\n\t\t\t\t\t<div class=\"elementor-swiper-button elementor-swiper-button-prev\" role=\"button\" tabindex=\"0\" aria-label=\"Pr\u00e9c\u00e9dent\">\n\t\t\t\t<i aria-hidden=\"true\" class=\"eicon-chevron-left\"><\/i>\t\t\t<\/div>\n\t\t\t<div class=\"elementor-swiper-button elementor-swiper-button-next\" role=\"button\" tabindex=\"0\" aria-label=\"Suivant\">\n\t\t\t\t<i aria-hidden=\"true\" class=\"eicon-chevron-right\"><\/i>\t\t\t<\/div>\n\t\t\t\t\t\t<\/div>\n\t\t\t\t\t<\/div>\n\t\t\t\t<\/div>\n\t\t\t\t<\/div>\n\t\t","protected":false},"excerpt":{"rendered":"<p>Artikelnummer : HTD-60000 ReproLining\u00ae 0.5 Sohlen-Reprofilierungsger\u00e4t Sohlen-Reprofilierungsger\u00e4t zur Instandsetzung der Kanalsohle in Verbindung mit ERGELIT-M\u00f6rteln Weitere Eigenschaften Reprolining 0.5 ist ein effizientes Sohlensanierungsverfahren, das darauf abzielt, besch\u00e4digte Sohlen von Abwasserleitungen pr\u00e4zise zu sanieren. Diese Technik eignet sich besonders gut f\u00fcr die gezielte Sanierung von besch\u00e4digten Kanalsohlen in nicht begehbaren Bereichen mit einem Durchmesser von DN [&hellip;]<\/p>\n","protected":false},"author":3,"featured_media":0,"parent":0,"menu_order":0,"comment_status":"closed","ping_status":"closed","template":"","meta":{"footnotes":""},"class_list":["post-4465","page","type-page","status-publish","hentry"],"_links":{"self":[{"href":"https:\/\/www.hermes-technologie.de\/fr\/wp-json\/wp\/v2\/pages\/4465","targetHints":{"allow":["GET"]}}],"collection":[{"href":"https:\/\/www.hermes-technologie.de\/fr\/wp-json\/wp\/v2\/pages"}],"about":[{"href":"https:\/\/www.hermes-technologie.de\/fr\/wp-json\/wp\/v2\/types\/page"}],"author":[{"embeddable":true,"href":"https:\/\/www.hermes-technologie.de\/fr\/wp-json\/wp\/v2\/users\/3"}],"replies":[{"embeddable":true,"href":"https:\/\/www.hermes-technologie.de\/fr\/wp-json\/wp\/v2\/comments?post=4465"}],"version-history":[{"count":3,"href":"https:\/\/www.hermes-technologie.de\/fr\/wp-json\/wp\/v2\/pages\/4465\/revisions"}],"predecessor-version":[{"id":10616,"href":"https:\/\/www.hermes-technologie.de\/fr\/wp-json\/wp\/v2\/pages\/4465\/revisions\/10616"}],"wp:attachment":[{"href":"https:\/\/www.hermes-technologie.de\/fr\/wp-json\/wp\/v2\/media?parent=4465"}],"curies":[{"name":"wp","href":"https:\/\/api.w.org\/{rel}","templated":true}]}}