{"id":4816,"date":"2025-04-22T16:15:41","date_gmt":"2025-04-22T14:15:41","guid":{"rendered":"https:\/\/www.hermes-technologie.de\/?page_id=4816"},"modified":"2026-02-11T16:24:20","modified_gmt":"2026-02-11T15:24:20","slug":"pompe-a-moertel-rh20s","status":"publish","type":"page","link":"https:\/\/www.hermes-technologie.de\/fr\/moertelpumpe-rh20s\/","title":{"rendered":"Pompe \u00e0 mortier RH20S"},"content":{"rendered":"\t\t<div data-elementor-type=\"wp-page\" data-elementor-id=\"4816\" class=\"elementor elementor-4816\" data-elementor-post-type=\"page\">\n\t\t\t\t<div class=\"elementor-element elementor-element-e6f5305 e-con-full e-flex e-con e-parent\" data-id=\"e6f5305\" data-element_type=\"container\" data-e-type=\"container\" data-settings=\"{&quot;background_background&quot;:&quot;classic&quot;}\">\n\t\t\t\t<\/div>\n\t\t<div class=\"elementor-element elementor-element-41cc016 e-flex e-con-boxed e-con e-parent\" data-id=\"41cc016\" data-element_type=\"container\" data-e-type=\"container\">\n\t\t\t\t\t<div class=\"e-con-inner\">\n\t\t<div class=\"elementor-element elementor-element-5a4599f e-con-full e-flex elementor-invisible e-con e-child\" data-id=\"5a4599f\" data-element_type=\"container\" data-e-type=\"container\" data-settings=\"{&quot;animation&quot;:&quot;fadeIn&quot;}\">\n\t\t\t\t<div class=\"elementor-element elementor-element-37b119a elementor-widget elementor-widget-heading\" data-id=\"37b119a\" data-element_type=\"widget\" data-e-type=\"widget\" data-widget_type=\"heading.default\">\n\t\t\t\t\t<h2 class=\"elementor-heading-title elementor-size-default\">Artikelnummer : HTD-91000<\/h2>\t\t\t\t<\/div>\n\t\t\t\t<div class=\"elementor-element elementor-element-ff825dc elementor-widget__width-inherit elementor-invisible elementor-widget elementor-widget-text-editor\" data-id=\"ff825dc\" data-element_type=\"widget\" data-e-type=\"widget\" data-settings=\"{&quot;_animation&quot;:&quot;fadeIn&quot;}\" data-widget_type=\"text-editor.default\">\n\t\t\t\t\t\t\t\t\t<p>M\u00f6rtelpumpe RH20S<\/p>\t\t\t\t\t\t\t\t<\/div>\n\t\t\t\t<div class=\"elementor-element elementor-element-e447f08 elementor-widget elementor-widget-heading\" data-id=\"e447f08\" data-element_type=\"widget\" data-e-type=\"widget\" data-widget_type=\"heading.default\">\n\t\t\t\t\t<h2 class=\"elementor-heading-title elementor-size-default\">Hochfestes, 2-komponetiges Injektionsharz<\/h2>\t\t\t\t<\/div>\n\t\t\t\t<div class=\"elementor-element elementor-element-377fd45 elementor-widget elementor-widget-text-editor\" data-id=\"377fd45\" data-element_type=\"widget\" data-e-type=\"widget\" data-widget_type=\"text-editor.default\">\n\t\t\t\t\t\t\t\t\t<p>M\u00f6rtelpumpe RH20S : mobile Schneckenpumpe zum F\u00f6rdern von ERGELIT Frischm\u00f6rtel f\u00fcr Injektionsarbeiten und Druckverfugung<\/p>\t\t\t\t\t\t\t\t<\/div>\n\t\t\t\t<div class=\"elementor-element elementor-element-16c5378 elementor-widget elementor-widget-heading\" data-id=\"16c5378\" data-element_type=\"widget\" data-e-type=\"widget\" data-widget_type=\"heading.default\">\n\t\t\t\t\t<h3 class=\"elementor-heading-title elementor-size-default\">Weitere Eigenschaften<\/h3>\t\t\t\t<\/div>\n\t\t\t\t<div class=\"elementor-element elementor-element-9016596 elementor-widget elementor-widget-text-editor\" data-id=\"9016596\" data-element_type=\"widget\" data-e-type=\"widget\" data-widget_type=\"text-editor.default\">\n\t\t\t\t\t\t\t\t\t<p>Mit der F\u00f6rdermengenregulierung kann die Maschine stufenlos von Stillstand bis zur maximalen Geschwindigkeit reguliert werden.\u00a0<\/p><p>Die Pumpe ist f\u00fcr die Verfugungsarbeiten und M\u00f6rtelinjektionen konzipiert, bei denen der M\u00f6rtel noch von Hand gemischt werden kann.<\/p>\t\t\t\t\t\t\t\t<\/div>\n\t\t\t\t<div class=\"elementor-element elementor-element-30d65f6 elementor-icon-list--layout-traditional elementor-list-item-link-full_width elementor-widget elementor-widget-icon-list\" data-id=\"30d65f6\" data-element_type=\"widget\" data-e-type=\"widget\" data-widget_type=\"icon-list.default\">\n\t\t\t\t\t\t\t<ul class=\"elementor-icon-list-items\">\n\t\t\t\t\t\t\t<li class=\"elementor-icon-list-item\">\n\t\t\t\t\t\t\t\t\t\t\t<span class=\"elementor-icon-list-icon\">\n\t\t\t\t\t\t\t<i aria-hidden=\"true\" class=\"fas fa-circle\"><\/i>\t\t\t\t\t\t<\/span>\n\t\t\t\t\t\t\t\t\t\t<span class=\"elementor-icon-list-text\">30 Liter Kunststoffbeh\u00e4lter, Spritzschutz, Rotor, Stator<\/span>\n\t\t\t\t\t\t\t\t\t<\/li>\n\t\t\t\t\t\t\t\t<li class=\"elementor-icon-list-item\">\n\t\t\t\t\t\t\t\t\t\t\t<span class=\"elementor-icon-list-icon\">\n\t\t\t\t\t\t\t<i aria-hidden=\"true\" class=\"fas fa-circle\"><\/i>\t\t\t\t\t\t<\/span>\n\t\t\t\t\t\t\t\t\t\t<span class=\"elementor-icon-list-text\">Anschlusswert: 230V\/50Hz<\/span>\n\t\t\t\t\t\t\t\t\t<\/li>\n\t\t\t\t\t\t\t\t<li class=\"elementor-icon-list-item\">\n\t\t\t\t\t\t\t\t\t\t\t<span class=\"elementor-icon-list-icon\">\n\t\t\t\t\t\t\t<i aria-hidden=\"true\" class=\"fas fa-circle\"><\/i>\t\t\t\t\t\t<\/span>\n\t\t\t\t\t\t\t\t\t\t<span class=\"elementor-icon-list-text\">Motorleistung: 1.8 kW<\/span>\n\t\t\t\t\t\t\t\t\t<\/li>\n\t\t\t\t\t\t\t\t<li class=\"elementor-icon-list-item\">\n\t\t\t\t\t\t\t\t\t\t\t<span class=\"elementor-icon-list-icon\">\n\t\t\t\t\t\t\t<i aria-hidden=\"true\" class=\"fas fa-circle\"><\/i>\t\t\t\t\t\t<\/span>\n\t\t\t\t\t\t\t\t\t\t<span class=\"elementor-icon-list-text\">Betriebsdruck: Max.15 bar<\/span>\n\t\t\t\t\t\t\t\t\t<\/li>\n\t\t\t\t\t\t\t\t<li class=\"elementor-icon-list-item\">\n\t\t\t\t\t\t\t\t\t\t\t<span class=\"elementor-icon-list-icon\">\n\t\t\t\t\t\t\t<i aria-hidden=\"true\" class=\"fas fa-circle\"><\/i>\t\t\t\t\t\t<\/span>\n\t\t\t\t\t\t\t\t\t\t<span class=\"elementor-icon-list-text\">F\u00f6rdermenge (stufenlos regelbar): 0 - 13.5l\/min<\/span>\n\t\t\t\t\t\t\t\t\t<\/li>\n\t\t\t\t\t\t\t\t<li class=\"elementor-icon-list-item\">\n\t\t\t\t\t\t\t\t\t\t\t<span class=\"elementor-icon-list-icon\">\n\t\t\t\t\t\t\t<i aria-hidden=\"true\" class=\"fas fa-circle\"><\/i>\t\t\t\t\t\t<\/span>\n\t\t\t\t\t\t\t\t\t\t<span class=\"elementor-icon-list-text\">Korngr\u00f6\u00dfe: Max. 3 mm<\/span>\n\t\t\t\t\t\t\t\t\t<\/li>\n\t\t\t\t\t\t\t\t<li class=\"elementor-icon-list-item\">\n\t\t\t\t\t\t\t\t\t\t\t<span class=\"elementor-icon-list-icon\">\n\t\t\t\t\t\t\t<i aria-hidden=\"true\" class=\"fas fa-circle\"><\/i>\t\t\t\t\t\t<\/span>\n\t\t\t\t\t\t\t\t\t\t<span class=\"elementor-icon-list-text\">Gewicht: 26 kg<\/span>\n\t\t\t\t\t\t\t\t\t<\/li>\n\t\t\t\t\t\t\t\t<li class=\"elementor-icon-list-item\">\n\t\t\t\t\t\t\t\t\t\t\t<span class=\"elementor-icon-list-icon\">\n\t\t\t\t\t\t\t<i aria-hidden=\"true\" class=\"fas fa-circle\"><\/i>\t\t\t\t\t\t<\/span>\n\t\t\t\t\t\t\t\t\t\t<span class=\"elementor-icon-list-text\">LxBxH: 80x52x90 cm<\/span>\n\t\t\t\t\t\t\t\t\t<\/li>\n\t\t\t\t\t\t\t\t<li class=\"elementor-icon-list-item\">\n\t\t\t\t\t\t\t\t\t\t\t<span class=\"elementor-icon-list-icon\">\n\t\t\t\t\t\t\t<i aria-hidden=\"true\" class=\"fas fa-circle\"><\/i>\t\t\t\t\t\t<\/span>\n\t\t\t\t\t\t\t\t\t\t<span class=\"elementor-icon-list-text\">Wartungsarm<\/span>\n\t\t\t\t\t\t\t\t\t<\/li>\n\t\t\t\t\t\t<\/ul>\n\t\t\t\t\t\t<\/div>\n\t\t\t\t<\/div>\n\t\t<div class=\"elementor-element elementor-element-5e165df e-con-full e-flex elementor-invisible e-con e-child\" data-id=\"5e165df\" data-element_type=\"container\" data-e-type=\"container\" data-settings=\"{&quot;animation&quot;:&quot;fadeIn&quot;,&quot;animation_delay&quot;:200}\">\n\t\t\t\t<div class=\"elementor-element elementor-element-2ed97e8 elementor-widget elementor-widget-heading\" data-id=\"2ed97e8\" data-element_type=\"widget\" data-e-type=\"widget\" data-widget_type=\"heading.default\">\n\t\t\t\t\t<h4 class=\"elementor-heading-title elementor-size-default\">Besonderheiten<\/h4>\t\t\t\t<\/div>\n\t\t\t\t<div class=\"elementor-element elementor-element-58c1705 elementor-icon-list--layout-traditional elementor-list-item-link-full_width elementor-widget elementor-widget-icon-list\" data-id=\"58c1705\" data-element_type=\"widget\" data-e-type=\"widget\" data-widget_type=\"icon-list.default\">\n\t\t\t\t\t\t\t<ul class=\"elementor-icon-list-items\">\n\t\t\t\t\t\t\t<li class=\"elementor-icon-list-item\">\n\t\t\t\t\t\t\t\t\t\t\t<span class=\"elementor-icon-list-icon\">\n\t\t\t\t\t\t\t<i aria-hidden=\"true\" class=\"fas fa-check\"><\/i>\t\t\t\t\t\t<\/span>\n\t\t\t\t\t\t\t\t\t\t<span class=\"elementor-icon-list-text\">Handliche kleine M\u00f6rtelpumpe mit Fahrgestell<\/span>\n\t\t\t\t\t\t\t\t\t<\/li>\n\t\t\t\t\t\t\t\t<li class=\"elementor-icon-list-item\">\n\t\t\t\t\t\t\t\t\t\t\t<span class=\"elementor-icon-list-icon\">\n\t\t\t\t\t\t\t<i aria-hidden=\"true\" class=\"fas fa-check\"><\/i>\t\t\t\t\t\t<\/span>\n\t\t\t\t\t\t\t\t\t\t<span class=\"elementor-icon-list-text\">F\u00f6rdermenge (stufenlos regelbar): 0 - 13.5l\/min<\/span>\n\t\t\t\t\t\t\t\t\t<\/li>\n\t\t\t\t\t\t\t\t<li class=\"elementor-icon-list-item\">\n\t\t\t\t\t\t\t\t\t\t\t<span class=\"elementor-icon-list-icon\">\n\t\t\t\t\t\t\t<i aria-hidden=\"true\" class=\"fas fa-check\"><\/i>\t\t\t\t\t\t<\/span>\n\t\t\t\t\t\t\t\t\t\t<span class=\"elementor-icon-list-text\">Betriebsdruck: Max.15 bar<\/span>\n\t\t\t\t\t\t\t\t\t<\/li>\n\t\t\t\t\t\t<\/ul>\n\t\t\t\t\t\t<\/div>\n\t\t<div class=\"elementor-element elementor-element-c55dc96 e-con-full e-flex elementor-invisible e-con e-child\" data-id=\"c55dc96\" data-element_type=\"container\" data-e-type=\"container\" data-settings=\"{&quot;animation&quot;:&quot;fadeIn&quot;,&quot;animation_delay&quot;:500,&quot;background_background&quot;:&quot;classic&quot;}\">\n\t\t\t\t<div class=\"elementor-element elementor-element-2ec5eb6 elementor-widget elementor-widget-image\" data-id=\"2ec5eb6\" data-element_type=\"widget\" data-e-type=\"widget\" data-widget_type=\"image.default\">\n\t\t\t\t\t\t\t\t\t\t\t\t\t\t\t<img fetchpriority=\"high\" decoding=\"async\" width=\"500\" height=\"500\" src=\"https:\/\/www.hermes-technologie.de\/wp-content\/uploads\/2025\/04\/Moertelpumpe_20s.png\" class=\"elementor-animation-grow attachment-full size-full wp-image-4551\" alt=\"\" srcset=\"https:\/\/www.hermes-technologie.de\/wp-content\/uploads\/2025\/04\/Moertelpumpe_20s.png 500w, https:\/\/www.hermes-technologie.de\/wp-content\/uploads\/2025\/04\/Moertelpumpe_20s-300x300.png 300w, https:\/\/www.hermes-technologie.de\/wp-content\/uploads\/2025\/04\/Moertelpumpe_20s-150x150.png 150w, https:\/\/www.hermes-technologie.de\/wp-content\/uploads\/2025\/04\/Moertelpumpe_20s-12x12.png 12w\" sizes=\"(max-width: 500px) 100vw, 500px\" \/>\t\t\t\t\t\t\t\t\t\t\t\t\t\t\t<\/div>\n\t\t\t\t<div class=\"elementor-element elementor-element-4b8abb4 elementor-align-center elementor-invisible elementor-widget elementor-widget-button\" data-id=\"4b8abb4\" data-element_type=\"widget\" data-e-type=\"widget\" data-settings=\"{&quot;_animation&quot;:&quot;fadeIn&quot;,&quot;_animation_delay&quot;:600}\" data-widget_type=\"button.default\">\n\t\t\t\t\t\t\t\t\t\t<a class=\"elementor-button elementor-button-link elementor-size-sm\" href=\"\/moertel-finder\/\">\n\t\t\t\t\t\t<span class=\"elementor-button-content-wrapper\">\n\t\t\t\t\t\t<span class=\"elementor-button-icon\">\n\t\t\t\t<i aria-hidden=\"true\" class=\"icon icon-right-arrow\"><\/i>\t\t\t<\/span>\n\t\t\t\t\t\t\t\t\t<span class=\"elementor-button-text\">Zum Harz-Finder<\/span>\n\t\t\t\t\t<\/span>\n\t\t\t\t\t<\/a>\n\t\t\t\t\t\t\t\t<\/div>\n\t\t\t\t<\/div>\n\t\t\t\t<\/div>\n\t\t\t\t\t<\/div>\n\t\t\t\t<\/div>\n\t\t<div class=\"elementor-element elementor-element-1c98868 e-flex e-con-boxed e-con e-parent\" data-id=\"1c98868\" data-element_type=\"container\" data-e-type=\"container\">\n\t\t\t\t\t<div class=\"e-con-inner\">\n\t\t<div class=\"elementor-element elementor-element-0cff69d e-con-full e-flex e-con e-child\" data-id=\"0cff69d\" data-element_type=\"container\" data-e-type=\"container\">\n\t\t\t\t<div class=\"elementor-element elementor-element-4f209eb elementor-widget elementor-widget-heading\" data-id=\"4f209eb\" data-element_type=\"widget\" data-e-type=\"widget\" data-widget_type=\"heading.default\">\n\t\t\t\t\t<h3 class=\"elementor-heading-title elementor-size-default\">Anwendung<\/h3>\t\t\t\t<\/div>\n\t\t\t\t<div class=\"elementor-element elementor-element-e79edf4 elementor-icon-list--layout-traditional elementor-list-item-link-full_width elementor-widget elementor-widget-icon-list\" data-id=\"e79edf4\" data-element_type=\"widget\" data-e-type=\"widget\" data-widget_type=\"icon-list.default\">\n\t\t\t\t\t\t\t<ul class=\"elementor-icon-list-items\">\n\t\t\t\t\t\t\t<li class=\"elementor-icon-list-item\">\n\t\t\t\t\t\t\t\t\t\t\t<span class=\"elementor-icon-list-icon\">\n\t\t\t\t\t\t\t<i aria-hidden=\"true\" class=\"fas fa-circle\"><\/i>\t\t\t\t\t\t<\/span>\n\t\t\t\t\t\t\t\t\t\t<span class=\"elementor-icon-list-text\">Zum F\u00f6rdern von ERGELIT Frischm\u00f6rtel bis 3 mm K\u00f6rnung<\/span>\n\t\t\t\t\t\t\t\t\t<\/li>\n\t\t\t\t\t\t\t\t<li class=\"elementor-icon-list-item\">\n\t\t\t\t\t\t\t\t\t\t\t<span class=\"elementor-icon-list-icon\">\n\t\t\t\t\t\t\t<i aria-hidden=\"true\" class=\"fas fa-circle\"><\/i>\t\t\t\t\t\t<\/span>\n\t\t\t\t\t\t\t\t\t\t<span class=\"elementor-icon-list-text\">Geeignet f\u00fcr Pumpstrecken von bis zu 20m<\/span>\n\t\t\t\t\t\t\t\t\t<\/li>\n\t\t\t\t\t\t\t\t<li class=\"elementor-icon-list-item\">\n\t\t\t\t\t\t\t\t\t\t\t<span class=\"elementor-icon-list-icon\">\n\t\t\t\t\t\t\t<i aria-hidden=\"true\" class=\"fas fa-circle\"><\/i>\t\t\t\t\t\t<\/span>\n\t\t\t\t\t\t\t\t\t\t<span class=\"elementor-icon-list-text\">Geeignet f\u00fcr Injektionsarbeiten und Druckverfugung von Mauerwerksfugen<\/span>\n\t\t\t\t\t\t\t\t\t<\/li>\n\t\t\t\t\t\t<\/ul>\n\t\t\t\t\t\t<\/div>\n\t\t\t\t<\/div>\n\t\t\t\t\t<\/div>\n\t\t\t\t<\/div>\n\t\t<div class=\"elementor-element elementor-element-debd5b6 e-flex e-con-boxed e-con e-parent\" data-id=\"debd5b6\" data-element_type=\"container\" data-e-type=\"container\">\n\t\t\t\t\t<div class=\"e-con-inner\">\n\t\t\t\t<div class=\"elementor-element elementor-element-448f8ac elementor-widget__width-inherit elementor-invisible elementor-widget elementor-widget-text-editor\" data-id=\"448f8ac\" data-element_type=\"widget\" data-e-type=\"widget\" data-settings=\"{&quot;_animation&quot;:&quot;fadeIn&quot;}\" data-widget_type=\"text-editor.default\">\n\t\t\t\t\t\t\t\t\t<p>PAssende produkte<\/p>\t\t\t\t\t\t\t\t<\/div>\n\t\t\t\t<div class=\"elementor-element elementor-element-fe3b98c elementor-arrows-position-outside elementor-widget elementor-widget-n-carousel\" data-id=\"fe3b98c\" data-element_type=\"widget\" data-e-type=\"widget\" data-settings=\"{&quot;carousel_items&quot;:[{&quot;slide_title&quot;:&quot;Slide #2&quot;,&quot;_id&quot;:&quot;26256f9&quot;},{&quot;slide_title&quot;:&quot;Slide #2&quot;,&quot;_id&quot;:&quot;490763f&quot;}],&quot;slides_to_show&quot;:&quot;3&quot;,&quot;autoplay_speed&quot;:4000,&quot;speed&quot;:400,&quot;image_spacing_custom&quot;:{&quot;unit&quot;:&quot;px&quot;,&quot;size&quot;:22,&quot;sizes&quot;:[]},&quot;slides_to_show_tablet&quot;:&quot;2&quot;,&quot;slides_to_show_mobile&quot;:&quot;1&quot;,&quot;autoplay&quot;:&quot;yes&quot;,&quot;pause_on_hover&quot;:&quot;yes&quot;,&quot;pause_on_interaction&quot;:&quot;yes&quot;,&quot;infinite&quot;:&quot;yes&quot;,&quot;offset_sides&quot;:&quot;none&quot;,&quot;arrows&quot;:&quot;yes&quot;,&quot;image_spacing_custom_tablet&quot;:{&quot;unit&quot;:&quot;px&quot;,&quot;size&quot;:&quot;&quot;,&quot;sizes&quot;:[]},&quot;image_spacing_custom_mobile&quot;:{&quot;unit&quot;:&quot;px&quot;,&quot;size&quot;:&quot;&quot;,&quot;sizes&quot;:[]}}\" data-widget_type=\"nested-carousel.default\">\n\t\t\t\t\t\t\t<div class=\"e-n-carousel swiper\" role=\"region\" aria-roledescription=\"carousel\" aria-label=\"Karussell\" dir=\"ltr\">\n\t\t\t<div class=\"swiper-wrapper\" aria-live=\"off\">\n\t\t\t\t\t\t\t\t\t\t<div class=\"swiper-slide\" data-slide=\"1\" role=\"group\" aria-roledescription=\"slide\" aria-label=\"1 sur 2\">\n\t\t\t\t\t\t\t<div class=\"elementor-element elementor-element-51cec3d e-flex e-con-boxed e-con e-child\" data-id=\"51cec3d\" data-element_type=\"container\" data-e-type=\"container\">\n\t\t\t\t\t<div class=\"e-con-inner\">\n\t\t\t\t<div class=\"elementor-element elementor-element-8393e05 elementor-widget elementor-widget-image\" data-id=\"8393e05\" data-element_type=\"widget\" data-e-type=\"widget\" data-widget_type=\"image.default\">\n\t\t\t\t\t\t\t\t\t\t\t\t\t\t\t\t<a href=\"\/Moertel-Injektionslanze\/\">\n\t\t\t\t\t\t\t<img decoding=\"async\" width=\"500\" height=\"500\" src=\"https:\/\/www.hermes-technologie.de\/wp-content\/uploads\/2025\/04\/Moertel_Injektionslanze.png\" class=\"attachment-full size-full wp-image-4939\" alt=\"\" srcset=\"https:\/\/www.hermes-technologie.de\/wp-content\/uploads\/2025\/04\/Moertel_Injektionslanze.png 500w, https:\/\/www.hermes-technologie.de\/wp-content\/uploads\/2025\/04\/Moertel_Injektionslanze-300x300.png 300w, https:\/\/www.hermes-technologie.de\/wp-content\/uploads\/2025\/04\/Moertel_Injektionslanze-150x150.png 150w, https:\/\/www.hermes-technologie.de\/wp-content\/uploads\/2025\/04\/Moertel_Injektionslanze-12x12.png 12w\" sizes=\"(max-width: 500px) 100vw, 500px\" \/>\t\t\t\t\t\t\t\t<\/a>\n\t\t\t\t\t\t\t\t\t\t\t\t\t\t\t<\/div>\n\t\t\t\t<div class=\"elementor-element elementor-element-965b768 elementor-widget elementor-widget-heading\" data-id=\"965b768\" data-element_type=\"widget\" data-e-type=\"widget\" data-widget_type=\"heading.default\">\n\t\t\t\t\t<h4 class=\"elementor-heading-title elementor-size-default\"><a href=\"\/Moertel-Injektionslanze\/\">M\u00f6rtel Injektionslanze<\/a><\/h4>\t\t\t\t<\/div>\n\t\t\t\t\t<\/div>\n\t\t\t\t<\/div>\n\t\t\t\t\t\t\t\t<\/div>\n\t\t\t\t\t\t\t\t\t\t\t<div class=\"swiper-slide\" data-slide=\"2\" role=\"group\" aria-roledescription=\"slide\" aria-label=\"2 sur 2\">\n\t\t\t\t\t\t\t<div class=\"elementor-element elementor-element-06bf662 e-flex e-con-boxed e-con e-child\" data-id=\"06bf662\" data-element_type=\"container\" data-e-type=\"container\">\n\t\t\t\t\t<div class=\"e-con-inner\">\n\t\t\t\t<div class=\"elementor-element elementor-element-2ffc057 elementor-widget elementor-widget-image\" data-id=\"2ffc057\" data-element_type=\"widget\" data-e-type=\"widget\" data-widget_type=\"image.default\">\n\t\t\t\t\t\t\t\t\t\t\t\t\t\t\t\t<a href=\"\/ERGELIT-KBI\/\">\n\t\t\t\t\t\t\t<img decoding=\"async\" width=\"260\" height=\"259\" src=\"https:\/\/www.hermes-technologie.de\/wp-content\/uploads\/2025\/01\/ergelit_sack_rot_blau.png\" class=\"attachment-full size-full wp-image-573\" alt=\"Hermes Technologie, Schacht- und Kanalsanierung\" srcset=\"https:\/\/www.hermes-technologie.de\/wp-content\/uploads\/2025\/01\/ergelit_sack_rot_blau.png 260w, https:\/\/www.hermes-technologie.de\/wp-content\/uploads\/2025\/01\/ergelit_sack_rot_blau-150x150.png 150w\" sizes=\"(max-width: 260px) 100vw, 260px\" \/>\t\t\t\t\t\t\t\t<\/a>\n\t\t\t\t\t\t\t\t\t\t\t\t\t\t\t<\/div>\n\t\t\t\t<div class=\"elementor-element elementor-element-1ec86c6 elementor-widget elementor-widget-heading\" data-id=\"1ec86c6\" data-element_type=\"widget\" data-e-type=\"widget\" data-widget_type=\"heading.default\">\n\t\t\t\t\t<h4 class=\"elementor-heading-title elementor-size-default\"><a href=\"\/ERGELIT-KBI\/\">ERGELIT-KBI<\/a><\/h4>\t\t\t\t<\/div>\n\t\t\t\t\t<\/div>\n\t\t\t\t<\/div>\n\t\t\t\t\t\t\t\t<\/div>\n\t\t\t\t\t\t\t\t<\/div>\n\t\t<\/div>\n\t\t\t\t\t<div class=\"elementor-swiper-button elementor-swiper-button-prev\" role=\"button\" tabindex=\"0\" aria-label=\"Pr\u00e9c\u00e9dent\">\n\t\t\t\t<i aria-hidden=\"true\" class=\"eicon-chevron-left\"><\/i>\t\t\t<\/div>\n\t\t\t<div class=\"elementor-swiper-button elementor-swiper-button-next\" role=\"button\" tabindex=\"0\" aria-label=\"Suivant\">\n\t\t\t\t<i aria-hidden=\"true\" class=\"eicon-chevron-right\"><\/i>\t\t\t<\/div>\n\t\t\t\t\t\t<\/div>\n\t\t\t\t\t<\/div>\n\t\t\t\t<\/div>\n\t\t\t\t<\/div>\n\t\t","protected":false},"excerpt":{"rendered":"<p>Artikelnummer : HTD-91000 M\u00f6rtelpumpe RH20S Hochfestes, 2-komponetiges Injektionsharz M\u00f6rtelpumpe RH20S : mobile Schneckenpumpe zum F\u00f6rdern von ERGELIT Frischm\u00f6rtel f\u00fcr Injektionsarbeiten und Druckverfugung Weitere Eigenschaften Mit der F\u00f6rdermengenregulierung kann die Maschine stufenlos von Stillstand bis zur maximalen Geschwindigkeit reguliert werden.\u00a0 Die Pumpe ist f\u00fcr die Verfugungsarbeiten und M\u00f6rtelinjektionen konzipiert, bei denen der M\u00f6rtel noch von Hand [&hellip;]<\/p>\n","protected":false},"author":3,"featured_media":0,"parent":0,"menu_order":0,"comment_status":"closed","ping_status":"closed","template":"","meta":{"footnotes":""},"class_list":["post-4816","page","type-page","status-publish","hentry"],"_links":{"self":[{"href":"https:\/\/www.hermes-technologie.de\/fr\/wp-json\/wp\/v2\/pages\/4816","targetHints":{"allow":["GET"]}}],"collection":[{"href":"https:\/\/www.hermes-technologie.de\/fr\/wp-json\/wp\/v2\/pages"}],"about":[{"href":"https:\/\/www.hermes-technologie.de\/fr\/wp-json\/wp\/v2\/types\/page"}],"author":[{"embeddable":true,"href":"https:\/\/www.hermes-technologie.de\/fr\/wp-json\/wp\/v2\/users\/3"}],"replies":[{"embeddable":true,"href":"https:\/\/www.hermes-technologie.de\/fr\/wp-json\/wp\/v2\/comments?post=4816"}],"version-history":[{"count":3,"href":"https:\/\/www.hermes-technologie.de\/fr\/wp-json\/wp\/v2\/pages\/4816\/revisions"}],"predecessor-version":[{"id":10622,"href":"https:\/\/www.hermes-technologie.de\/fr\/wp-json\/wp\/v2\/pages\/4816\/revisions\/10622"}],"wp:attachment":[{"href":"https:\/\/www.hermes-technologie.de\/fr\/wp-json\/wp\/v2\/media?parent=4816"}],"curies":[{"name":"wp","href":"https:\/\/api.w.org\/{rel}","templated":true}]}}