{"id":4921,"date":"2025-04-24T12:10:48","date_gmt":"2025-04-24T10:10:48","guid":{"rendered":"https:\/\/www.hermes-technologie.de\/?page_id=4921"},"modified":"2026-01-29T09:34:17","modified_gmt":"2026-01-29T08:34:17","slug":"accessoires-de-genie-chimique","status":"publish","type":"page","link":"https:\/\/www.hermes-technologie.de\/fr\/verfahrenstechnik-zubehoer\/","title":{"rendered":"Accessoires de g\u00e9nie chimique"},"content":{"rendered":"<div data-elementor-type=\"wp-page\" data-elementor-id=\"4921\" class=\"elementor elementor-4921\" data-elementor-post-type=\"page\">\n\t\t\t\t<div class=\"elementor-element elementor-element-d1fde9f e-con-full e-flex e-con e-parent\" data-id=\"d1fde9f\" data-element_type=\"container\" data-e-type=\"container\">\n\t\t<div class=\"elementor-element elementor-element-0b48394 e-con-full e-flex e-con e-child\" data-id=\"0b48394\" data-element_type=\"container\" data-e-type=\"container\">\n\t\t<div class=\"elementor-element elementor-element-a0d07ef e-con-full e-flex e-con e-child\" data-id=\"a0d07ef\" data-element_type=\"container\" data-e-type=\"container\">\n\t\t\t\t<div class=\"elementor-element elementor-element-d274e6f elementor-widget__width-initial elementor-invisible elementor-widget elementor-widget-heading\" data-id=\"d274e6f\" data-element_type=\"widget\" data-e-type=\"widget\" data-settings=\"{&quot;_animation&quot;:&quot;fadeIn&quot;,&quot;_animation_delay&quot;:200}\" data-widget_type=\"heading.default\">\n\t\t\t\t\t<h1 class=\"elementor-heading-title elementor-size-default\">Accessoires de g\u00e9nie chimique<\/h1>\t\t\t\t<\/div>\n\t\t\t\t<\/div>\n\t\t\t\t<\/div>\n\t\t<div class=\"elementor-element elementor-element-4d14527 e-con-full e-grid e-con e-child\" data-id=\"4d14527\" data-element_type=\"container\" data-e-type=\"container\">\n\t\t<div class=\"elementor-element elementor-element-058c7d3 e-con-full e-flex elementor-invisible e-con e-child\" data-id=\"058c7d3\" data-element_type=\"container\" data-e-type=\"container\" data-settings=\"{&quot;animation&quot;:&quot;fadeIn&quot;,&quot;animation_delay&quot;:400}\">\n\t\t\t\t<div class=\"elementor-element elementor-element-6197b05 elementor-widget elementor-widget-image\" data-id=\"6197b05\" data-element_type=\"widget\" data-e-type=\"widget\" data-widget_type=\"image.default\">\n\t\t\t\t\t\t\t\t\t\t\t\t\t\t\t\t<a href=\"\/fr\/packer-a-percussion-a-lamelles-pour-injection-de-mortier\/\">\n\t\t\t\t\t\t\t<img fetchpriority=\"high\" decoding=\"async\" width=\"500\" height=\"500\" src=\"https:\/\/www.hermes-technologie.de\/wp-content\/uploads\/2025\/04\/Lammelenschlagpacker.png\" class=\"elementor-animation-grow attachment-full size-full wp-image-4935\" alt=\"\" srcset=\"https:\/\/www.hermes-technologie.de\/wp-content\/uploads\/2025\/04\/Lammelenschlagpacker.png 500w, https:\/\/www.hermes-technologie.de\/wp-content\/uploads\/2025\/04\/Lammelenschlagpacker-300x300.png 300w, https:\/\/www.hermes-technologie.de\/wp-content\/uploads\/2025\/04\/Lammelenschlagpacker-150x150.png 150w, https:\/\/www.hermes-technologie.de\/wp-content\/uploads\/2025\/04\/Lammelenschlagpacker-12x12.png 12w\" sizes=\"(max-width: 500px) 100vw, 500px\" \/>\t\t\t\t\t\t\t\t<\/a>\n\t\t\t\t\t\t\t\t\t\t\t\t\t\t\t<\/div>\n\t\t<div class=\"elementor-element elementor-element-345da8a e-con-full e-flex e-con e-child\" data-id=\"345da8a\" data-element_type=\"container\" data-e-type=\"container\">\n\t\t<div class=\"elementor-element elementor-element-c2b32d2 e-con-full e-flex e-con e-child\" data-id=\"c2b32d2\" data-element_type=\"container\" data-e-type=\"container\">\n\t\t\t\t<div class=\"elementor-element elementor-element-062f21e elementor-widget elementor-widget-heading\" data-id=\"062f21e\" data-element_type=\"widget\" data-e-type=\"widget\" data-widget_type=\"heading.default\">\n\t\t\t\t\t<h2 class=\"elementor-heading-title elementor-size-default\"><a href=\"\/fr\/packer-a-percussion-a-lamelles-pour-injection-de-mortier\/\">Paquet \u00e0 percussion \u00e0 lamelles pour l'injection de mortier<\/a><\/h2>\t\t\t\t<\/div>\n\t\t\t\t<div class=\"elementor-element elementor-element-8d636a9 elementor-widget elementor-widget-text-editor\" data-id=\"8d636a9\" data-element_type=\"widget\" data-e-type=\"widget\" data-widget_type=\"text-editor.default\">\n\t\t\t\t\t\t\t\t\t<p>Injecteur \u00e0 percussion \u00e0 lamelles pour injecter de la p\u00e2te de ciment, de la suspension de ciment, du mortier d'injection (ERGELIT-KBi) et des solutions aqueuses<\/p>\t\t\t\t\t\t\t\t<\/div>\n\t\t\t\t<\/div>\n\t\t\t\t<\/div>\n\t\t\t\t<\/div>\n\t\t<div class=\"elementor-element elementor-element-202ec55 e-con-full e-flex elementor-invisible e-con e-child\" data-id=\"202ec55\" data-element_type=\"container\" data-e-type=\"container\" data-settings=\"{&quot;animation&quot;:&quot;fadeIn&quot;,&quot;animation_delay&quot;:400}\">\n\t\t\t\t<div class=\"elementor-element elementor-element-ed3ef48 elementor-widget elementor-widget-image\" data-id=\"ed3ef48\" data-element_type=\"widget\" data-e-type=\"widget\" data-widget_type=\"image.default\">\n\t\t\t\t\t\t\t\t\t\t\t\t\t\t\t\t<a href=\"\/fr\/lance-dinjection-de-moertel\/\">\n\t\t\t\t\t\t\t<img decoding=\"async\" width=\"500\" height=\"500\" src=\"https:\/\/www.hermes-technologie.de\/wp-content\/uploads\/2025\/04\/Moertel_Injektionslanze.png\" class=\"elementor-animation-grow attachment-full size-full wp-image-4939\" alt=\"\" srcset=\"https:\/\/www.hermes-technologie.de\/wp-content\/uploads\/2025\/04\/Moertel_Injektionslanze.png 500w, https:\/\/www.hermes-technologie.de\/wp-content\/uploads\/2025\/04\/Moertel_Injektionslanze-300x300.png 300w, https:\/\/www.hermes-technologie.de\/wp-content\/uploads\/2025\/04\/Moertel_Injektionslanze-150x150.png 150w, https:\/\/www.hermes-technologie.de\/wp-content\/uploads\/2025\/04\/Moertel_Injektionslanze-12x12.png 12w\" sizes=\"(max-width: 500px) 100vw, 500px\" \/>\t\t\t\t\t\t\t\t<\/a>\n\t\t\t\t\t\t\t\t\t\t\t\t\t\t\t<\/div>\n\t\t<div class=\"elementor-element elementor-element-ba2b16e e-con-full e-flex e-con e-child\" data-id=\"ba2b16e\" data-element_type=\"container\" data-e-type=\"container\">\n\t\t<div class=\"elementor-element elementor-element-b35715c e-con-full e-flex e-con e-child\" data-id=\"b35715c\" data-element_type=\"container\" data-e-type=\"container\">\n\t\t\t\t<div class=\"elementor-element elementor-element-cfe7558 elementor-widget elementor-widget-heading\" data-id=\"cfe7558\" data-element_type=\"widget\" data-e-type=\"widget\" data-widget_type=\"heading.default\">\n\t\t\t\t\t<h2 class=\"elementor-heading-title elementor-size-default\"><a href=\"\/fr\/lance-dinjection-de-moertel\/\">Lance d'injection de mortier<\/a><\/h2>\t\t\t\t<\/div>\n\t\t\t\t<div class=\"elementor-element elementor-element-e056513 elementor-widget elementor-widget-text-editor\" data-id=\"e056513\" data-element_type=\"widget\" data-e-type=\"widget\" data-widget_type=\"text-editor.default\">\n\t\t\t\t\t\t\t\t\t<div class=\"elementor-element elementor-element-ffa4475 ob-has-background-overlay elementor-widget elementor-widget-jet-listing-dynamic-field\" data-id=\"ffa4475\" data-element_type=\"widget\" data-settings=\"{&quot;_ob_perspektive_use&quot;:&quot;no&quot;,&quot;_ob_poopart_use&quot;:&quot;yes&quot;,&quot;_ob_allow_hoveranimator&quot;:&quot;no&quot;,&quot;_ob_widget_stalker_use&quot;:&quot;no&quot;}\" data-widget_type=\"jet-listing-dynamic-field.default\"><p>Convient pour l'injection avec le mortier sec ERGELIT dans les canalisations d'eaux us\u00e9es et les ouvrages en b\u00e9ton<\/p><\/div>\t\t\t\t\t\t\t\t<\/div>\n\t\t\t\t<\/div>\n\t\t\t\t<\/div>\n\t\t\t\t<\/div>\n\t\t<div class=\"elementor-element elementor-element-8d93314 e-con-full e-flex elementor-invisible e-con e-child\" data-id=\"8d93314\" data-element_type=\"container\" data-e-type=\"container\" data-settings=\"{&quot;animation&quot;:&quot;fadeIn&quot;,&quot;animation_delay&quot;:400}\">\n\t\t\t\t<div class=\"elementor-element elementor-element-2c9e528 elementor-widget elementor-widget-image\" data-id=\"2c9e528\" data-element_type=\"widget\" data-e-type=\"widget\" data-widget_type=\"image.default\">\n\t\t\t\t\t\t\t\t\t\t\t\t\t\t\t\t<a href=\"\/fr\/buses-de-pulverisation-humide-de-moertel\/\">\n\t\t\t\t\t\t\t<img decoding=\"async\" width=\"500\" height=\"500\" src=\"https:\/\/www.hermes-technologie.de\/wp-content\/uploads\/2025\/04\/Moertel_Nassspritzduesen.png\" class=\"elementor-animation-grow attachment-full size-full wp-image-4943\" alt=\"\" srcset=\"https:\/\/www.hermes-technologie.de\/wp-content\/uploads\/2025\/04\/Moertel_Nassspritzduesen.png 500w, https:\/\/www.hermes-technologie.de\/wp-content\/uploads\/2025\/04\/Moertel_Nassspritzduesen-300x300.png 300w, https:\/\/www.hermes-technologie.de\/wp-content\/uploads\/2025\/04\/Moertel_Nassspritzduesen-150x150.png 150w, https:\/\/www.hermes-technologie.de\/wp-content\/uploads\/2025\/04\/Moertel_Nassspritzduesen-12x12.png 12w\" sizes=\"(max-width: 500px) 100vw, 500px\" \/>\t\t\t\t\t\t\t\t<\/a>\n\t\t\t\t\t\t\t\t\t\t\t\t\t\t\t<\/div>\n\t\t<div class=\"elementor-element elementor-element-52664de e-con-full e-flex e-con e-child\" data-id=\"52664de\" data-element_type=\"container\" data-e-type=\"container\">\n\t\t<div class=\"elementor-element elementor-element-7278501 e-con-full e-flex e-con e-child\" data-id=\"7278501\" data-element_type=\"container\" data-e-type=\"container\">\n\t\t\t\t<div class=\"elementor-element elementor-element-024f324 elementor-widget elementor-widget-heading\" data-id=\"024f324\" data-element_type=\"widget\" data-e-type=\"widget\" data-widget_type=\"heading.default\">\n\t\t\t\t\t<h2 class=\"elementor-heading-title elementor-size-default\"><a href=\"\/fr\/buses-de-pulverisation-humide-de-moertel\/\">Buses de projection de mortier par voie humide<\/a><\/h2>\t\t\t\t<\/div>\n\t\t\t\t<div class=\"elementor-element elementor-element-7a3fe21 elementor-widget elementor-widget-text-editor\" data-id=\"7a3fe21\" data-element_type=\"widget\" data-e-type=\"widget\" data-widget_type=\"text-editor.default\">\n\t\t\t\t\t\t\t\t\t<p>Convient pour le rev\u00eatement de grands \u00e9gouts et d'ouvrages en b\u00e9ton<\/p>\t\t\t\t\t\t\t\t<\/div>\n\t\t\t\t<\/div>\n\t\t\t\t<\/div>\n\t\t\t\t<\/div>\n\t\t<div class=\"elementor-element elementor-element-567dca5 e-con-full e-flex elementor-invisible e-con e-child\" data-id=\"567dca5\" data-element_type=\"container\" data-e-type=\"container\" data-settings=\"{&quot;animation&quot;:&quot;fadeIn&quot;,&quot;animation_delay&quot;:400}\">\n\t\t\t\t<div class=\"elementor-element elementor-element-1ac6c66 elementor-widget elementor-widget-image\" data-id=\"1ac6c66\" data-element_type=\"widget\" data-e-type=\"widget\" data-widget_type=\"image.default\">\n\t\t\t\t\t\t\t\t\t\t\t\t\t\t\t\t<a href=\"\/fr\/tuyaux-de-moertel\/\">\n\t\t\t\t\t\t\t<img loading=\"lazy\" decoding=\"async\" width=\"500\" height=\"500\" src=\"https:\/\/www.hermes-technologie.de\/wp-content\/uploads\/2025\/04\/Moertelschlaeuche.png\" class=\"elementor-animation-grow attachment-full size-full wp-image-4947\" alt=\"Tuyaux pour mortier\" srcset=\"https:\/\/www.hermes-technologie.de\/wp-content\/uploads\/2025\/04\/Moertelschlaeuche.png 500w, https:\/\/www.hermes-technologie.de\/wp-content\/uploads\/2025\/04\/Moertelschlaeuche-300x300.png 300w, https:\/\/www.hermes-technologie.de\/wp-content\/uploads\/2025\/04\/Moertelschlaeuche-150x150.png 150w, https:\/\/www.hermes-technologie.de\/wp-content\/uploads\/2025\/04\/Moertelschlaeuche-12x12.png 12w\" sizes=\"(max-width: 500px) 100vw, 500px\" \/>\t\t\t\t\t\t\t\t<\/a>\n\t\t\t\t\t\t\t\t\t\t\t\t\t\t\t<\/div>\n\t\t<div class=\"elementor-element elementor-element-447e361 e-con-full e-flex e-con e-child\" data-id=\"447e361\" data-element_type=\"container\" data-e-type=\"container\">\n\t\t<div class=\"elementor-element elementor-element-ac3df1e e-con-full e-flex e-con e-child\" data-id=\"ac3df1e\" data-element_type=\"container\" data-e-type=\"container\">\n\t\t\t\t<div class=\"elementor-element elementor-element-9446c0f elementor-widget elementor-widget-heading\" data-id=\"9446c0f\" data-element_type=\"widget\" data-e-type=\"widget\" data-widget_type=\"heading.default\">\n\t\t\t\t\t<h2 class=\"elementor-heading-title elementor-size-default\"><a href=\"\/fr\/tuyaux-de-moertel\/\">Tuyaux pour mortier<\/a><\/h2>\t\t\t\t<\/div>\n\t\t\t\t<div class=\"elementor-element elementor-element-ec9ba9a elementor-widget elementor-widget-text-editor\" data-id=\"ec9ba9a\" data-element_type=\"widget\" data-e-type=\"widget\" data-widget_type=\"text-editor.default\">\n\t\t\t\t\t\t\t\t\t<p>Convient pour le rev\u00eatement de grands \u00e9gouts et d'ouvrages en b\u00e9ton<\/p>\t\t\t\t\t\t\t\t<\/div>\n\t\t\t\t<\/div>\n\t\t\t\t<\/div>\n\t\t\t\t<\/div>\n\t\t<div class=\"elementor-element elementor-element-222b1fd e-con-full e-flex elementor-invisible e-con e-child\" data-id=\"222b1fd\" data-element_type=\"container\" data-e-type=\"container\" data-settings=\"{&quot;animation&quot;:&quot;fadeIn&quot;,&quot;animation_delay&quot;:400}\">\n\t\t\t\t<\/div>\n\t\t<div class=\"elementor-element elementor-element-6079d98 e-con-full e-flex elementor-invisible e-con e-child\" data-id=\"6079d98\" data-element_type=\"container\" data-e-type=\"container\" data-settings=\"{&quot;animation&quot;:&quot;fadeIn&quot;,&quot;animation_delay&quot;:600}\">\n\t\t\t\t<\/div>\n\t\t\t\t<\/div>\n\t\t\t\t<\/div>\n\t\t\t\t<\/div>","protected":false},"excerpt":{"rendered":"<p>Verfahrenstechnik Zubeh\u00f6r Lamellenschlagpacker f\u00fcr M\u00f6rtel-Injektion Lamellenschlagpacker zum Injizieren von Zementleim, Zementsuspension, Injektionsm\u00f6rtel (ERGELIT-KBi) und w\u00e4ssrigen L\u00f6sungen M\u00f6rtel Injektionslanze Geeignet f\u00fcr die Injektion mit ERGELIT Trockenm\u00f6rtel in Abwasserkan\u00e4len und Betonbauwerken M\u00f6rtel Nassspritzd\u00fcsen Geeignet f\u00fcr das Beschichten von grossen Abwasserkan\u00e4len und Betonbauwerken M\u00f6rtelschl\u00e4uche Geeignet f\u00fcr das Beschichten von grossen Abwasserkan\u00e4len und Betonbauwerken<\/p>","protected":false},"author":3,"featured_media":0,"parent":0,"menu_order":0,"comment_status":"closed","ping_status":"closed","template":"","meta":{"footnotes":""},"class_list":["post-4921","page","type-page","status-publish","hentry"],"_links":{"self":[{"href":"https:\/\/www.hermes-technologie.de\/fr\/wp-json\/wp\/v2\/pages\/4921","targetHints":{"allow":["GET"]}}],"collection":[{"href":"https:\/\/www.hermes-technologie.de\/fr\/wp-json\/wp\/v2\/pages"}],"about":[{"href":"https:\/\/www.hermes-technologie.de\/fr\/wp-json\/wp\/v2\/types\/page"}],"author":[{"embeddable":true,"href":"https:\/\/www.hermes-technologie.de\/fr\/wp-json\/wp\/v2\/users\/3"}],"replies":[{"embeddable":true,"href":"https:\/\/www.hermes-technologie.de\/fr\/wp-json\/wp\/v2\/comments?post=4921"}],"version-history":[{"count":6,"href":"https:\/\/www.hermes-technologie.de\/fr\/wp-json\/wp\/v2\/pages\/4921\/revisions"}],"predecessor-version":[{"id":10386,"href":"https:\/\/www.hermes-technologie.de\/fr\/wp-json\/wp\/v2\/pages\/4921\/revisions\/10386"}],"wp:attachment":[{"href":"https:\/\/www.hermes-technologie.de\/fr\/wp-json\/wp\/v2\/media?parent=4921"}],"curies":[{"name":"wp","href":"https:\/\/api.w.org\/{rel}","templated":true}]}}