{"id":5052,"date":"2025-04-24T12:48:45","date_gmt":"2025-04-24T10:48:45","guid":{"rendered":"https:\/\/www.hermes-technologie.de\/?page_id=5052"},"modified":"2025-04-24T12:54:58","modified_gmt":"2025-04-24T10:54:58","slug":"test-de-resistance-a-la-dechirure-par-traction","status":"publish","type":"page","link":"https:\/\/www.hermes-technologie.de\/fr\/abreissfestigkeits-haftzugpruefung\/","title":{"rendered":"Test de r\u00e9sistance \u00e0 l'arrachement et d'adh\u00e9rence"},"content":{"rendered":"<div data-elementor-type=\"wp-page\" data-elementor-id=\"5052\" class=\"elementor elementor-5052\" data-elementor-post-type=\"page\">\n\t\t\t\t<div class=\"elementor-element elementor-element-5816fcd e-con-full e-flex e-con e-parent\" data-id=\"5816fcd\" data-element_type=\"container\" data-e-type=\"container\" data-settings=\"{&quot;background_background&quot;:&quot;classic&quot;}\">\n\t\t\t\t<\/div>\n\t\t<div class=\"elementor-element elementor-element-9229417 e-flex e-con-boxed e-con e-parent\" data-id=\"9229417\" data-element_type=\"container\" data-e-type=\"container\">\n\t\t\t\t\t<div class=\"e-con-inner\">\n\t\t<div class=\"elementor-element elementor-element-8be79ed e-con-full e-flex elementor-invisible e-con e-child\" data-id=\"8be79ed\" data-element_type=\"container\" data-e-type=\"container\" data-settings=\"{&quot;animation&quot;:&quot;fadeIn&quot;}\">\n\t\t\t\t<div class=\"elementor-element elementor-element-9defff0 elementor-widget__width-inherit elementor-invisible elementor-widget elementor-widget-text-editor\" data-id=\"9defff0\" data-element_type=\"widget\" data-e-type=\"widget\" data-settings=\"{&quot;_animation&quot;:&quot;fadeIn&quot;}\" data-widget_type=\"text-editor.default\">\n\t\t\t\t\t\t\t\t\t<p>Test de r\u00e9sistance \u00e0 l'arrachement et d'adh\u00e9rence<\/p>\t\t\t\t\t\t\t\t<\/div>\n\t\t\t\t<div class=\"elementor-element elementor-element-80b5192 elementor-widget elementor-widget-heading\" data-id=\"80b5192\" data-element_type=\"widget\" data-e-type=\"widget\" data-widget_type=\"heading.default\">\n\t\t\t\t\t<h2 class=\"elementor-heading-title elementor-size-default\">R\u00e9f. num\u00e9ro : 000000<\/h2>\t\t\t\t<\/div>\n\t\t\t\t<div class=\"elementor-element elementor-element-0940fe2 elementor-widget elementor-widget-text-editor\" data-id=\"0940fe2\" data-element_type=\"widget\" data-e-type=\"widget\" data-widget_type=\"text-editor.default\">\n\t\t\t\t\t\t\t\t\t<p>Vous souhaitez v\u00e9rifier le sous-sol de votre ouvrage d'assainissement ? Nous vous aidons \u00e0 d\u00e9terminer la r\u00e9sistance \u00e0 l'arrachement et \u00e0 v\u00e9rifier la r\u00e9sistance \u00e0 l'adh\u00e9rence apr\u00e8s la r\u00e9novation.<\/p>\t\t\t\t\t\t\t\t<\/div>\n\t\t\t\t<div class=\"elementor-element elementor-element-878a261 elementor-widget elementor-widget-heading\" data-id=\"878a261\" data-element_type=\"widget\" data-e-type=\"widget\" data-widget_type=\"heading.default\">\n\t\t\t\t\t<h3 class=\"elementor-heading-title elementor-size-default\">Autres caract\u00e9ristiques<\/h3>\t\t\t\t<\/div>\n\t\t\t\t<div class=\"elementor-element elementor-element-eb4654c elementor-widget elementor-widget-text-editor\" data-id=\"eb4654c\" data-element_type=\"widget\" data-e-type=\"widget\" data-widget_type=\"text-editor.default\">\n\t\t\t\t\t\t\t\t\t<p>La diff\u00e9rence entre le test d'arrachement et le test d'adh\u00e9rence s'explique facilement :<\/p><p>Dans le cadre de la r\u00e9habilitation des canalisations et des proc\u00e9d\u00e9s de rev\u00eatement, la norme DWA-M 143 partie 17 exige une r\u00e9sistance minimale \u00e0 l'arrachement de 1 N\/mm\u00b2. Ces tests sont essentiels pour s'assurer que le support est suffisamment porteur et que le rev\u00eatement remplit sa fonction \u00e0 long terme.<\/p><p>Ces contr\u00f4les ont certes un co\u00fbt, mais il est bien plus on\u00e9reux de r\u00e9nover une construction dont le rev\u00eatement non contr\u00f4l\u00e9 a caus\u00e9 des dommages. Il vaut donc la peine de prendre des pr\u00e9cautions au pr\u00e9alable afin d'\u00e9viter des probl\u00e8mes ult\u00e9rieurs et des co\u00fbts de r\u00e9paration \u00e9lev\u00e9s.<\/p>\t\t\t\t\t\t\t\t<\/div>\n\t\t\t\t<div class=\"elementor-element elementor-element-2a79228 elementor-icon-list--layout-traditional elementor-list-item-link-full_width elementor-widget elementor-widget-icon-list\" data-id=\"2a79228\" data-element_type=\"widget\" data-e-type=\"widget\" data-widget_type=\"icon-list.default\">\n\t\t\t\t\t\t\t<ul class=\"elementor-icon-list-items\">\n\t\t\t\t\t\t\t<li class=\"elementor-icon-list-item\">\n\t\t\t\t\t\t\t\t\t\t\t<span class=\"elementor-icon-list-icon\">\n\t\t\t\t\t\t\t<i aria-hidden=\"true\" class=\"fas fa-circle\"><\/i>\t\t\t\t\t\t<\/span>\n\t\t\t\t\t\t\t\t\t\t<span class=\"elementor-icon-list-text\">Moment : S'effectue directement sur le support avant le rev\u00eatement.<\/span>\n\t\t\t\t\t\t\t\t\t<\/li>\n\t\t\t\t\t\t\t\t<li class=\"elementor-icon-list-item\">\n\t\t\t\t\t\t\t\t\t\t\t<span class=\"elementor-icon-list-icon\">\n\t\t\t\t\t\t\t<i aria-hidden=\"true\" class=\"fas fa-circle\"><\/i>\t\t\t\t\t\t<\/span>\n\t\t\t\t\t\t\t\t\t\t<span class=\"elementor-icon-list-text\">Objectif : V\u00e9rifier si le support est suffisamment porteur pour supporter le rev\u00eatement pr\u00e9vu.<\/span>\n\t\t\t\t\t\t\t\t\t<\/li>\n\t\t\t\t\t\t\t\t<li class=\"elementor-icon-list-item\">\n\t\t\t\t\t\t\t\t\t\t\t<span class=\"elementor-icon-list-icon\">\n\t\t\t\t\t\t\t<i aria-hidden=\"true\" class=\"fas fa-circle\"><\/i>\t\t\t\t\t\t<\/span>\n\t\t\t\t\t\t\t\t\t\t<span class=\"elementor-icon-list-text\">Moment : Effectu\u00e9 apr\u00e8s le rev\u00eatement en tant que contr\u00f4le de qualit\u00e9.<\/span>\n\t\t\t\t\t\t\t\t\t<\/li>\n\t\t\t\t\t\t\t\t<li class=\"elementor-icon-list-item\">\n\t\t\t\t\t\t\t\t\t\t\t<span class=\"elementor-icon-list-icon\">\n\t\t\t\t\t\t\t<i aria-hidden=\"true\" class=\"fas fa-circle\"><\/i>\t\t\t\t\t\t<\/span>\n\t\t\t\t\t\t\t\t\t\t<span class=\"elementor-icon-list-text\">Objectif : v\u00e9rifier que le rev\u00eatement est suffisamment fix\u00e9 au support.<\/span>\n\t\t\t\t\t\t\t\t\t<\/li>\n\t\t\t\t\t\t<\/ul>\n\t\t\t\t\t\t<\/div>\n\t\t\t\t<\/div>\n\t\t<div class=\"elementor-element elementor-element-3215ebe e-con-full e-flex elementor-invisible e-con e-child\" data-id=\"3215ebe\" data-element_type=\"container\" data-e-type=\"container\" data-settings=\"{&quot;animation&quot;:&quot;fadeIn&quot;,&quot;animation_delay&quot;:200}\">\n\t\t\t\t<div class=\"elementor-element elementor-element-ac5f776 elementor-widget elementor-widget-heading\" data-id=\"ac5f776\" data-element_type=\"widget\" data-e-type=\"widget\" data-widget_type=\"heading.default\">\n\t\t\t\t\t<h4 class=\"elementor-heading-title elementor-size-default\">Particularit\u00e9s<\/h4>\t\t\t\t<\/div>\n\t\t\t\t<div class=\"elementor-element elementor-element-a73c927 elementor-icon-list--layout-traditional elementor-list-item-link-full_width elementor-widget elementor-widget-icon-list\" data-id=\"a73c927\" data-element_type=\"widget\" data-e-type=\"widget\" data-widget_type=\"icon-list.default\">\n\t\t\t\t\t\t\t<ul class=\"elementor-icon-list-items\">\n\t\t\t\t\t\t\t<li class=\"elementor-icon-list-item\">\n\t\t\t\t\t\t\t\t\t\t\t<span class=\"elementor-icon-list-icon\">\n\t\t\t\t\t\t\t<i aria-hidden=\"true\" class=\"fas fa-check\"><\/i>\t\t\t\t\t\t<\/span>\n\t\t\t\t\t\t\t\t\t\t<span class=\"elementor-icon-list-text\">Contr\u00f4le de tous les mat\u00e9riaux habituels dans les ouvrages d'\u00e9vacuation des eaux us\u00e9es<\/span>\n\t\t\t\t\t\t\t\t\t<\/li>\n\t\t\t\t\t\t\t\t<li class=\"elementor-icon-list-item\">\n\t\t\t\t\t\t\t\t\t\t\t<span class=\"elementor-icon-list-icon\">\n\t\t\t\t\t\t\t<i aria-hidden=\"true\" class=\"fas fa-check\"><\/i>\t\t\t\t\t\t<\/span>\n\t\t\t\t\t\t\t\t\t\t<span class=\"elementor-icon-list-text\">y compris un protocole de contr\u00f4le professionnel<\/span>\n\t\t\t\t\t\t\t\t\t<\/li>\n\t\t\t\t\t\t\t\t<li class=\"elementor-icon-list-item\">\n\t\t\t\t\t\t\t\t\t\t\t<span class=\"elementor-icon-list-icon\">\n\t\t\t\t\t\t\t<i aria-hidden=\"true\" class=\"fas fa-check\"><\/i>\t\t\t\t\t\t<\/span>\n\t\t\t\t\t\t\t\t\t\t<span class=\"elementor-icon-list-text\">Nous vous aidons \u00e0 interpr\u00e9ter les r\u00e9sultats des tests.<\/span>\n\t\t\t\t\t\t\t\t\t<\/li>\n\t\t\t\t\t\t<\/ul>\n\t\t\t\t\t\t<\/div>\n\t\t<div class=\"elementor-element elementor-element-de08e1a e-con-full e-flex elementor-invisible e-con e-child\" data-id=\"de08e1a\" data-element_type=\"container\" data-e-type=\"container\" data-settings=\"{&quot;animation&quot;:&quot;fadeIn&quot;,&quot;animation_delay&quot;:500,&quot;background_background&quot;:&quot;classic&quot;}\">\n\t\t\t\t<div class=\"elementor-element elementor-element-07d78ef elementor-widget elementor-widget-image\" data-id=\"07d78ef\" data-element_type=\"widget\" data-e-type=\"widget\" data-widget_type=\"image.default\">\n\t\t\t\t\t\t\t\t\t\t\t\t\t\t\t<img fetchpriority=\"high\" decoding=\"async\" width=\"500\" height=\"500\" src=\"https:\/\/www.hermes-technologie.de\/wp-content\/uploads\/2025\/04\/Haftung3.png\" class=\"elementor-animation-grow attachment-full size-full wp-image-5089\" alt=\"\" srcset=\"https:\/\/www.hermes-technologie.de\/wp-content\/uploads\/2025\/04\/Haftung3.png 500w, https:\/\/www.hermes-technologie.de\/wp-content\/uploads\/2025\/04\/Haftung3-300x300.png 300w, https:\/\/www.hermes-technologie.de\/wp-content\/uploads\/2025\/04\/Haftung3-150x150.png 150w, https:\/\/www.hermes-technologie.de\/wp-content\/uploads\/2025\/04\/Haftung3-12x12.png 12w\" sizes=\"(max-width: 500px) 100vw, 500px\" \/>\t\t\t\t\t\t\t\t\t\t\t\t\t\t\t<\/div>\n\t\t\t\t<div class=\"elementor-element elementor-element-961b5c9 elementor-align-center elementor-invisible elementor-widget elementor-widget-button\" data-id=\"961b5c9\" data-element_type=\"widget\" data-e-type=\"widget\" data-settings=\"{&quot;_animation&quot;:&quot;fadeIn&quot;,&quot;_animation_delay&quot;:600}\" data-widget_type=\"button.default\">\n\t\t\t\t\t\t\t\t\t\t<a class=\"elementor-button elementor-button-link elementor-size-sm\" href=\"\/fr\/moertel-finder\/\">\n\t\t\t\t\t\t<span class=\"elementor-button-content-wrapper\">\n\t\t\t\t\t\t<span class=\"elementor-button-icon\">\n\t\t\t\t<i aria-hidden=\"true\" class=\"icon icon-right-arrow\"><\/i>\t\t\t<\/span>\n\t\t\t\t\t\t\t\t\t<span class=\"elementor-button-text\">Vers le trouveur de mortier<\/span>\n\t\t\t\t\t<\/span>\n\t\t\t\t\t<\/a>\n\t\t\t\t\t\t\t\t<\/div>\n\t\t\t\t<\/div>\n\t\t\t\t<\/div>\n\t\t\t\t\t<\/div>\n\t\t\t\t<\/div>\n\t\t<div class=\"elementor-element elementor-element-34f5fef e-flex e-con-boxed e-con e-parent\" data-id=\"34f5fef\" data-element_type=\"container\" data-e-type=\"container\">\n\t\t\t\t\t<div class=\"e-con-inner\">\n\t\t<div class=\"elementor-element elementor-element-8f28735 e-con-full e-flex e-con e-child\" data-id=\"8f28735\" data-element_type=\"container\" data-e-type=\"container\">\n\t\t\t\t<div class=\"elementor-element elementor-element-01bb6b7 elementor-widget elementor-widget-image\" data-id=\"01bb6b7\" data-element_type=\"widget\" data-e-type=\"widget\" data-widget_type=\"image.default\">\n\t\t\t\t\t\t\t\t\t\t\t\t\t\t\t<img decoding=\"async\" width=\"600\" height=\"500\" src=\"https:\/\/www.hermes-technologie.de\/wp-content\/uploads\/2025\/04\/Dienstleistungen_Hermes.webp\" class=\"attachment-full size-full wp-image-4569\" alt=\"\" srcset=\"https:\/\/www.hermes-technologie.de\/wp-content\/uploads\/2025\/04\/Dienstleistungen_Hermes.webp 600w, https:\/\/www.hermes-technologie.de\/wp-content\/uploads\/2025\/04\/Dienstleistungen_Hermes-300x250.webp 300w, https:\/\/www.hermes-technologie.de\/wp-content\/uploads\/2025\/04\/Dienstleistungen_Hermes-14x12.webp 14w\" sizes=\"(max-width: 600px) 100vw, 600px\" \/>\t\t\t\t\t\t\t\t\t\t\t\t\t\t\t<\/div>\n\t\t\t\t<\/div>\n\t\t<div class=\"elementor-element elementor-element-1ba70b2 e-con-full e-flex e-con e-child\" data-id=\"1ba70b2\" data-element_type=\"container\" data-e-type=\"container\">\n\t\t\t\t<div class=\"elementor-element elementor-element-6113f6f elementor-widget elementor-widget-image\" data-id=\"6113f6f\" data-element_type=\"widget\" data-e-type=\"widget\" data-widget_type=\"image.default\">\n\t\t\t\t\t\t\t\t\t\t\t\t\t\t\t<img decoding=\"async\" width=\"500\" height=\"500\" src=\"https:\/\/www.hermes-technologie.de\/wp-content\/uploads\/2025\/04\/Haftung1.jpg\" class=\"attachment-full size-full wp-image-5084\" alt=\"\" srcset=\"https:\/\/www.hermes-technologie.de\/wp-content\/uploads\/2025\/04\/Haftung1.jpg 500w, https:\/\/www.hermes-technologie.de\/wp-content\/uploads\/2025\/04\/Haftung1-300x300.jpg 300w, https:\/\/www.hermes-technologie.de\/wp-content\/uploads\/2025\/04\/Haftung1-150x150.jpg 150w, https:\/\/www.hermes-technologie.de\/wp-content\/uploads\/2025\/04\/Haftung1-12x12.jpg 12w\" sizes=\"(max-width: 500px) 100vw, 500px\" \/>\t\t\t\t\t\t\t\t\t\t\t\t\t\t\t<\/div>\n\t\t\t\t<\/div>\n\t\t<div class=\"elementor-element elementor-element-654ad63 e-con-full e-flex e-con e-child\" data-id=\"654ad63\" data-element_type=\"container\" data-e-type=\"container\">\n\t\t\t\t<div class=\"elementor-element elementor-element-1d49ca3 elementor-widget elementor-widget-image\" data-id=\"1d49ca3\" data-element_type=\"widget\" data-e-type=\"widget\" data-widget_type=\"image.default\">\n\t\t\t\t\t\t\t\t\t\t\t\t\t\t\t<img loading=\"lazy\" decoding=\"async\" width=\"500\" height=\"500\" src=\"https:\/\/www.hermes-technologie.de\/wp-content\/uploads\/2025\/04\/Haftung2.jpg\" class=\"attachment-full size-full wp-image-5085\" alt=\"\" srcset=\"https:\/\/www.hermes-technologie.de\/wp-content\/uploads\/2025\/04\/Haftung2.jpg 500w, https:\/\/www.hermes-technologie.de\/wp-content\/uploads\/2025\/04\/Haftung2-300x300.jpg 300w, https:\/\/www.hermes-technologie.de\/wp-content\/uploads\/2025\/04\/Haftung2-150x150.jpg 150w, https:\/\/www.hermes-technologie.de\/wp-content\/uploads\/2025\/04\/Haftung2-12x12.jpg 12w\" sizes=\"(max-width: 500px) 100vw, 500px\" \/>\t\t\t\t\t\t\t\t\t\t\t\t\t\t\t<\/div>\n\t\t\t\t<\/div>\n\t\t\t\t\t<\/div>\n\t\t\t\t<\/div>\n\t\t\t\t<\/div>","protected":false},"excerpt":{"rendered":"<p>Abrei\u00dffestigkeits- &amp; Haftzugpr\u00fcfung Art. Nr.: 000000 Sie m\u00f6chten den Untergrund Ihres Abwasserbauwerks pr\u00fcfen? Wir helfen Ihnen, die Abrei\u00dffestigkeit zu ermitteln und nach der Sanierung die Haftzugfestigkeit zu \u00fcberpr\u00fcfen. Weitere Eigenschaften Der Unterschied zwischen der Abrei\u00dffestigkeitspr\u00fcfung und der Haftzugfestigkeitspr\u00fcfung l\u00e4sst sich einfach erkl\u00e4ren: In der Kanalsanierung und bei Beschichtungsverfahren wird gem\u00e4\u00df der DWA-M 143 Teil 17 [&hellip;]<\/p>\n","protected":false},"author":3,"featured_media":0,"parent":0,"menu_order":0,"comment_status":"closed","ping_status":"closed","template":"","meta":{"footnotes":""},"class_list":["post-5052","page","type-page","status-publish","hentry"],"_links":{"self":[{"href":"https:\/\/www.hermes-technologie.de\/fr\/wp-json\/wp\/v2\/pages\/5052","targetHints":{"allow":["GET"]}}],"collection":[{"href":"https:\/\/www.hermes-technologie.de\/fr\/wp-json\/wp\/v2\/pages"}],"about":[{"href":"https:\/\/www.hermes-technologie.de\/fr\/wp-json\/wp\/v2\/types\/page"}],"author":[{"embeddable":true,"href":"https:\/\/www.hermes-technologie.de\/fr\/wp-json\/wp\/v2\/users\/3"}],"replies":[{"embeddable":true,"href":"https:\/\/www.hermes-technologie.de\/fr\/wp-json\/wp\/v2\/comments?post=5052"}],"version-history":[{"count":0,"href":"https:\/\/www.hermes-technologie.de\/fr\/wp-json\/wp\/v2\/pages\/5052\/revisions"}],"wp:attachment":[{"href":"https:\/\/www.hermes-technologie.de\/fr\/wp-json\/wp\/v2\/media?parent=5052"}],"curies":[{"name":"wp","href":"https:\/\/api.w.org\/{rel}","templated":true}]}}