{"id":5873,"date":"2025-05-10T17:40:13","date_gmt":"2025-05-10T15:40:13","guid":{"rendered":"https:\/\/www.hermes-technologie.de\/?page_id=5873"},"modified":"2026-01-29T09:55:31","modified_gmt":"2026-01-29T08:55:31","slug":"mentions-legales","status":"publish","type":"page","link":"https:\/\/www.hermes-technologie.de\/fr\/impressum\/","title":{"rendered":"Mentions l\u00e9gales"},"content":{"rendered":"<div data-elementor-type=\"wp-page\" data-elementor-id=\"5873\" class=\"elementor elementor-5873\" data-elementor-post-type=\"page\">\n\t\t\t\t<div class=\"elementor-element elementor-element-ef7dfb7 e-con-full e-flex e-con e-parent\" data-id=\"ef7dfb7\" data-element_type=\"container\" data-e-type=\"container\" data-settings=\"{&quot;background_background&quot;:&quot;classic&quot;}\">\n\t\t\t\t<div class=\"elementor-element elementor-element-088f7d6 elementor-invisible elementor-widget elementor-widget-heading\" data-id=\"088f7d6\" data-element_type=\"widget\" data-e-type=\"widget\" data-settings=\"{&quot;_animation&quot;:&quot;fadeIn&quot;,&quot;_animation_delay&quot;:200}\" data-widget_type=\"heading.default\">\n\t\t\t\t\t<h2 class=\"elementor-heading-title elementor-size-default\">Mentions l\u00e9gales<\/h2>\t\t\t\t<\/div>\n\t\t\t\t<div class=\"elementor-element elementor-element-9eead65 elementor-widget elementor-widget-text-editor\" data-id=\"9eead65\" data-element_type=\"widget\" data-e-type=\"widget\" data-widget_type=\"text-editor.default\">\n\t\t\t\t\t\t\t\t\t<p>HERMES Technologie GmbH &amp; Co KG<br \/>Soci\u00e9t\u00e9 en commandite<br \/>Schwerte, HRA 1440<\/p><p>soci\u00e9t\u00e9 \u00e0 responsabilit\u00e9 personnelle :<br \/>Rainer Hermes GmbH<br \/>Schwerte, HRB 1534<\/p><h6>Directeur g\u00e9n\u00e9ral<\/h6><p>Eileen Hermes M.A.<br \/>Tim Hermes B.A.<br \/>B\u00fcrenbrucher Weg 1a<br \/>D-58239 Schwerte<\/p><p>T\u00e9l\u00e9phone +49 23 04 97 123-0<br \/>T\u00e9l\u00e9copieur +49 23 04 74 68 0<\/p><p>Courrier \u00e9lectronique : office@hermes-technologie.de<\/p><h6><br \/>INFORMATIONS JURIDIQUES SUR LE SITE WEB<\/h6><p>Tous les textes, photos et graphiques sont la propri\u00e9t\u00e9 de HERMES Technologie GmbH &amp; Co KG. La copie de tout \u00e9l\u00e9ment de ce site, y compris l'impression sur papier, n'est autoris\u00e9e qu'\u00e0 des fins d'information. Toute autre utilisation des \u00e9l\u00e9ments de ce site, comme les modifications, les publications et les reproductions \u00e0 des fins de redistribution, est interdite et n\u00e9cessite l'autorisation expresse et \u00e9crite de HERMES Technologie GmbH &amp; Co KG.<\/p><p>HERMES Technologie GmbH &amp; Co. assume la responsabilit\u00e9 des contenus mis \u00e0 disposition sur le site web. KG ne donne aucune garantie ou assurance. Les droits de responsabilit\u00e9 d\u00e9coulant des instructions de traitement, des informations et des conseils ne peuvent \u00eatre invoqu\u00e9s \u00e0 l'encontre de HERMES Technologie que si les produits ont \u00e9galement \u00e9t\u00e9 achet\u00e9s par l'interm\u00e9diaire de HERMES Technologie. Dans tous les autres cas, la responsabilit\u00e9 est exclue !<\/p><p>La d\u00e9claration suivante s'applique donc express\u00e9ment \u00e0 tous les liens vers d'autres sites Internet qui n'ont pas \u00e9t\u00e9 cr\u00e9\u00e9s par nous :<\/p><p>\"Nous tenons \u00e0 souligner express\u00e9ment que nous n'avons aucune influence sur la conception et le contenu des pages li\u00e9es. C'est pourquoi nous prenons express\u00e9ment nos distances par rapport \u00e0 tous les contenus des pages li\u00e9es sur l'ensemble de notre site Internet, y compris toutes les sous-pages. Cette d\u00e9claration est valable pour tous les liens figurant sur notre page d'accueil et pour tous les contenus des pages auxquelles m\u00e8nent des liens ou des banni\u00e8res\".<\/p>\t\t\t\t\t\t\t\t<\/div>\n\t\t\t\t<\/div>\n\t\t\t\t<\/div>","protected":false},"excerpt":{"rendered":"<p>Impressum HERMES Technologie GmbH &amp; Co KGKommanditgesellschaftSchwerte, HRA 1440 pers. haftende Gesellschaft:Rainer Hermes GmbHSchwerte, HRB 1534 Gesch\u00e4ftsf\u00fchrer Eileen Hermes M.A.Tim Hermes B.A.B\u00fcrenbrucher Weg 1aD-58239 Schwerte Telefon +49 23 04 97 123-0Fax +49 23 04 74 68 0 E-Mail: office@hermes-technologie.de RECHTLICHE HINWEISE ZU WEBSEITE Alle Texte, Fotos und Grafiken, sind Eigentum der HERMES Technologie GmbH &amp; [&hellip;]<\/p>\n","protected":false},"author":3,"featured_media":0,"parent":0,"menu_order":0,"comment_status":"closed","ping_status":"closed","template":"","meta":{"footnotes":""},"class_list":["post-5873","page","type-page","status-publish","hentry"],"_links":{"self":[{"href":"https:\/\/www.hermes-technologie.de\/fr\/wp-json\/wp\/v2\/pages\/5873","targetHints":{"allow":["GET"]}}],"collection":[{"href":"https:\/\/www.hermes-technologie.de\/fr\/wp-json\/wp\/v2\/pages"}],"about":[{"href":"https:\/\/www.hermes-technologie.de\/fr\/wp-json\/wp\/v2\/types\/page"}],"author":[{"embeddable":true,"href":"https:\/\/www.hermes-technologie.de\/fr\/wp-json\/wp\/v2\/users\/3"}],"replies":[{"embeddable":true,"href":"https:\/\/www.hermes-technologie.de\/fr\/wp-json\/wp\/v2\/comments?post=5873"}],"version-history":[{"count":3,"href":"https:\/\/www.hermes-technologie.de\/fr\/wp-json\/wp\/v2\/pages\/5873\/revisions"}],"predecessor-version":[{"id":10451,"href":"https:\/\/www.hermes-technologie.de\/fr\/wp-json\/wp\/v2\/pages\/5873\/revisions\/10451"}],"wp:attachment":[{"href":"https:\/\/www.hermes-technologie.de\/fr\/wp-json\/wp\/v2\/media?parent=5873"}],"curies":[{"name":"wp","href":"https:\/\/api.w.org\/{rel}","templated":true}]}}