{"id":6818,"date":"2025-06-05T14:46:44","date_gmt":"2025-06-05T12:46:44","guid":{"rendered":"https:\/\/www.hermes-technologie.de\/?page_id=6818"},"modified":"2026-03-16T15:11:34","modified_gmt":"2026-03-16T14:11:34","slug":"perceuse-xo-33-r-duo","status":"publish","type":"page","link":"https:\/\/www.hermes-technologie.de\/fr\/ruehrwerk-xo-33-r-duo\/","title":{"rendered":"Agitateur Xo 33 R duo"},"content":{"rendered":"\t\t<div data-elementor-type=\"wp-page\" data-elementor-id=\"6818\" class=\"elementor elementor-6818\" data-elementor-post-type=\"page\">\n\t\t\t\t<div class=\"elementor-element elementor-element-4567173 e-con-full e-flex e-con e-parent\" data-id=\"4567173\" data-element_type=\"container\" data-e-type=\"container\" data-settings=\"{&quot;background_background&quot;:&quot;classic&quot;}\">\n\t\t\t\t<\/div>\n\t\t<div class=\"elementor-element elementor-element-7044c00 e-flex e-con-boxed e-con e-parent\" data-id=\"7044c00\" data-element_type=\"container\" data-e-type=\"container\">\n\t\t\t\t\t<div class=\"e-con-inner\">\n\t\t<div class=\"elementor-element elementor-element-d25be72 e-con-full e-flex elementor-invisible e-con e-child\" data-id=\"d25be72\" data-element_type=\"container\" data-e-type=\"container\" data-settings=\"{&quot;animation&quot;:&quot;fadeIn&quot;}\">\n\t\t\t\t<div class=\"elementor-element elementor-element-989f0d8 elementor-widget elementor-widget-heading\" data-id=\"989f0d8\" data-element_type=\"widget\" data-e-type=\"widget\" data-widget_type=\"heading.default\">\n\t\t\t\t\t<h2 class=\"elementor-heading-title elementor-size-default\">Artikelnummer : HTD-80000<\/h2>\t\t\t\t<\/div>\n\t\t\t\t<div class=\"elementor-element elementor-element-3bed653 elementor-widget__width-inherit elementor-invisible elementor-widget elementor-widget-text-editor\" data-id=\"3bed653\" data-element_type=\"widget\" data-e-type=\"widget\" data-settings=\"{&quot;_animation&quot;:&quot;fadeIn&quot;}\" data-widget_type=\"text-editor.default\">\n\t\t\t\t\t\t\t\t\t<p>R\u00fchrwerk Xo 33 R duo<\/p>\t\t\t\t\t\t\t\t<\/div>\n\t\t\t\t<div class=\"elementor-element elementor-element-f239b10 elementor-widget elementor-widget-text-editor\" data-id=\"f239b10\" data-element_type=\"widget\" data-e-type=\"widget\" data-widget_type=\"text-editor.default\">\n\t\t\t\t\t\t\t\t\t<p>Zwei R\u00fchrer. Doppelte Wirkung.<\/p>\t\t\t\t\t\t\t\t<\/div>\n\t\t\t\t<div class=\"elementor-element elementor-element-d8e424c elementor-widget elementor-widget-heading\" data-id=\"d8e424c\" data-element_type=\"widget\" data-e-type=\"widget\" data-widget_type=\"heading.default\">\n\t\t\t\t\t<h3 class=\"elementor-heading-title elementor-size-default\">Weitere Eigenschaften<\/h3>\t\t\t\t<\/div>\n\t\t\t\t<div class=\"elementor-element elementor-element-6f53068 elementor-widget elementor-widget-text-editor\" data-id=\"6f53068\" data-element_type=\"widget\" data-e-type=\"widget\" data-widget_type=\"text-editor.default\">\n\t\t\t\t\t\t\t\t\t<p>Die Xo 33 R Duo ist ein kompakter 1-Gang-Zwangsmischer f\u00fcr kleinere Mischmengen. Zwei gegenl\u00e4ufige R\u00fchrer erzeugen einen Zwangsmischeffekt f\u00fcr perfekte Durchmischung vielseitigster Materialien. Au\u00dferdem kann durch diesen Effekt auch besonders kr\u00e4fteschonend gearbeitet werden. Die Drehzahl kann bequem durch den Gasgebeschalter geregelt werden. Durch die robuste Bauweise und die Qualit\u00e4t Made in Germany wird sie Ihnen lange als zuverl\u00e4ssiger Begleiter auf der Baustelle zur Seite stehen. Die Gummipuffer an allen vier Ecken sch\u00fctzen Ihre Baustelle und das Ger\u00e4t beim ablegen. Die speziell entworfenen ergonomischen Griffe sorgen f\u00fcr eine angenehme Handhaltung und der erh\u00f6hte Griffb\u00fcgel f\u00fcr ein aufrechtes und r\u00fcckenschonendes Arbeiten. Durch die patentierten HEXAFIX-Schnellkupplungen k\u00f6nnen Sie Ihre R\u00fchrer jederzeit schnell und einfach werkzeuglos wechseln.<\/p>\t\t\t\t\t\t\t\t<\/div>\n\t\t\t\t<div class=\"elementor-element elementor-element-19ca195 elementor-icon-list--layout-traditional elementor-list-item-link-full_width elementor-widget elementor-widget-icon-list\" data-id=\"19ca195\" data-element_type=\"widget\" data-e-type=\"widget\" data-widget_type=\"icon-list.default\">\n\t\t\t\t\t\t\t<ul class=\"elementor-icon-list-items\">\n\t\t\t\t\t\t\t<li class=\"elementor-icon-list-item\">\n\t\t\t\t\t\t\t\t\t\t\t<span class=\"elementor-icon-list-icon\">\n\t\t\t\t\t\t\t<i aria-hidden=\"true\" class=\"fas fa-circle\"><\/i>\t\t\t\t\t\t<\/span>\n\t\t\t\t\t\t\t\t\t\t<span class=\"elementor-icon-list-text\">Sparen Sie Muskelkraft und setzen Sie auf die Leistung Ihrer Maschine. <\/span>\n\t\t\t\t\t\t\t\t\t<\/li>\n\t\t\t\t\t\t\t\t<li class=\"elementor-icon-list-item\">\n\t\t\t\t\t\t\t\t\t\t\t<span class=\"elementor-icon-list-icon\">\n\t\t\t\t\t\t\t<i aria-hidden=\"true\" class=\"fas fa-circle\"><\/i>\t\t\t\t\t\t<\/span>\n\t\t\t\t\t\t\t\t\t\t<span class=\"elementor-icon-list-text\">Durch die beiden gegenl\u00e4ufigen R\u00fchrer wird besonders schweres Material bis zu 50% schneller durchmischt als mit einem einspindligen R\u00fchrwerk.<\/span>\n\t\t\t\t\t\t\t\t\t<\/li>\n\t\t\t\t\t\t\t\t<li class=\"elementor-icon-list-item\">\n\t\t\t\t\t\t\t\t\t\t\t<span class=\"elementor-icon-list-icon\">\n\t\t\t\t\t\t\t<i aria-hidden=\"true\" class=\"fas fa-circle\"><\/i>\t\t\t\t\t\t<\/span>\n\t\t\t\t\t\t\t\t\t\t<span class=\"elementor-icon-list-text\">Das doppelschalige Geh\u00e4use aus besonders widerstandsf\u00e4higem, glasfaserverst\u00e4rktem Kunststoff h\u00e4lt auch extremen Baustellenbedingungen stand. Es ist besonders leicht, sto\u00dfunempfindlich und reduziert die Schallemission der Maschine.<\/span>\n\t\t\t\t\t\t\t\t\t<\/li>\n\t\t\t\t\t\t\t\t<li class=\"elementor-icon-list-item\">\n\t\t\t\t\t\t\t\t\t\t\t<span class=\"elementor-icon-list-icon\">\n\t\t\t\t\t\t\t<i aria-hidden=\"true\" class=\"fas fa-circle\"><\/i>\t\t\t\t\t\t<\/span>\n\t\t\t\t\t\t\t\t\t\t<span class=\"elementor-icon-list-text\">Aluminiumdruckguss macht die Ger\u00e4te besonders robust und langlebig. Zus\u00e4tzlich gew\u00e4hrleisten polierte Getriebezahnr\u00e4der aus Stahl und eine hochwertige Permanentfettung eine kraftvolle, leise und langlebige Betriebsweise.<\/span>\n\t\t\t\t\t\t\t\t\t<\/li>\n\t\t\t\t\t\t<\/ul>\n\t\t\t\t\t\t<\/div>\n\t\t\t\t<\/div>\n\t\t<div class=\"elementor-element elementor-element-6c51663 e-con-full e-flex elementor-invisible e-con e-child\" data-id=\"6c51663\" data-element_type=\"container\" data-e-type=\"container\" data-settings=\"{&quot;animation&quot;:&quot;fadeIn&quot;,&quot;animation_delay&quot;:200}\">\n\t\t\t\t<div class=\"elementor-element elementor-element-0d6064f elementor-widget elementor-widget-heading\" data-id=\"0d6064f\" data-element_type=\"widget\" data-e-type=\"widget\" data-widget_type=\"heading.default\">\n\t\t\t\t\t<h4 class=\"elementor-heading-title elementor-size-default\">Besonderheiten<\/h4>\t\t\t\t<\/div>\n\t\t\t\t<div class=\"elementor-element elementor-element-065d0ac elementor-icon-list--layout-traditional elementor-list-item-link-full_width elementor-widget elementor-widget-icon-list\" data-id=\"065d0ac\" data-element_type=\"widget\" data-e-type=\"widget\" data-widget_type=\"icon-list.default\">\n\t\t\t\t\t\t\t<ul class=\"elementor-icon-list-items\">\n\t\t\t\t\t\t\t<li class=\"elementor-icon-list-item\">\n\t\t\t\t\t\t\t\t\t\t\t<span class=\"elementor-icon-list-icon\">\n\t\t\t\t\t\t\t<i aria-hidden=\"true\" class=\"fas fa-check\"><\/i>\t\t\t\t\t\t<\/span>\n\t\t\t\t\t\t\t\t\t\t<span class=\"elementor-icon-list-text\">1.200 Watt<\/span>\n\t\t\t\t\t\t\t\t\t<\/li>\n\t\t\t\t\t\t\t\t<li class=\"elementor-icon-list-item\">\n\t\t\t\t\t\t\t\t\t\t\t<span class=\"elementor-icon-list-icon\">\n\t\t\t\t\t\t\t<i aria-hidden=\"true\" class=\"fas fa-check\"><\/i>\t\t\t\t\t\t<\/span>\n\t\t\t\t\t\t\t\t\t\t<span class=\"elementor-icon-list-text\">230 V<\/span>\n\t\t\t\t\t\t\t\t\t<\/li>\n\t\t\t\t\t\t\t\t<li class=\"elementor-icon-list-item\">\n\t\t\t\t\t\t\t\t\t\t\t<span class=\"elementor-icon-list-icon\">\n\t\t\t\t\t\t\t<i aria-hidden=\"true\" class=\"fas fa-check\"><\/i>\t\t\t\t\t\t<\/span>\n\t\t\t\t\t\t\t\t\t\t<span class=\"elementor-icon-list-text\">Lastdrehzal 360 1\/min<\/span>\n\t\t\t\t\t\t\t\t\t<\/li>\n\t\t\t\t\t\t\t\t<li class=\"elementor-icon-list-item\">\n\t\t\t\t\t\t\t\t\t\t\t<span class=\"elementor-icon-list-icon\">\n\t\t\t\t\t\t\t<i aria-hidden=\"true\" class=\"fas fa-check\"><\/i>\t\t\t\t\t\t<\/span>\n\t\t\t\t\t\t\t\t\t\t<span class=\"elementor-icon-list-text\">Misch\u00admenge 50l<\/span>\n\t\t\t\t\t\t\t\t\t<\/li>\n\t\t\t\t\t\t<\/ul>\n\t\t\t\t\t\t<\/div>\n\t\t<div class=\"elementor-element elementor-element-99e83b2 e-con-full e-flex elementor-invisible e-con e-child\" data-id=\"99e83b2\" data-element_type=\"container\" data-e-type=\"container\" data-settings=\"{&quot;animation&quot;:&quot;fadeIn&quot;,&quot;animation_delay&quot;:500,&quot;background_background&quot;:&quot;classic&quot;}\">\n\t\t\t\t<div class=\"elementor-element elementor-element-daa2548 elementor-widget elementor-widget-image\" data-id=\"daa2548\" data-element_type=\"widget\" data-e-type=\"widget\" data-widget_type=\"image.default\">\n\t\t\t\t\t\t\t\t\t\t\t\t\t\t\t<img fetchpriority=\"high\" decoding=\"async\" width=\"549\" height=\"540\" src=\"https:\/\/www.hermes-technologie.de\/wp-content\/uploads\/2025\/06\/PB_Xo33Rduo_MKD120HF.webp\" class=\"elementor-animation-grow attachment-full size-full wp-image-6805\" alt=\"\" srcset=\"https:\/\/www.hermes-technologie.de\/wp-content\/uploads\/2025\/06\/PB_Xo33Rduo_MKD120HF.webp 549w, https:\/\/www.hermes-technologie.de\/wp-content\/uploads\/2025\/06\/PB_Xo33Rduo_MKD120HF-300x295.webp 300w, https:\/\/www.hermes-technologie.de\/wp-content\/uploads\/2025\/06\/PB_Xo33Rduo_MKD120HF-12x12.webp 12w\" sizes=\"(max-width: 549px) 100vw, 549px\" \/>\t\t\t\t\t\t\t\t\t\t\t\t\t\t\t<\/div>\n\t\t\t\t<\/div>\n\t\t\t\t<\/div>\n\t\t\t\t\t<\/div>\n\t\t\t\t<\/div>\n\t\t<div class=\"elementor-element elementor-element-0a3767e e-flex e-con-boxed e-con e-parent\" data-id=\"0a3767e\" data-element_type=\"container\" data-e-type=\"container\">\n\t\t\t\t\t<div class=\"e-con-inner\">\n\t\t<div class=\"elementor-element elementor-element-841257d e-con-full e-flex e-con e-child\" data-id=\"841257d\" data-element_type=\"container\" data-e-type=\"container\">\n\t\t\t\t<div class=\"elementor-element elementor-element-1c12e12 elementor-widget elementor-widget-image\" data-id=\"1c12e12\" data-element_type=\"widget\" data-e-type=\"widget\" data-widget_type=\"image.default\">\n\t\t\t\t\t\t\t\t\t\t\t\t\t\t\t<img decoding=\"async\" width=\"500\" height=\"500\" src=\"https:\/\/www.hermes-technologie.de\/wp-content\/uploads\/2026\/01\/Ru\u0308hrwerk-Xo-33-R-duo-Hermes-Technologie.webp\" class=\"attachment-full size-full wp-image-10465\" alt=\"Ru\u0308hrwerk Xo 33 R duo Hermes Technologie\" srcset=\"https:\/\/www.hermes-technologie.de\/wp-content\/uploads\/2026\/01\/Ru\u0308hrwerk-Xo-33-R-duo-Hermes-Technologie.webp 500w, https:\/\/www.hermes-technologie.de\/wp-content\/uploads\/2026\/01\/Ru\u0308hrwerk-Xo-33-R-duo-Hermes-Technologie-300x300.webp 300w, https:\/\/www.hermes-technologie.de\/wp-content\/uploads\/2026\/01\/Ru\u0308hrwerk-Xo-33-R-duo-Hermes-Technologie-150x150.webp 150w, https:\/\/www.hermes-technologie.de\/wp-content\/uploads\/2026\/01\/Ru\u0308hrwerk-Xo-33-R-duo-Hermes-Technologie-12x12.webp 12w\" sizes=\"(max-width: 500px) 100vw, 500px\" \/>\t\t\t\t\t\t\t\t\t\t\t\t\t\t\t<\/div>\n\t\t\t\t<\/div>\n\t\t<div class=\"elementor-element elementor-element-76e34dd e-con-full e-flex e-con e-child\" data-id=\"76e34dd\" data-element_type=\"container\" data-e-type=\"container\">\n\t\t\t\t<div class=\"elementor-element elementor-element-6652761 elementor-widget elementor-widget-image\" data-id=\"6652761\" data-element_type=\"widget\" data-e-type=\"widget\" data-widget_type=\"image.default\">\n\t\t\t\t\t\t\t\t\t\t\t\t\t\t\t<img decoding=\"async\" width=\"500\" height=\"500\" src=\"https:\/\/www.hermes-technologie.de\/wp-content\/uploads\/2025\/06\/Ruehrwerk-Xo-33-R-duo2.jpg\" class=\"attachment-full size-full wp-image-6831\" alt=\"\" srcset=\"https:\/\/www.hermes-technologie.de\/wp-content\/uploads\/2025\/06\/Ruehrwerk-Xo-33-R-duo2.jpg 500w, https:\/\/www.hermes-technologie.de\/wp-content\/uploads\/2025\/06\/Ruehrwerk-Xo-33-R-duo2-300x300.jpg 300w, https:\/\/www.hermes-technologie.de\/wp-content\/uploads\/2025\/06\/Ruehrwerk-Xo-33-R-duo2-150x150.jpg 150w, https:\/\/www.hermes-technologie.de\/wp-content\/uploads\/2025\/06\/Ruehrwerk-Xo-33-R-duo2-12x12.jpg 12w\" sizes=\"(max-width: 500px) 100vw, 500px\" \/>\t\t\t\t\t\t\t\t\t\t\t\t\t\t\t<\/div>\n\t\t\t\t<\/div>\n\t\t<div class=\"elementor-element elementor-element-5776448 e-con-full e-flex e-con e-child\" data-id=\"5776448\" data-element_type=\"container\" data-e-type=\"container\">\n\t\t\t\t<div class=\"elementor-element elementor-element-16a57e4 elementor-widget elementor-widget-image\" data-id=\"16a57e4\" data-element_type=\"widget\" data-e-type=\"widget\" data-widget_type=\"image.default\">\n\t\t\t\t\t\t\t\t\t\t\t\t\t\t\t<img loading=\"lazy\" decoding=\"async\" width=\"500\" height=\"500\" src=\"https:\/\/www.hermes-technologie.de\/wp-content\/uploads\/2025\/06\/Ruehrwerk-Xo-33-R-duo3.jpg\" class=\"attachment-full size-full wp-image-6832\" alt=\"\" srcset=\"https:\/\/www.hermes-technologie.de\/wp-content\/uploads\/2025\/06\/Ruehrwerk-Xo-33-R-duo3.jpg 500w, https:\/\/www.hermes-technologie.de\/wp-content\/uploads\/2025\/06\/Ruehrwerk-Xo-33-R-duo3-300x300.jpg 300w, https:\/\/www.hermes-technologie.de\/wp-content\/uploads\/2025\/06\/Ruehrwerk-Xo-33-R-duo3-150x150.jpg 150w, https:\/\/www.hermes-technologie.de\/wp-content\/uploads\/2025\/06\/Ruehrwerk-Xo-33-R-duo3-12x12.jpg 12w\" sizes=\"(max-width: 500px) 100vw, 500px\" \/>\t\t\t\t\t\t\t\t\t\t\t\t\t\t\t<\/div>\n\t\t\t\t<\/div>\n\t\t\t\t\t<\/div>\n\t\t\t\t<\/div>\n\t\t<div class=\"elementor-element elementor-element-b02d94a e-flex e-con-boxed e-con e-parent\" data-id=\"b02d94a\" data-element_type=\"container\" data-e-type=\"container\">\n\t\t\t\t\t<div class=\"e-con-inner\">\n\t\t\t\t<div class=\"elementor-element elementor-element-13938ea elementor-widget__width-inherit elementor-invisible elementor-widget elementor-widget-text-editor\" data-id=\"13938ea\" data-element_type=\"widget\" data-e-type=\"widget\" data-settings=\"{&quot;_animation&quot;:&quot;fadeIn&quot;}\" data-widget_type=\"text-editor.default\">\n\t\t\t\t\t\t\t\t\t<p>PAssende produkte<\/p>\t\t\t\t\t\t\t\t<\/div>\n\t\t\t\t<div class=\"elementor-element elementor-element-8ee2a45 elementor-arrows-position-outside elementor-widget elementor-widget-n-carousel\" data-id=\"8ee2a45\" data-element_type=\"widget\" data-e-type=\"widget\" data-settings=\"{&quot;carousel_items&quot;:[{&quot;slide_title&quot;:&quot;Slide #3&quot;,&quot;_id&quot;:&quot;149ec02&quot;},{&quot;slide_title&quot;:&quot;Slide #3&quot;,&quot;_id&quot;:&quot;005c6e1&quot;},{&quot;slide_title&quot;:&quot;Slide #3&quot;,&quot;_id&quot;:&quot;f8e3d20&quot;},{&quot;slide_title&quot;:&quot;Slide #3&quot;,&quot;_id&quot;:&quot;2bf06d2&quot;}],&quot;slides_to_show&quot;:&quot;4&quot;,&quot;autoplay_speed&quot;:4000,&quot;speed&quot;:400,&quot;image_spacing_custom&quot;:{&quot;unit&quot;:&quot;px&quot;,&quot;size&quot;:22,&quot;sizes&quot;:[]},&quot;slides_to_show_tablet&quot;:&quot;2&quot;,&quot;slides_to_show_mobile&quot;:&quot;1&quot;,&quot;autoplay&quot;:&quot;yes&quot;,&quot;pause_on_hover&quot;:&quot;yes&quot;,&quot;pause_on_interaction&quot;:&quot;yes&quot;,&quot;infinite&quot;:&quot;yes&quot;,&quot;offset_sides&quot;:&quot;none&quot;,&quot;arrows&quot;:&quot;yes&quot;,&quot;image_spacing_custom_tablet&quot;:{&quot;unit&quot;:&quot;px&quot;,&quot;size&quot;:&quot;&quot;,&quot;sizes&quot;:[]},&quot;image_spacing_custom_mobile&quot;:{&quot;unit&quot;:&quot;px&quot;,&quot;size&quot;:&quot;&quot;,&quot;sizes&quot;:[]}}\" data-widget_type=\"nested-carousel.default\">\n\t\t\t\t\t\t\t<div class=\"e-n-carousel swiper\" role=\"region\" aria-roledescription=\"carousel\" aria-label=\"Karussell\" dir=\"ltr\">\n\t\t\t<div class=\"swiper-wrapper\" aria-live=\"off\">\n\t\t\t\t\t\t\t\t\t\t<div class=\"swiper-slide\" data-slide=\"1\" role=\"group\" aria-roledescription=\"slide\" aria-label=\"1 sur 4\">\n\t\t\t\t\t\t\t<div class=\"elementor-element elementor-element-5603bf9 e-flex e-con-boxed e-con e-child\" data-id=\"5603bf9\" data-element_type=\"container\" data-e-type=\"container\">\n\t\t\t\t\t<div class=\"e-con-inner\">\n\t\t\t\t<div class=\"elementor-element elementor-element-e40d9e7 elementor-widget elementor-widget-image\" data-id=\"e40d9e7\" data-element_type=\"widget\" data-e-type=\"widget\" data-widget_type=\"image.default\">\n\t\t\t\t\t\t\t\t\t\t\t\t\t\t\t\t<a href=\"\/moerteleimer\/\">\n\t\t\t\t\t\t\t<img loading=\"lazy\" decoding=\"async\" width=\"500\" height=\"500\" src=\"https:\/\/www.hermes-technologie.de\/wp-content\/uploads\/2025\/04\/Moerteleimer.png\" class=\"attachment-full size-full wp-image-3051\" alt=\"\" srcset=\"https:\/\/www.hermes-technologie.de\/wp-content\/uploads\/2025\/04\/Moerteleimer.png 500w, https:\/\/www.hermes-technologie.de\/wp-content\/uploads\/2025\/04\/Moerteleimer-300x300.png 300w, https:\/\/www.hermes-technologie.de\/wp-content\/uploads\/2025\/04\/Moerteleimer-150x150.png 150w, https:\/\/www.hermes-technologie.de\/wp-content\/uploads\/2025\/04\/Moerteleimer-12x12.png 12w\" sizes=\"(max-width: 500px) 100vw, 500px\" \/>\t\t\t\t\t\t\t\t<\/a>\n\t\t\t\t\t\t\t\t\t\t\t\t\t\t\t<\/div>\n\t\t\t\t<div class=\"elementor-element elementor-element-0a08cd7 elementor-widget elementor-widget-heading\" data-id=\"0a08cd7\" data-element_type=\"widget\" data-e-type=\"widget\" data-widget_type=\"heading.default\">\n\t\t\t\t\t<h4 class=\"elementor-heading-title elementor-size-default\"><a href=\"\/moerteleimer\/\">M\u00f6rteleimer<\/a><\/h4>\t\t\t\t<\/div>\n\t\t\t\t\t<\/div>\n\t\t\t\t<\/div>\n\t\t\t\t\t\t\t\t<\/div>\n\t\t\t\t\t\t\t\t\t\t\t<div class=\"swiper-slide\" data-slide=\"2\" role=\"group\" aria-roledescription=\"slide\" aria-label=\"2 sur 4\">\n\t\t\t\t\t\t\t<div class=\"elementor-element elementor-element-3dae23a e-flex e-con-boxed e-con e-child\" data-id=\"3dae23a\" data-element_type=\"container\" data-e-type=\"container\">\n\t\t\t\t\t<div class=\"e-con-inner\">\n\t\t\t\t<div class=\"elementor-element elementor-element-e6f5c1a elementor-widget elementor-widget-image\" data-id=\"e6f5c1a\" data-element_type=\"widget\" data-e-type=\"widget\" data-widget_type=\"image.default\">\n\t\t\t\t\t\t\t\t\t\t\t\t\t\t\t\t<a href=\"\/Messbecher\/\">\n\t\t\t\t\t\t\t<img loading=\"lazy\" decoding=\"async\" width=\"500\" height=\"500\" src=\"https:\/\/www.hermes-technologie.de\/wp-content\/uploads\/2025\/04\/Messbehaelter.png\" class=\"attachment-full size-full wp-image-3037\" alt=\"\" srcset=\"https:\/\/www.hermes-technologie.de\/wp-content\/uploads\/2025\/04\/Messbehaelter.png 500w, https:\/\/www.hermes-technologie.de\/wp-content\/uploads\/2025\/04\/Messbehaelter-300x300.png 300w, https:\/\/www.hermes-technologie.de\/wp-content\/uploads\/2025\/04\/Messbehaelter-150x150.png 150w, https:\/\/www.hermes-technologie.de\/wp-content\/uploads\/2025\/04\/Messbehaelter-12x12.png 12w\" sizes=\"(max-width: 500px) 100vw, 500px\" \/>\t\t\t\t\t\t\t\t<\/a>\n\t\t\t\t\t\t\t\t\t\t\t\t\t\t\t<\/div>\n\t\t\t\t<div class=\"elementor-element elementor-element-bb5020c elementor-widget elementor-widget-heading\" data-id=\"bb5020c\" data-element_type=\"widget\" data-e-type=\"widget\" data-widget_type=\"heading.default\">\n\t\t\t\t\t<h4 class=\"elementor-heading-title elementor-size-default\"><a href=\"\/Messbecher\/\">Messbecher<\/a><\/h4>\t\t\t\t<\/div>\n\t\t\t\t\t<\/div>\n\t\t\t\t<\/div>\n\t\t\t\t\t\t\t\t<\/div>\n\t\t\t\t\t\t\t\t\t\t\t<div class=\"swiper-slide\" data-slide=\"3\" role=\"group\" aria-roledescription=\"slide\" aria-label=\"3 sur 4\">\n\t\t\t\t\t\t\t<div class=\"elementor-element elementor-element-b28337d e-flex e-con-boxed e-con e-child\" data-id=\"b28337d\" data-element_type=\"container\" data-e-type=\"container\">\n\t\t\t\t\t<div class=\"e-con-inner\">\n\t\t\t\t<div class=\"elementor-element elementor-element-7f5694e elementor-widget elementor-widget-image\" data-id=\"7f5694e\" data-element_type=\"widget\" data-e-type=\"widget\" data-widget_type=\"image.default\">\n\t\t\t\t\t\t\t\t\t\t\t\t\t\t\t\t<a href=\"\/Moertel-Kellenset\/\">\n\t\t\t\t\t\t\t<img loading=\"lazy\" decoding=\"async\" width=\"500\" height=\"500\" src=\"https:\/\/www.hermes-technologie.de\/wp-content\/uploads\/2025\/04\/Moertel_kellenset.png\" class=\"attachment-full size-full wp-image-3047\" alt=\"Mo\u0308rtel Kellenset\" srcset=\"https:\/\/www.hermes-technologie.de\/wp-content\/uploads\/2025\/04\/Moertel_kellenset.png 500w, https:\/\/www.hermes-technologie.de\/wp-content\/uploads\/2025\/04\/Moertel_kellenset-300x300.png 300w, https:\/\/www.hermes-technologie.de\/wp-content\/uploads\/2025\/04\/Moertel_kellenset-150x150.png 150w, https:\/\/www.hermes-technologie.de\/wp-content\/uploads\/2025\/04\/Moertel_kellenset-12x12.png 12w\" sizes=\"(max-width: 500px) 100vw, 500px\" \/>\t\t\t\t\t\t\t\t<\/a>\n\t\t\t\t\t\t\t\t\t\t\t\t\t\t\t<\/div>\n\t\t\t\t<div class=\"elementor-element elementor-element-155159b elementor-widget elementor-widget-heading\" data-id=\"155159b\" data-element_type=\"widget\" data-e-type=\"widget\" data-widget_type=\"heading.default\">\n\t\t\t\t\t<h4 class=\"elementor-heading-title elementor-size-default\"><a href=\"\/Moertel-Kellenset\/\">M\u00f6rtel Kellenset<\/a><\/h4>\t\t\t\t<\/div>\n\t\t\t\t\t<\/div>\n\t\t\t\t<\/div>\n\t\t\t\t\t\t\t\t<\/div>\n\t\t\t\t\t\t\t\t\t\t\t<div class=\"swiper-slide\" data-slide=\"4\" role=\"group\" aria-roledescription=\"slide\" aria-label=\"4 sur 4\">\n\t\t\t\t\t\t\t<div class=\"elementor-element elementor-element-298bde8 e-flex e-con-boxed e-con e-child\" data-id=\"298bde8\" data-element_type=\"container\" data-e-type=\"container\">\n\t\t\t\t\t<div class=\"e-con-inner\">\n\t\t\t\t<div class=\"elementor-element elementor-element-0eb48c6 elementor-widget elementor-widget-image\" data-id=\"0eb48c6\" data-element_type=\"widget\" data-e-type=\"widget\" data-widget_type=\"image.default\">\n\t\t\t\t\t\t\t\t\t\t\t\t\t\t\t\t<a href=\"https:\/\/www.hermes-technologie.de\/doppelwellenquirl-beba-b6\/\">\n\t\t\t\t\t\t\t<img loading=\"lazy\" decoding=\"async\" width=\"500\" height=\"500\" src=\"https:\/\/www.hermes-technologie.de\/wp-content\/uploads\/2025\/04\/Doppelwellenquirt_BEBA_B6.png\" class=\"attachment-full size-full wp-image-3032\" alt=\"Doppelwellenquirt BEBA B6\" srcset=\"https:\/\/www.hermes-technologie.de\/wp-content\/uploads\/2025\/04\/Doppelwellenquirt_BEBA_B6.png 500w, https:\/\/www.hermes-technologie.de\/wp-content\/uploads\/2025\/04\/Doppelwellenquirt_BEBA_B6-300x300.png 300w, https:\/\/www.hermes-technologie.de\/wp-content\/uploads\/2025\/04\/Doppelwellenquirt_BEBA_B6-150x150.png 150w, https:\/\/www.hermes-technologie.de\/wp-content\/uploads\/2025\/04\/Doppelwellenquirt_BEBA_B6-12x12.png 12w\" sizes=\"(max-width: 500px) 100vw, 500px\" \/>\t\t\t\t\t\t\t\t<\/a>\n\t\t\t\t\t\t\t\t\t\t\t\t\t\t\t<\/div>\n\t\t\t\t<div class=\"elementor-element elementor-element-5381bce elementor-widget elementor-widget-heading\" data-id=\"5381bce\" data-element_type=\"widget\" data-e-type=\"widget\" data-widget_type=\"heading.default\">\n\t\t\t\t\t<h4 class=\"elementor-heading-title elementor-size-default\"><a href=\"https:\/\/www.hermes-technologie.de\/doppelwellenquirl-beba-b6\/\">Doppelwellenquirl BEBA B6<\/a><\/h4>\t\t\t\t<\/div>\n\t\t\t\t\t<\/div>\n\t\t\t\t<\/div>\n\t\t\t\t\t\t\t\t<\/div>\n\t\t\t\t\t\t\t\t<\/div>\n\t\t<\/div>\n\t\t\t\t\t<div class=\"elementor-swiper-button elementor-swiper-button-prev\" role=\"button\" tabindex=\"0\" aria-label=\"Pr\u00e9c\u00e9dent\">\n\t\t\t\t<i aria-hidden=\"true\" class=\"eicon-chevron-left\"><\/i>\t\t\t<\/div>\n\t\t\t<div class=\"elementor-swiper-button elementor-swiper-button-next\" role=\"button\" tabindex=\"0\" aria-label=\"Suivant\">\n\t\t\t\t<i aria-hidden=\"true\" class=\"eicon-chevron-right\"><\/i>\t\t\t<\/div>\n\t\t\t\t\t\t<\/div>\n\t\t\t\t\t<\/div>\n\t\t\t\t<\/div>\n\t\t\t\t<\/div>\n\t\t","protected":false},"excerpt":{"rendered":"<p>Artikelnummer : HTD-80000 R\u00fchrwerk Xo 33 R duo Zwei R\u00fchrer. Doppelte Wirkung. Weitere Eigenschaften Die Xo 33 R Duo ist ein kompakter 1-Gang-Zwangsmischer f\u00fcr kleinere Mischmengen. Zwei gegenl\u00e4ufige R\u00fchrer erzeugen einen Zwangsmischeffekt f\u00fcr perfekte Durchmischung vielseitigster Materialien. Au\u00dferdem kann durch diesen Effekt auch besonders kr\u00e4fteschonend gearbeitet werden. Die Drehzahl kann bequem durch den Gasgebeschalter geregelt [&hellip;]<\/p>\n","protected":false},"author":3,"featured_media":0,"parent":0,"menu_order":0,"comment_status":"closed","ping_status":"closed","template":"","meta":{"footnotes":""},"class_list":["post-6818","page","type-page","status-publish","hentry"],"_links":{"self":[{"href":"https:\/\/www.hermes-technologie.de\/fr\/wp-json\/wp\/v2\/pages\/6818","targetHints":{"allow":["GET"]}}],"collection":[{"href":"https:\/\/www.hermes-technologie.de\/fr\/wp-json\/wp\/v2\/pages"}],"about":[{"href":"https:\/\/www.hermes-technologie.de\/fr\/wp-json\/wp\/v2\/types\/page"}],"author":[{"embeddable":true,"href":"https:\/\/www.hermes-technologie.de\/fr\/wp-json\/wp\/v2\/users\/3"}],"replies":[{"embeddable":true,"href":"https:\/\/www.hermes-technologie.de\/fr\/wp-json\/wp\/v2\/comments?post=6818"}],"version-history":[{"count":9,"href":"https:\/\/www.hermes-technologie.de\/fr\/wp-json\/wp\/v2\/pages\/6818\/revisions"}],"predecessor-version":[{"id":11207,"href":"https:\/\/www.hermes-technologie.de\/fr\/wp-json\/wp\/v2\/pages\/6818\/revisions\/11207"}],"wp:attachment":[{"href":"https:\/\/www.hermes-technologie.de\/fr\/wp-json\/wp\/v2\/media?parent=6818"}],"curies":[{"name":"wp","href":"https:\/\/api.w.org\/{rel}","templated":true}]}}