{"id":7970,"date":"2025-08-26T13:45:30","date_gmt":"2025-08-26T11:45:30","guid":{"rendered":"https:\/\/www.hermes-technologie.de\/?page_id=7970"},"modified":"2026-01-29T09:26:14","modified_gmt":"2026-01-29T08:26:14","slug":"schachtrahmenregulierung-zubehoer","status":"publish","type":"page","link":"https:\/\/www.hermes-technologie.de\/fr\/schachtrahmenregulierung-zubehoer\/","title":{"rendered":"Schachtrahmenregulierung Zubeh\u00f6r"},"content":{"rendered":"<div data-elementor-type=\"wp-page\" data-elementor-id=\"7970\" class=\"elementor elementor-7970\" data-elementor-post-type=\"page\">\n\t\t\t\t<div class=\"elementor-element elementor-element-8a9db05 e-con-full e-flex e-con e-parent\" data-id=\"8a9db05\" data-element_type=\"container\" data-e-type=\"container\">\n\t\t<div class=\"elementor-element elementor-element-cd0bc73 e-con-full e-flex e-con e-child\" data-id=\"cd0bc73\" data-element_type=\"container\" data-e-type=\"container\">\n\t\t<div class=\"elementor-element elementor-element-c6f1810 e-con-full e-flex e-con e-child\" data-id=\"c6f1810\" data-element_type=\"container\" data-e-type=\"container\">\n\t\t\t\t<div class=\"elementor-element elementor-element-2281345 elementor-widget__width-initial elementor-invisible elementor-widget elementor-widget-heading\" data-id=\"2281345\" data-element_type=\"widget\" data-e-type=\"widget\" data-settings=\"{&quot;_animation&quot;:&quot;fadeIn&quot;,&quot;_animation_delay&quot;:200}\" data-widget_type=\"heading.default\">\n\t\t\t\t\t<h1 class=\"elementor-heading-title elementor-size-default\">Schachtrahmenregulierung Zubeh\u00f6r<\/h1>\t\t\t\t<\/div>\n\t\t\t\t<\/div>\n\t\t\t\t<\/div>\n\t\t<div class=\"elementor-element elementor-element-10069be e-con-full e-grid e-con e-child\" data-id=\"10069be\" data-element_type=\"container\" data-e-type=\"container\">\n\t\t<div class=\"elementor-element elementor-element-d87131d e-con-full e-flex elementor-invisible e-con e-child\" data-id=\"d87131d\" data-element_type=\"container\" data-e-type=\"container\" data-settings=\"{&quot;animation&quot;:&quot;fadeIn&quot;,&quot;animation_delay&quot;:400}\">\n\t\t\t\t<div class=\"elementor-element elementor-element-0215ff9 elementor-widget elementor-widget-image\" data-id=\"0215ff9\" data-element_type=\"widget\" data-e-type=\"widget\" data-widget_type=\"image.default\">\n\t\t\t\t\t\t\t\t\t\t\t\t\t\t\t\t<a href=\"\/fr\/asphalt-handverdichter\/\">\n\t\t\t\t\t\t\t<img decoding=\"async\" width=\"103\" height=\"250\" src=\"https:\/\/www.hermes-technologie.de\/wp-content\/uploads\/2025\/08\/Asphalt_handverdichter.png\" class=\"elementor-animation-grow attachment-full size-full wp-image-7975\" alt=\"Asphalt Handverdichter\" srcset=\"https:\/\/www.hermes-technologie.de\/wp-content\/uploads\/2025\/08\/Asphalt_handverdichter.png 103w, https:\/\/www.hermes-technologie.de\/wp-content\/uploads\/2025\/08\/Asphalt_handverdichter-5x12.png 5w\" sizes=\"(max-width: 103px) 100vw, 103px\" \/>\t\t\t\t\t\t\t\t<\/a>\n\t\t\t\t\t\t\t\t\t\t\t\t\t\t\t<\/div>\n\t\t<div class=\"elementor-element elementor-element-a36af6f e-con-full e-flex e-con e-child\" data-id=\"a36af6f\" data-element_type=\"container\" data-e-type=\"container\">\n\t\t<div class=\"elementor-element elementor-element-11b79f6 e-con-full e-flex e-con e-child\" data-id=\"11b79f6\" data-element_type=\"container\" data-e-type=\"container\">\n\t\t\t\t<div class=\"elementor-element elementor-element-9f80ee5 elementor-widget elementor-widget-heading\" data-id=\"9f80ee5\" data-element_type=\"widget\" data-e-type=\"widget\" data-widget_type=\"heading.default\">\n\t\t\t\t\t<h2 class=\"elementor-heading-title elementor-size-default\"><a href=\"\/fr\/asphalt-handverdichter\/\">Asphalt Handverdichter<\/a><\/h2>\t\t\t\t<\/div>\n\t\t\t\t<div class=\"elementor-element elementor-element-9beb322 elementor-widget elementor-widget-text-editor\" data-id=\"9beb322\" data-element_type=\"widget\" data-e-type=\"widget\" data-widget_type=\"text-editor.default\">\n\t\t\t\t\t\t\t\t\t<p>Verdichter f\u00fcr Hei\u00df- und Kaltasphalte<\/p>\t\t\t\t\t\t\t\t<\/div>\n\t\t\t\t<\/div>\n\t\t\t\t<\/div>\n\t\t\t\t<\/div>\n\t\t<div class=\"elementor-element elementor-element-12877a2 e-con-full e-flex elementor-invisible e-con e-child\" data-id=\"12877a2\" data-element_type=\"container\" data-e-type=\"container\" data-settings=\"{&quot;animation&quot;:&quot;fadeIn&quot;,&quot;animation_delay&quot;:400}\">\n\t\t\t\t<div class=\"elementor-element elementor-element-d8996ea elementor-widget elementor-widget-image\" data-id=\"d8996ea\" data-element_type=\"widget\" data-e-type=\"widget\" data-widget_type=\"image.default\">\n\t\t\t\t\t\t\t\t\t\t\t\t\t\t\t\t<a href=\"\/fr\/daempfungsringe-schachtdeckel\/\">\n\t\t\t\t\t\t\t<img fetchpriority=\"high\" decoding=\"async\" width=\"1506\" height=\"2560\" src=\"https:\/\/www.hermes-technologie.de\/wp-content\/uploads\/2025\/08\/Daempfungsringe_Schachtdeckel-scaled.png\" class=\"elementor-animation-grow attachment-full size-full wp-image-7976\" alt=\"Da\u0308mpfungsringe Schachtdeckel\" srcset=\"https:\/\/www.hermes-technologie.de\/wp-content\/uploads\/2025\/08\/Daempfungsringe_Schachtdeckel-scaled.png 1506w, https:\/\/www.hermes-technologie.de\/wp-content\/uploads\/2025\/08\/Daempfungsringe_Schachtdeckel-176x300.png 176w, https:\/\/www.hermes-technologie.de\/wp-content\/uploads\/2025\/08\/Daempfungsringe_Schachtdeckel-602x1024.png 602w, https:\/\/www.hermes-technologie.de\/wp-content\/uploads\/2025\/08\/Daempfungsringe_Schachtdeckel-768x1306.png 768w, https:\/\/www.hermes-technologie.de\/wp-content\/uploads\/2025\/08\/Daempfungsringe_Schachtdeckel-903x1536.png 903w, https:\/\/www.hermes-technologie.de\/wp-content\/uploads\/2025\/08\/Daempfungsringe_Schachtdeckel-1205x2048.png 1205w, https:\/\/www.hermes-technologie.de\/wp-content\/uploads\/2025\/08\/Daempfungsringe_Schachtdeckel-7x12.png 7w\" sizes=\"(max-width: 1506px) 100vw, 1506px\" \/>\t\t\t\t\t\t\t\t<\/a>\n\t\t\t\t\t\t\t\t\t\t\t\t\t\t\t<\/div>\n\t\t<div class=\"elementor-element elementor-element-326677f e-con-full e-flex e-con e-child\" data-id=\"326677f\" data-element_type=\"container\" data-e-type=\"container\">\n\t\t<div class=\"elementor-element elementor-element-ab3ace8 e-con-full e-flex e-con e-child\" data-id=\"ab3ace8\" data-element_type=\"container\" data-e-type=\"container\">\n\t\t\t\t<div class=\"elementor-element elementor-element-0152753 elementor-widget elementor-widget-heading\" data-id=\"0152753\" data-element_type=\"widget\" data-e-type=\"widget\" data-widget_type=\"heading.default\">\n\t\t\t\t\t<h2 class=\"elementor-heading-title elementor-size-default\"><a href=\"\/fr\/daempfungsringe-schachtdeckel\/\">D\u00e4mpfungsringe Schachtdeckel<\/a><\/h2>\t\t\t\t<\/div>\n\t\t\t\t<div class=\"elementor-element elementor-element-7e36a3a elementor-widget elementor-widget-text-editor\" data-id=\"7e36a3a\" data-element_type=\"widget\" data-e-type=\"widget\" data-widget_type=\"text-editor.default\">\n\t\t\t\t\t\t\t\t\t<div class=\"elementor-element elementor-element-ffa4475 ob-has-background-overlay elementor-widget elementor-widget-jet-listing-dynamic-field\" data-id=\"ffa4475\" data-element_type=\"widget\" data-settings=\"{&quot;_ob_perspektive_use&quot;:&quot;no&quot;,&quot;_ob_poopart_use&quot;:&quot;yes&quot;,&quot;_ob_allow_hoveranimator&quot;:&quot;no&quot;,&quot;_ob_widget_stalker_use&quot;:&quot;no&quot;}\" data-widget_type=\"jet-listing-dynamic-field.default\"><p>Zur D\u00e4mpfung: d\u00e4mpft Ger\u00e4usche und Schwingungen zwischen Schachtrahmen und -deckel<\/p><\/div>\t\t\t\t\t\t\t\t<\/div>\n\t\t\t\t<\/div>\n\t\t\t\t<\/div>\n\t\t\t\t<\/div>\n\t\t<div class=\"elementor-element elementor-element-803bfdf e-con-full e-flex elementor-invisible e-con e-child\" data-id=\"803bfdf\" data-element_type=\"container\" data-e-type=\"container\" data-settings=\"{&quot;animation&quot;:&quot;fadeIn&quot;,&quot;animation_delay&quot;:400}\">\n\t\t\t\t<div class=\"elementor-element elementor-element-7841db0 elementor-widget elementor-widget-image\" data-id=\"7841db0\" data-element_type=\"widget\" data-e-type=\"widget\" data-widget_type=\"image.default\">\n\t\t\t\t\t\t\t\t\t\t\t\t\t\t\t\t<a href=\"\/fr\/materialauffangtasse\/\">\n\t\t\t\t\t\t\t<img decoding=\"async\" width=\"979\" height=\"694\" src=\"https:\/\/www.hermes-technologie.de\/wp-content\/uploads\/2025\/08\/Materialauffangtasse.jpg_freigestellt.webp\" class=\"elementor-animation-grow attachment-full size-full wp-image-7978\" alt=\"Materialauffangtasse\" srcset=\"https:\/\/www.hermes-technologie.de\/wp-content\/uploads\/2025\/08\/Materialauffangtasse.jpg_freigestellt.webp 979w, https:\/\/www.hermes-technologie.de\/wp-content\/uploads\/2025\/08\/Materialauffangtasse.jpg_freigestellt-300x213.webp 300w, https:\/\/www.hermes-technologie.de\/wp-content\/uploads\/2025\/08\/Materialauffangtasse.jpg_freigestellt-768x544.webp 768w, https:\/\/www.hermes-technologie.de\/wp-content\/uploads\/2025\/08\/Materialauffangtasse.jpg_freigestellt-18x12.webp 18w\" sizes=\"(max-width: 979px) 100vw, 979px\" \/>\t\t\t\t\t\t\t\t<\/a>\n\t\t\t\t\t\t\t\t\t\t\t\t\t\t\t<\/div>\n\t\t<div class=\"elementor-element elementor-element-58973b4 e-con-full e-flex e-con e-child\" data-id=\"58973b4\" data-element_type=\"container\" data-e-type=\"container\">\n\t\t<div class=\"elementor-element elementor-element-797a80b e-con-full e-flex e-con e-child\" data-id=\"797a80b\" data-element_type=\"container\" data-e-type=\"container\">\n\t\t\t\t<div class=\"elementor-element elementor-element-6f3e6c9 elementor-widget elementor-widget-heading\" data-id=\"6f3e6c9\" data-element_type=\"widget\" data-e-type=\"widget\" data-widget_type=\"heading.default\">\n\t\t\t\t\t<h2 class=\"elementor-heading-title elementor-size-default\"><a href=\"\/fr\/materialauffangtasse\/\">Materialauffangtasse<\/a><\/h2>\t\t\t\t<\/div>\n\t\t\t\t<div class=\"elementor-element elementor-element-3e24985 elementor-widget elementor-widget-text-editor\" data-id=\"3e24985\" data-element_type=\"widget\" data-e-type=\"widget\" data-widget_type=\"text-editor.default\">\n\t\t\t\t\t\t\t\t\t<p>Die Materialauffangtasse verhindert Schachtverschmutzungen w\u00e4hrend der Schachtrahmenregulierung und sorgt f\u00fcr Sicherheit<\/p>\t\t\t\t\t\t\t\t<\/div>\n\t\t\t\t<\/div>\n\t\t\t\t<\/div>\n\t\t\t\t<\/div>\n\t\t<div class=\"elementor-element elementor-element-63ce646 e-con-full e-flex elementor-invisible e-con e-child\" data-id=\"63ce646\" data-element_type=\"container\" data-e-type=\"container\" data-settings=\"{&quot;animation&quot;:&quot;fadeIn&quot;,&quot;animation_delay&quot;:400}\">\n\t\t\t\t<div class=\"elementor-element elementor-element-df73ef0 elementor-widget elementor-widget-image\" data-id=\"df73ef0\" data-element_type=\"widget\" data-e-type=\"widget\" data-widget_type=\"image.default\">\n\t\t\t\t\t\t\t\t\t\t\t\t\t\t\t\t<a href=\"\/fr\/schachtrahmen-niveauhalter\/\">\n\t\t\t\t\t\t\t<img loading=\"lazy\" decoding=\"async\" width=\"800\" height=\"864\" src=\"https:\/\/www.hermes-technologie.de\/wp-content\/uploads\/2025\/08\/0102_Schachtrahmen_niveauhalter_anwendung.webp\" class=\"elementor-animation-grow attachment-full size-full wp-image-7980\" alt=\"Schachtrahmenhalter\" srcset=\"https:\/\/www.hermes-technologie.de\/wp-content\/uploads\/2025\/08\/0102_Schachtrahmen_niveauhalter_anwendung.webp 800w, https:\/\/www.hermes-technologie.de\/wp-content\/uploads\/2025\/08\/0102_Schachtrahmen_niveauhalter_anwendung-278x300.webp 278w, https:\/\/www.hermes-technologie.de\/wp-content\/uploads\/2025\/08\/0102_Schachtrahmen_niveauhalter_anwendung-768x829.webp 768w, https:\/\/www.hermes-technologie.de\/wp-content\/uploads\/2025\/08\/0102_Schachtrahmen_niveauhalter_anwendung-11x12.webp 11w\" sizes=\"(max-width: 800px) 100vw, 800px\" \/>\t\t\t\t\t\t\t\t<\/a>\n\t\t\t\t\t\t\t\t\t\t\t\t\t\t\t<\/div>\n\t\t<div class=\"elementor-element elementor-element-0662ef7 e-con-full e-flex e-con e-child\" data-id=\"0662ef7\" data-element_type=\"container\" data-e-type=\"container\">\n\t\t<div class=\"elementor-element elementor-element-259c1f7 e-con-full e-flex e-con e-child\" data-id=\"259c1f7\" data-element_type=\"container\" data-e-type=\"container\">\n\t\t\t\t<div class=\"elementor-element elementor-element-05e6bdc elementor-widget elementor-widget-heading\" data-id=\"05e6bdc\" data-element_type=\"widget\" data-e-type=\"widget\" data-widget_type=\"heading.default\">\n\t\t\t\t\t<h2 class=\"elementor-heading-title elementor-size-default\"><a href=\"\/fr\/schachtrahmen-niveauhalter\/\">Schachtrahmen Niveauhalter<\/a><\/h2>\t\t\t\t<\/div>\n\t\t\t\t<div class=\"elementor-element elementor-element-a5f7eb0 elementor-widget elementor-widget-text-editor\" data-id=\"a5f7eb0\" data-element_type=\"widget\" data-e-type=\"widget\" data-widget_type=\"text-editor.default\">\n\t\t\t\t\t\t\t\t\t<p>HT Niveauhalter zum Angleichen von dem Schachtrahmen auf Stra\u00dfenniveau w\u00e4hrend der Sanierung<\/p>\t\t\t\t\t\t\t\t<\/div>\n\t\t\t\t<\/div>\n\t\t\t\t<\/div>\n\t\t\t\t<\/div>\n\t\t<div class=\"elementor-element elementor-element-ab0fe41 e-con-full e-flex elementor-invisible e-con e-child\" data-id=\"ab0fe41\" data-element_type=\"container\" data-e-type=\"container\" data-settings=\"{&quot;animation&quot;:&quot;fadeIn&quot;,&quot;animation_delay&quot;:400}\">\n\t\t\t\t<div class=\"elementor-element elementor-element-26dca8b elementor-widget elementor-widget-image\" data-id=\"26dca8b\" data-element_type=\"widget\" data-e-type=\"widget\" data-widget_type=\"image.default\">\n\t\t\t\t\t\t\t\t\t\t\t\t\t\t\t\t<a href=\"\/fr\/schlauchschalungen-aufblasbar\/\">\n\t\t\t\t\t\t\t<img loading=\"lazy\" decoding=\"async\" width=\"540\" height=\"337\" src=\"https:\/\/www.hermes-technologie.de\/wp-content\/uploads\/2025\/08\/schlauchschalung_produktbild.jpg\" class=\"elementor-animation-grow attachment-full size-full wp-image-7981\" alt=\"\" srcset=\"https:\/\/www.hermes-technologie.de\/wp-content\/uploads\/2025\/08\/schlauchschalung_produktbild.jpg 540w, https:\/\/www.hermes-technologie.de\/wp-content\/uploads\/2025\/08\/schlauchschalung_produktbild-300x187.jpg 300w, https:\/\/www.hermes-technologie.de\/wp-content\/uploads\/2025\/08\/schlauchschalung_produktbild-18x12.jpg 18w\" sizes=\"(max-width: 540px) 100vw, 540px\" \/>\t\t\t\t\t\t\t\t<\/a>\n\t\t\t\t\t\t\t\t\t\t\t\t\t\t\t<\/div>\n\t\t<div class=\"elementor-element elementor-element-e51dc7d e-con-full e-flex e-con e-child\" data-id=\"e51dc7d\" data-element_type=\"container\" data-e-type=\"container\">\n\t\t<div class=\"elementor-element elementor-element-2b140fd e-con-full e-flex e-con e-child\" data-id=\"2b140fd\" data-element_type=\"container\" data-e-type=\"container\">\n\t\t\t\t<div class=\"elementor-element elementor-element-8ddf848 elementor-widget elementor-widget-heading\" data-id=\"8ddf848\" data-element_type=\"widget\" data-e-type=\"widget\" data-widget_type=\"heading.default\">\n\t\t\t\t\t<h2 class=\"elementor-heading-title elementor-size-default\"><a href=\"\/fr\/schlauchschalungen-aufblasbar\/\">Schlauchschalungen Aufblasbar<\/a><\/h2>\t\t\t\t<\/div>\n\t\t\t\t<div class=\"elementor-element elementor-element-5f5421f elementor-widget elementor-widget-text-editor\" data-id=\"5f5421f\" data-element_type=\"widget\" data-e-type=\"widget\" data-widget_type=\"text-editor.default\">\n\t\t\t\t\t\t\t\t\t<div class=\"elementor-element elementor-element-ffa4475 ob-has-background-overlay elementor-widget elementor-widget-jet-listing-dynamic-field\" data-id=\"ffa4475\" data-element_type=\"widget\" data-settings=\"{&quot;_ob_perspektive_use&quot;:&quot;no&quot;,&quot;_ob_poopart_use&quot;:&quot;yes&quot;,&quot;_ob_allow_hoveranimator&quot;:&quot;no&quot;,&quot;_ob_widget_stalker_use&quot;:&quot;no&quot;}\" data-widget_type=\"jet-listing-dynamic-field.default\"><div class=\"elementor-element elementor-element-ffa4475 ob-has-background-overlay elementor-widget elementor-widget-jet-listing-dynamic-field\" data-id=\"ffa4475\" data-element_type=\"widget\" data-settings=\"{&quot;_ob_perspektive_use&quot;:&quot;no&quot;,&quot;_ob_poopart_use&quot;:&quot;yes&quot;,&quot;_ob_allow_hoveranimator&quot;:&quot;no&quot;,&quot;_ob_widget_stalker_use&quot;:&quot;no&quot;}\" data-widget_type=\"jet-listing-dynamic-field.default\"><p>Schlauchschalung zum Einbringen von Vergussm\u00f6rtel in den Ringspalt<\/p><\/div><\/div>\t\t\t\t\t\t\t\t<\/div>\n\t\t\t\t<\/div>\n\t\t\t\t<\/div>\n\t\t\t\t<\/div>\n\t\t<div class=\"elementor-element elementor-element-ace65d4 e-con-full e-flex elementor-invisible e-con e-child\" data-id=\"ace65d4\" data-element_type=\"container\" data-e-type=\"container\" data-settings=\"{&quot;animation&quot;:&quot;fadeIn&quot;,&quot;animation_delay&quot;:400}\">\n\t\t\t\t<div class=\"elementor-element elementor-element-9bd9882 elementor-widget elementor-widget-image\" data-id=\"9bd9882\" data-element_type=\"widget\" data-e-type=\"widget\" data-widget_type=\"image.default\">\n\t\t\t\t\t\t\t\t\t\t\t\t\t\t\t\t<a href=\"\/fr\/verguss-einfuelltrichter\/\">\n\t\t\t\t\t\t\t<img loading=\"lazy\" decoding=\"async\" width=\"1000\" height=\"391\" src=\"https:\/\/www.hermes-technologie.de\/wp-content\/uploads\/2025\/08\/0101_befuelltrichter_produktbild.webp\" class=\"elementor-animation-grow attachment-full size-full wp-image-7991\" alt=\"\" srcset=\"https:\/\/www.hermes-technologie.de\/wp-content\/uploads\/2025\/08\/0101_befuelltrichter_produktbild.webp 1000w, https:\/\/www.hermes-technologie.de\/wp-content\/uploads\/2025\/08\/0101_befuelltrichter_produktbild-300x117.webp 300w, https:\/\/www.hermes-technologie.de\/wp-content\/uploads\/2025\/08\/0101_befuelltrichter_produktbild-768x300.webp 768w, https:\/\/www.hermes-technologie.de\/wp-content\/uploads\/2025\/08\/0101_befuelltrichter_produktbild-18x7.webp 18w\" sizes=\"(max-width: 1000px) 100vw, 1000px\" \/>\t\t\t\t\t\t\t\t<\/a>\n\t\t\t\t\t\t\t\t\t\t\t\t\t\t\t<\/div>\n\t\t<div class=\"elementor-element elementor-element-dcd4d2d e-con-full e-flex e-con e-child\" data-id=\"dcd4d2d\" data-element_type=\"container\" data-e-type=\"container\">\n\t\t<div class=\"elementor-element elementor-element-c3cef74 e-con-full e-flex e-con e-child\" data-id=\"c3cef74\" data-element_type=\"container\" data-e-type=\"container\">\n\t\t\t\t<div class=\"elementor-element elementor-element-1bd7280 elementor-widget elementor-widget-heading\" data-id=\"1bd7280\" data-element_type=\"widget\" data-e-type=\"widget\" data-widget_type=\"heading.default\">\n\t\t\t\t\t<h2 class=\"elementor-heading-title elementor-size-default\"><a href=\"\/fr\/verguss-einfuelltrichter\/\">Verguss Einf\u00fclltrichter<\/a><\/h2>\t\t\t\t<\/div>\n\t\t\t\t<div class=\"elementor-element elementor-element-668e337 elementor-widget elementor-widget-text-editor\" data-id=\"668e337\" data-element_type=\"widget\" data-e-type=\"widget\" data-widget_type=\"text-editor.default\">\n\t\t\t\t\t\t\t\t\t<p>Einf\u00fclltrichter f\u00fcr die Bef\u00fcllung von Schlauchschalungen mit WW-M\u00f6rteln<\/p>\t\t\t\t\t\t\t\t<\/div>\n\t\t\t\t<\/div>\n\t\t\t\t<\/div>\n\t\t\t\t<\/div>\n\t\t\t\t<\/div>\n\t\t\t\t<\/div>\n\t\t\t\t<\/div>","protected":false},"excerpt":{"rendered":"<p>Schachtrahmenregulierung Zubeh\u00f6r Asphalt Handverdichter Verdichter f\u00fcr Hei\u00df- und Kaltasphalte D\u00e4mpfungsringe Schachtdeckel Zur D\u00e4mpfung: d\u00e4mpft Ger\u00e4usche und Schwingungen zwischen Schachtrahmen und -deckel Materialauffangtasse Die Materialauffangtasse verhindert Schachtverschmutzungen w\u00e4hrend der Schachtrahmenregulierung und sorgt f\u00fcr Sicherheit Schachtrahmen Niveauhalter HT Niveauhalter zum Angleichen von dem Schachtrahmen auf Stra\u00dfenniveau w\u00e4hrend der Sanierung Schlauchschalungen Aufblasbar Schlauchschalung zum Einbringen von Vergussm\u00f6rtel in [&hellip;]<\/p>\n","protected":false},"author":3,"featured_media":0,"parent":0,"menu_order":0,"comment_status":"closed","ping_status":"closed","template":"","meta":{"footnotes":""},"class_list":["post-7970","page","type-page","status-publish","hentry"],"_links":{"self":[{"href":"https:\/\/www.hermes-technologie.de\/fr\/wp-json\/wp\/v2\/pages\/7970","targetHints":{"allow":["GET"]}}],"collection":[{"href":"https:\/\/www.hermes-technologie.de\/fr\/wp-json\/wp\/v2\/pages"}],"about":[{"href":"https:\/\/www.hermes-technologie.de\/fr\/wp-json\/wp\/v2\/types\/page"}],"author":[{"embeddable":true,"href":"https:\/\/www.hermes-technologie.de\/fr\/wp-json\/wp\/v2\/users\/3"}],"replies":[{"embeddable":true,"href":"https:\/\/www.hermes-technologie.de\/fr\/wp-json\/wp\/v2\/comments?post=7970"}],"version-history":[{"count":6,"href":"https:\/\/www.hermes-technologie.de\/fr\/wp-json\/wp\/v2\/pages\/7970\/revisions"}],"predecessor-version":[{"id":10347,"href":"https:\/\/www.hermes-technologie.de\/fr\/wp-json\/wp\/v2\/pages\/7970\/revisions\/10347"}],"wp:attachment":[{"href":"https:\/\/www.hermes-technologie.de\/fr\/wp-json\/wp\/v2\/media?parent=7970"}],"curies":[{"name":"wp","href":"https:\/\/api.w.org\/{rel}","templated":true}]}}