{"id":9999,"date":"2025-12-19T18:31:15","date_gmt":"2025-12-19T17:31:15","guid":{"rendered":"https:\/\/www.hermes-technologie.de\/?page_id=9999"},"modified":"2026-01-29T09:51:41","modified_gmt":"2026-01-29T08:51:41","slug":"dwa-laminierschein","status":"publish","type":"page","link":"https:\/\/www.hermes-technologie.de\/fr\/dwa-laminierschein\/","title":{"rendered":"DWA Laminierschein"},"content":{"rendered":"<div data-elementor-type=\"wp-page\" data-elementor-id=\"9999\" class=\"elementor elementor-9999\" data-elementor-post-type=\"page\">\n\t\t\t\t<div class=\"elementor-element elementor-element-1470a86 e-con-full e-flex e-con e-parent\" data-id=\"1470a86\" data-element_type=\"container\" data-e-type=\"container\">\n\t\t<div class=\"elementor-element elementor-element-d68f3a7 e-con-full e-flex elementor-invisible e-con e-child\" data-id=\"d68f3a7\" data-element_type=\"container\" data-e-type=\"container\" data-settings=\"{&quot;background_background&quot;:&quot;classic&quot;,&quot;animation&quot;:&quot;fadeIn&quot;}\">\n\t\t\t\t<div class=\"elementor-element elementor-element-79b5677 elementor-widget-divider--view-line elementor-widget elementor-widget-divider\" data-id=\"79b5677\" data-element_type=\"widget\" data-e-type=\"widget\" data-widget_type=\"divider.default\">\n\t\t\t\t\t\t\t<div class=\"elementor-divider\">\n\t\t\t<span class=\"elementor-divider-separator\">\n\t\t\t\t\t\t<\/span>\n\t\t<\/div>\n\t\t\t\t\t\t<\/div>\n\t\t\t\t<\/div>\n\t\t<div class=\"elementor-element elementor-element-4a3f51c e-con-full e-flex e-con e-child\" data-id=\"4a3f51c\" data-element_type=\"container\" data-e-type=\"container\">\n\t\t<div class=\"elementor-element elementor-element-4b9cd0f e-con-full e-flex e-con e-child\" data-id=\"4b9cd0f\" data-element_type=\"container\" data-e-type=\"container\">\n\t\t\t\t<div class=\"elementor-element elementor-element-ba24017 elementor-invisible elementor-widget elementor-widget-heading\" data-id=\"ba24017\" data-element_type=\"widget\" data-e-type=\"widget\" data-settings=\"{&quot;_animation&quot;:&quot;fadeIn&quot;,&quot;_animation_delay&quot;:&quot;200&quot;}\" data-widget_type=\"heading.default\">\n\t\t\t\t\t<h1 class=\"elementor-heading-title elementor-size-default\">Lamierschein-KS (Kanalsanierung) \u2013 Fachzertifikat f\u00fcr Laminier- und Liningverfahren in Entw\u00e4sserungssystemen<\/h1>\t\t\t\t<\/div>\n\t\t\t\t<\/div>\n\t\t<div class=\"elementor-element elementor-element-694d8b3 e-con-full e-flex e-con e-child\" data-id=\"694d8b3\" data-element_type=\"container\" data-e-type=\"container\">\n\t\t\t\t<div class=\"elementor-element elementor-element-f9a38a5 elementor-widget elementor-widget-image\" data-id=\"f9a38a5\" data-element_type=\"widget\" data-e-type=\"widget\" data-widget_type=\"image.default\">\n\t\t\t\t\t\t\t\t\t\t\t\t\t\t\t<img fetchpriority=\"high\" decoding=\"async\" width=\"2362\" height=\"944\" src=\"https:\/\/www.hermes-technologie.de\/wp-content\/uploads\/2025\/12\/DWA-BBE-Schein-Logo.png\" class=\"attachment-full size-full wp-image-9789\" alt=\"DWA-BBE-Schein-Logo\" srcset=\"https:\/\/www.hermes-technologie.de\/wp-content\/uploads\/2025\/12\/DWA-BBE-Schein-Logo.png 2362w, https:\/\/www.hermes-technologie.de\/wp-content\/uploads\/2025\/12\/DWA-BBE-Schein-Logo-300x120.png 300w, https:\/\/www.hermes-technologie.de\/wp-content\/uploads\/2025\/12\/DWA-BBE-Schein-Logo-1024x409.png 1024w, https:\/\/www.hermes-technologie.de\/wp-content\/uploads\/2025\/12\/DWA-BBE-Schein-Logo-768x307.png 768w, https:\/\/www.hermes-technologie.de\/wp-content\/uploads\/2025\/12\/DWA-BBE-Schein-Logo-1536x614.png 1536w, https:\/\/www.hermes-technologie.de\/wp-content\/uploads\/2025\/12\/DWA-BBE-Schein-Logo-2048x819.png 2048w, https:\/\/www.hermes-technologie.de\/wp-content\/uploads\/2025\/12\/DWA-BBE-Schein-Logo-18x7.png 18w, https:\/\/www.hermes-technologie.de\/wp-content\/uploads\/2025\/12\/DWA-BBE-Schein-Logo-1000x400.png 1000w\" sizes=\"(max-width: 2362px) 100vw, 2362px\" \/>\t\t\t\t\t\t\t\t\t\t\t\t\t\t\t<\/div>\n\t\t\t\t<div class=\"elementor-element elementor-element-f99138d elementor-widget elementor-widget-text-editor\" data-id=\"f99138d\" data-element_type=\"widget\" data-e-type=\"widget\" data-widget_type=\"text-editor.default\">\n\t\t\t\t\t\t\t\t\t<p class=\"p1\">Der Lamierschein-KS ist Ihre Qualifikation f\u00fcr den sicheren und fachgerechten Einsatz von Laminaten (z. B. Glasfaser-Handlaminat) bei Sch\u00e4chten, Kan\u00e4len und Entw\u00e4sserungsbauwerken. In diesem intensiven Kurs erwerben Sie praxisnahes Wissen zu Materialien, Anwendungen und Normen-basierten Verfahren \u2013 kombiniert mit einer Pr\u00fcfung und einem offiziellen Zertifikat.<\/p>\t\t\t\t\t\t\t\t<\/div>\n\t\t\t\t<div class=\"elementor-element elementor-element-f6dca5e elementor-align-left elementor-invisible elementor-widget elementor-widget-button\" data-id=\"f6dca5e\" data-element_type=\"widget\" data-e-type=\"widget\" data-settings=\"{&quot;_animation&quot;:&quot;fadeIn&quot;,&quot;_animation_delay&quot;:&quot;600&quot;}\" data-widget_type=\"button.default\">\n\t\t\t\t\t\t\t\t\t\t<a class=\"elementor-button elementor-button-link elementor-size-sm\" href=\"https:\/\/eva.dwa.de\/details.php?id=7561&#038;lv=7\" target=\"_blank\" rel=\"noopener\">\n\t\t\t\t\t\t<span class=\"elementor-button-content-wrapper\">\n\t\t\t\t\t\t<span class=\"elementor-button-icon\">\n\t\t\t\t<i aria-hidden=\"true\" class=\"icon icon-right-arrow\"><\/i>\t\t\t<\/span>\n\t\t\t\t\t\t\t\t\t<span class=\"elementor-button-text\">Jetzt Anmelden<\/span>\n\t\t\t\t\t<\/span>\n\t\t\t\t\t<\/a>\n\t\t\t\t\t\t\t\t<\/div>\n\t\t\t\t<\/div>\n\t\t\t\t<\/div>\n\t\t\t\t<\/div>\n\t\t<div class=\"elementor-element elementor-element-a5a7f6b e-con-full e-flex e-con e-parent\" data-id=\"a5a7f6b\" data-element_type=\"container\" data-e-type=\"container\" data-settings=\"{&quot;background_background&quot;:&quot;classic&quot;}\">\n\t\t\t\t<div class=\"elementor-element elementor-element-78358de elementor-invisible elementor-widget elementor-widget-heading\" data-id=\"78358de\" data-element_type=\"widget\" data-e-type=\"widget\" data-settings=\"{&quot;_animation&quot;:&quot;fadeIn&quot;,&quot;_animation_delay&quot;:&quot;200&quot;}\" data-widget_type=\"heading.default\">\n\t\t\t\t\t<h2 class=\"elementor-heading-title elementor-size-default\">Comment cela fonctionne-t-il ?<\/h2>\t\t\t\t<\/div>\n\t\t<div class=\"elementor-element elementor-element-7fd4334 e-con-full e-flex elementor-invisible e-con e-child\" data-id=\"7fd4334\" data-element_type=\"container\" data-e-type=\"container\" data-settings=\"{&quot;animation&quot;:&quot;fadeIn&quot;,&quot;animation_delay&quot;:&quot;400&quot;}\">\n\t\t<div class=\"elementor-element elementor-element-3853107 e-con-full e-flex e-con e-child\" data-id=\"3853107\" data-element_type=\"container\" data-e-type=\"container\" data-settings=\"{&quot;background_background&quot;:&quot;classic&quot;}\">\n\t\t\t\t<div class=\"elementor-element elementor-element-0b33549 elementor-invisible elementor-widget elementor-widget-heading\" data-id=\"0b33549\" data-element_type=\"widget\" data-e-type=\"widget\" data-settings=\"{&quot;_animation&quot;:&quot;fadeIn&quot;,&quot;_animation_delay&quot;:&quot;200&quot;}\" data-widget_type=\"heading.default\">\n\t\t\t\t\t<h2 class=\"elementor-heading-title elementor-size-default\">Eigenschaften &amp; Kursmerkmale<\/h2>\t\t\t\t<\/div>\n\t\t\t\t<div class=\"elementor-element elementor-element-e54adba elementor-widget__width-initial elementor-invisible elementor-widget elementor-widget-text-editor\" data-id=\"e54adba\" data-element_type=\"widget\" data-e-type=\"widget\" data-settings=\"{&quot;_animation&quot;:&quot;fadeIn&quot;,&quot;_animation_delay&quot;:&quot;400&quot;}\" data-widget_type=\"text-editor.default\">\n\t\t\t\t\t\t\t\t\t<ul class=\"ul1\"><li class=\"li1\">Qualifikation f\u00fcr den Einsatz von Ort-Laminaten in Entw\u00e4sserungssystemen<\/li><li class=\"li1\">Kompaktkurs mit Fokus auf intensive Praxis\u00fcbungen<\/li><li class=\"li1\">Pr\u00fcfung am Ende des Kurses, mit Zertifikatsausstellung.<\/li><li class=\"li1\">Maximal begrenzte Teilnehmerzahl f\u00fcr besseren Lerneffekt<\/li><li class=\"li1\">Teilnahmevoraussetzung: Nachweis einer Schulung zur sicheren Verwendung und Handhabung von Diisocyanaten vor Veranstaltungsbeginn.<\/li><\/ul>\t\t\t\t\t\t\t\t<\/div>\n\t\t\t\t<\/div>\n\t\t<div class=\"elementor-element elementor-element-1543bdf e-con-full e-flex e-con e-child\" data-id=\"1543bdf\" data-element_type=\"container\" data-e-type=\"container\" data-settings=\"{&quot;background_background&quot;:&quot;classic&quot;}\">\n\t\t\t\t<div class=\"elementor-element elementor-element-e4a6faf elementor-invisible elementor-widget elementor-widget-heading\" data-id=\"e4a6faf\" data-element_type=\"widget\" data-e-type=\"widget\" data-settings=\"{&quot;_animation&quot;:&quot;fadeIn&quot;,&quot;_animation_delay&quot;:&quot;200&quot;}\" data-widget_type=\"heading.default\">\n\t\t\t\t\t<h3 class=\"elementor-heading-title elementor-size-default\">Anwendung &amp; Einsatzgebiete<\/h3>\t\t\t\t<\/div>\n\t\t\t\t<div class=\"elementor-element elementor-element-6d4b962 elementor-widget__width-initial elementor-invisible elementor-widget elementor-widget-text-editor\" data-id=\"6d4b962\" data-element_type=\"widget\" data-e-type=\"widget\" data-settings=\"{&quot;_animation&quot;:&quot;fadeIn&quot;,&quot;_animation_delay&quot;:&quot;400&quot;}\" data-widget_type=\"text-editor.default\">\n\t\t\t\t\t\t\t\t\t<p class=\"p1\">Der Lamierschein-KS qualifiziert Sie f\u00fcr den professionellen und normgerechten Einsatz in diesen Bereichen:<\/p><ul class=\"ul1\"><li class=\"li1\">Laminieren von Sch\u00e4chten, Kan\u00e4len und Sonderbauwerken mit Glasfaser-Handlaminaten.<\/li><li class=\"li1\">Richtige Untergrundvorbereitung bei Bestandsbauwerken Bedienung von Werkzeugen und Materialien im Laminierprozess.<\/li><li class=\"li1\">Dokumentation und Qualit\u00e4tssicherung von Laminierverfahren.<\/li><\/ul>\t\t\t\t\t\t\t\t<\/div>\n\t\t\t\t<\/div>\n\t\t\t\t<\/div>\n\t\t<div class=\"elementor-element elementor-element-402b379 e-con-full e-flex elementor-invisible e-con e-child\" data-id=\"402b379\" data-element_type=\"container\" data-e-type=\"container\" data-settings=\"{&quot;animation&quot;:&quot;fadeIn&quot;,&quot;animation_delay&quot;:&quot;400&quot;}\">\n\t\t<div class=\"elementor-element elementor-element-0d666e4 e-con-full e-flex e-con e-child\" data-id=\"0d666e4\" data-element_type=\"container\" data-e-type=\"container\" data-settings=\"{&quot;background_background&quot;:&quot;classic&quot;}\">\n\t\t\t\t<div class=\"elementor-element elementor-element-a0f569d elementor-widget elementor-widget-image\" data-id=\"a0f569d\" data-element_type=\"widget\" data-e-type=\"widget\" data-widget_type=\"image.default\">\n\t\t\t\t\t\t\t\t\t\t\t\t\t\t\t<img decoding=\"async\" width=\"1200\" height=\"800\" src=\"https:\/\/www.hermes-technologie.de\/wp-content\/uploads\/2025\/12\/DWA_Laminierschein1.webp\" class=\"attachment-full size-full wp-image-10024\" alt=\"\" srcset=\"https:\/\/www.hermes-technologie.de\/wp-content\/uploads\/2025\/12\/DWA_Laminierschein1.webp 1200w, https:\/\/www.hermes-technologie.de\/wp-content\/uploads\/2025\/12\/DWA_Laminierschein1-300x200.webp 300w, https:\/\/www.hermes-technologie.de\/wp-content\/uploads\/2025\/12\/DWA_Laminierschein1-1024x683.webp 1024w, https:\/\/www.hermes-technologie.de\/wp-content\/uploads\/2025\/12\/DWA_Laminierschein1-768x512.webp 768w, https:\/\/www.hermes-technologie.de\/wp-content\/uploads\/2025\/12\/DWA_Laminierschein1-18x12.webp 18w\" sizes=\"(max-width: 1200px) 100vw, 1200px\" \/>\t\t\t\t\t\t\t\t\t\t\t\t\t\t\t<\/div>\n\t\t\t\t<\/div>\n\t\t<div class=\"elementor-element elementor-element-2966ad0 e-con-full e-flex e-con e-child\" data-id=\"2966ad0\" data-element_type=\"container\" data-e-type=\"container\">\n\t\t\t\t<div class=\"elementor-element elementor-element-1ec8fb2 elementor-invisible elementor-widget elementor-widget-heading\" data-id=\"1ec8fb2\" data-element_type=\"widget\" data-e-type=\"widget\" data-settings=\"{&quot;_animation&quot;:&quot;fadeIn&quot;,&quot;_animation_delay&quot;:&quot;200&quot;}\" data-widget_type=\"heading.default\">\n\t\t\t\t\t<h3 class=\"elementor-heading-title elementor-size-default\">Vorteile<\/h3>\t\t\t\t<\/div>\n\t\t\t\t<div class=\"elementor-element elementor-element-21c3282 elementor-widget__width-initial elementor-invisible elementor-widget elementor-widget-text-editor\" data-id=\"21c3282\" data-element_type=\"widget\" data-e-type=\"widget\" data-settings=\"{&quot;_animation&quot;:&quot;fadeIn&quot;,&quot;_animation_delay&quot;:&quot;400&quot;}\" data-widget_type=\"text-editor.default\">\n\t\t\t\t\t\t\t\t\t<ul class=\"ul1\"><li class=\"li1\"><span class=\"s2\"><b>Kompetenznachweis<\/b><\/span>: Zeigen Sie Ihren Auftraggebern und Partnern, dass Sie Laminierverfahren fachgerecht beherrschen.<\/li><li class=\"li1\"><span class=\"s2\"><b>Praxisnah<\/b><\/span>: Intensive \u00dcbungen mit realit\u00e4tsnahen Modellen erm\u00f6glichen sofortige Anwendung auf der Baustelle.<\/li><li class=\"li1\"><span class=\"s2\"><b>Effizienzsteigerung<\/b><\/span>: Durch fachlich fundiertes Vorgehen reduzieren Sie Fehler, Reklamationen und Nacharbeiten.<\/li><li class=\"li1\"><span class=\"s2\"><b>Sicherheit &amp; Normkonformit\u00e4t<\/b><\/span>: Schulung zu Gef\u00e4hrdungsstoffen (Diisocyanate), Materialkenntnis und Verfahren auf der Grundlage aktueller Regelwerke.<\/li><li class=\"li1\"><span class=\"s2\"><b>Team- und Unternehmensvorteil<\/b><\/span>: Mit qualifiziertem Personal erh\u00f6hen Sie Ihre Marktposition im Bereich Kanalsanierung.<\/li><\/ul>\t\t\t\t\t\t\t\t<\/div>\n\t\t\t\t<\/div>\n\t\t\t\t<\/div>\n\t\t\t\t<\/div>\n\t\t<div class=\"elementor-element elementor-element-e1ae9ee e-flex e-con-boxed e-con e-parent\" data-id=\"e1ae9ee\" data-element_type=\"container\" data-e-type=\"container\" data-settings=\"{&quot;background_background&quot;:&quot;classic&quot;}\">\n\t\t\t\t\t<div class=\"e-con-inner\">\n\t\t\t\t<div class=\"elementor-element elementor-element-8439316 elementor-align-center elementor-invisible elementor-widget elementor-widget-button\" data-id=\"8439316\" data-element_type=\"widget\" data-e-type=\"widget\" data-settings=\"{&quot;_animation&quot;:&quot;fadeIn&quot;,&quot;_animation_delay&quot;:&quot;600&quot;}\" data-widget_type=\"button.default\">\n\t\t\t\t\t\t\t\t\t\t<a class=\"elementor-button elementor-button-link elementor-size-sm\" href=\"https:\/\/eva.dwa.de\/details.php?id=7561&#038;lv=7\" target=\"_blank\" rel=\"noopener\">\n\t\t\t\t\t\t<span class=\"elementor-button-content-wrapper\">\n\t\t\t\t\t\t<span class=\"elementor-button-icon\">\n\t\t\t\t<i aria-hidden=\"true\" class=\"icon icon-right-arrow\"><\/i>\t\t\t<\/span>\n\t\t\t\t\t\t\t\t\t<span class=\"elementor-button-text\">Jetzt Anmelden<\/span>\n\t\t\t\t\t<\/span>\n\t\t\t\t\t<\/a>\n\t\t\t\t\t\t\t\t<\/div>\n\t\t\t\t\t<\/div>\n\t\t\t\t<\/div>\n\t\t<div class=\"elementor-element elementor-element-a6db41b e-con-full e-flex e-con e-parent\" data-id=\"a6db41b\" data-element_type=\"container\" data-e-type=\"container\">\n\t\t\t\t<div class=\"elementor-element elementor-element-0709191 gallery-spacing-custom elementor-widget elementor-widget-image-gallery\" data-id=\"0709191\" data-element_type=\"widget\" data-e-type=\"widget\" data-widget_type=\"image-gallery.default\">\n\t\t\t\t\t\t\t<div class=\"elementor-image-gallery\">\n\t\t\t<div id='gallery-1' class='gallery galleryid-9999 gallery-columns-4 gallery-size-full'><figure class='gallery-item'>\n\t\t\t<div class='gallery-icon landscape'>\n\t\t\t\t<img decoding=\"async\" width=\"1200\" height=\"800\" src=\"https:\/\/www.hermes-technologie.de\/wp-content\/uploads\/2025\/12\/DWA_Laminierschein3.webp\" class=\"attachment-full size-full\" alt=\"\" srcset=\"https:\/\/www.hermes-technologie.de\/wp-content\/uploads\/2025\/12\/DWA_Laminierschein3.webp 1200w, https:\/\/www.hermes-technologie.de\/wp-content\/uploads\/2025\/12\/DWA_Laminierschein3-300x200.webp 300w, https:\/\/www.hermes-technologie.de\/wp-content\/uploads\/2025\/12\/DWA_Laminierschein3-1024x683.webp 1024w, https:\/\/www.hermes-technologie.de\/wp-content\/uploads\/2025\/12\/DWA_Laminierschein3-768x512.webp 768w, https:\/\/www.hermes-technologie.de\/wp-content\/uploads\/2025\/12\/DWA_Laminierschein3-18x12.webp 18w\" sizes=\"(max-width: 1200px) 100vw, 1200px\" \/>\n\t\t\t<\/div><\/figure><figure class='gallery-item'>\n\t\t\t<div class='gallery-icon landscape'>\n\t\t\t\t<img loading=\"lazy\" decoding=\"async\" width=\"1200\" height=\"800\" src=\"https:\/\/www.hermes-technologie.de\/wp-content\/uploads\/2025\/12\/DWA_Laminierschein4.webp\" class=\"attachment-full size-full\" alt=\"\" srcset=\"https:\/\/www.hermes-technologie.de\/wp-content\/uploads\/2025\/12\/DWA_Laminierschein4.webp 1200w, https:\/\/www.hermes-technologie.de\/wp-content\/uploads\/2025\/12\/DWA_Laminierschein4-300x200.webp 300w, https:\/\/www.hermes-technologie.de\/wp-content\/uploads\/2025\/12\/DWA_Laminierschein4-1024x683.webp 1024w, https:\/\/www.hermes-technologie.de\/wp-content\/uploads\/2025\/12\/DWA_Laminierschein4-768x512.webp 768w, https:\/\/www.hermes-technologie.de\/wp-content\/uploads\/2025\/12\/DWA_Laminierschein4-18x12.webp 18w\" sizes=\"(max-width: 1200px) 100vw, 1200px\" \/>\n\t\t\t<\/div><\/figure><figure class='gallery-item'>\n\t\t\t<div class='gallery-icon landscape'>\n\t\t\t\t<img loading=\"lazy\" decoding=\"async\" width=\"1200\" height=\"800\" src=\"https:\/\/www.hermes-technologie.de\/wp-content\/uploads\/2025\/12\/DWA_Laminierschein6.webp\" class=\"attachment-full size-full\" alt=\"\" srcset=\"https:\/\/www.hermes-technologie.de\/wp-content\/uploads\/2025\/12\/DWA_Laminierschein6.webp 1200w, https:\/\/www.hermes-technologie.de\/wp-content\/uploads\/2025\/12\/DWA_Laminierschein6-300x200.webp 300w, https:\/\/www.hermes-technologie.de\/wp-content\/uploads\/2025\/12\/DWA_Laminierschein6-1024x683.webp 1024w, https:\/\/www.hermes-technologie.de\/wp-content\/uploads\/2025\/12\/DWA_Laminierschein6-768x512.webp 768w, https:\/\/www.hermes-technologie.de\/wp-content\/uploads\/2025\/12\/DWA_Laminierschein6-18x12.webp 18w\" sizes=\"(max-width: 1200px) 100vw, 1200px\" \/>\n\t\t\t<\/div><\/figure><figure class='gallery-item'>\n\t\t\t<div class='gallery-icon landscape'>\n\t\t\t\t<img loading=\"lazy\" decoding=\"async\" width=\"1200\" height=\"800\" src=\"https:\/\/www.hermes-technologie.de\/wp-content\/uploads\/2025\/12\/DWA_Laminierschein7.webp\" class=\"attachment-full size-full\" alt=\"\" srcset=\"https:\/\/www.hermes-technologie.de\/wp-content\/uploads\/2025\/12\/DWA_Laminierschein7.webp 1200w, https:\/\/www.hermes-technologie.de\/wp-content\/uploads\/2025\/12\/DWA_Laminierschein7-300x200.webp 300w, https:\/\/www.hermes-technologie.de\/wp-content\/uploads\/2025\/12\/DWA_Laminierschein7-1024x683.webp 1024w, https:\/\/www.hermes-technologie.de\/wp-content\/uploads\/2025\/12\/DWA_Laminierschein7-768x512.webp 768w, https:\/\/www.hermes-technologie.de\/wp-content\/uploads\/2025\/12\/DWA_Laminierschein7-18x12.webp 18w\" sizes=\"(max-width: 1200px) 100vw, 1200px\" \/>\n\t\t\t<\/div><\/figure><figure class='gallery-item'>\n\t\t\t<div class='gallery-icon landscape'>\n\t\t\t\t<img loading=\"lazy\" decoding=\"async\" width=\"1200\" height=\"800\" src=\"https:\/\/www.hermes-technologie.de\/wp-content\/uploads\/2025\/12\/DWA_Laminierschein8.webp\" class=\"attachment-full size-full\" alt=\"\" srcset=\"https:\/\/www.hermes-technologie.de\/wp-content\/uploads\/2025\/12\/DWA_Laminierschein8.webp 1200w, https:\/\/www.hermes-technologie.de\/wp-content\/uploads\/2025\/12\/DWA_Laminierschein8-300x200.webp 300w, https:\/\/www.hermes-technologie.de\/wp-content\/uploads\/2025\/12\/DWA_Laminierschein8-1024x683.webp 1024w, https:\/\/www.hermes-technologie.de\/wp-content\/uploads\/2025\/12\/DWA_Laminierschein8-768x512.webp 768w, https:\/\/www.hermes-technologie.de\/wp-content\/uploads\/2025\/12\/DWA_Laminierschein8-18x12.webp 18w\" sizes=\"(max-width: 1200px) 100vw, 1200px\" \/>\n\t\t\t<\/div><\/figure><figure class='gallery-item'>\n\t\t\t<div class='gallery-icon landscape'>\n\t\t\t\t<img loading=\"lazy\" decoding=\"async\" width=\"1200\" height=\"800\" src=\"https:\/\/www.hermes-technologie.de\/wp-content\/uploads\/2025\/12\/DWA_Laminierschein9.webp\" class=\"attachment-full size-full\" alt=\"\" srcset=\"https:\/\/www.hermes-technologie.de\/wp-content\/uploads\/2025\/12\/DWA_Laminierschein9.webp 1200w, https:\/\/www.hermes-technologie.de\/wp-content\/uploads\/2025\/12\/DWA_Laminierschein9-300x200.webp 300w, https:\/\/www.hermes-technologie.de\/wp-content\/uploads\/2025\/12\/DWA_Laminierschein9-1024x683.webp 1024w, https:\/\/www.hermes-technologie.de\/wp-content\/uploads\/2025\/12\/DWA_Laminierschein9-768x512.webp 768w, https:\/\/www.hermes-technologie.de\/wp-content\/uploads\/2025\/12\/DWA_Laminierschein9-18x12.webp 18w\" sizes=\"(max-width: 1200px) 100vw, 1200px\" \/>\n\t\t\t<\/div><\/figure><figure class='gallery-item'>\n\t\t\t<div class='gallery-icon landscape'>\n\t\t\t\t<img loading=\"lazy\" decoding=\"async\" width=\"1200\" height=\"800\" src=\"https:\/\/www.hermes-technologie.de\/wp-content\/uploads\/2025\/12\/DWA_Laminierschein10.webp\" class=\"attachment-full size-full\" alt=\"\" srcset=\"https:\/\/www.hermes-technologie.de\/wp-content\/uploads\/2025\/12\/DWA_Laminierschein10.webp 1200w, https:\/\/www.hermes-technologie.de\/wp-content\/uploads\/2025\/12\/DWA_Laminierschein10-300x200.webp 300w, https:\/\/www.hermes-technologie.de\/wp-content\/uploads\/2025\/12\/DWA_Laminierschein10-1024x683.webp 1024w, https:\/\/www.hermes-technologie.de\/wp-content\/uploads\/2025\/12\/DWA_Laminierschein10-768x512.webp 768w, https:\/\/www.hermes-technologie.de\/wp-content\/uploads\/2025\/12\/DWA_Laminierschein10-18x12.webp 18w\" sizes=\"(max-width: 1200px) 100vw, 1200px\" \/>\n\t\t\t<\/div><\/figure><figure class='gallery-item'>\n\t\t\t<div class='gallery-icon landscape'>\n\t\t\t\t<img loading=\"lazy\" decoding=\"async\" width=\"1200\" height=\"800\" src=\"https:\/\/www.hermes-technologie.de\/wp-content\/uploads\/2025\/12\/DWA_Laminierschein12.webp\" class=\"attachment-full size-full\" alt=\"\" srcset=\"https:\/\/www.hermes-technologie.de\/wp-content\/uploads\/2025\/12\/DWA_Laminierschein12.webp 1200w, https:\/\/www.hermes-technologie.de\/wp-content\/uploads\/2025\/12\/DWA_Laminierschein12-300x200.webp 300w, https:\/\/www.hermes-technologie.de\/wp-content\/uploads\/2025\/12\/DWA_Laminierschein12-1024x683.webp 1024w, https:\/\/www.hermes-technologie.de\/wp-content\/uploads\/2025\/12\/DWA_Laminierschein12-768x512.webp 768w, https:\/\/www.hermes-technologie.de\/wp-content\/uploads\/2025\/12\/DWA_Laminierschein12-18x12.webp 18w\" sizes=\"(max-width: 1200px) 100vw, 1200px\" \/>\n\t\t\t<\/div><\/figure>\n\t\t<\/div>\n\t\t<\/div>\n\t\t\t\t\t\t<\/div>\n\t\t\t\t<\/div>\n\t\t\t\t<\/div>","protected":false},"excerpt":{"rendered":"<p>Lamierschein-KS (Kanalsanierung) \u2013 Fachzertifikat f\u00fcr Laminier- und Liningverfahren in Entw\u00e4sserungssystemen Der Lamierschein-KS ist Ihre Qualifikation f\u00fcr den sicheren und fachgerechten Einsatz von Laminaten (z. B. Glasfaser-Handlaminat) bei Sch\u00e4chten, Kan\u00e4len und Entw\u00e4sserungsbauwerken. In diesem intensiven Kurs erwerben Sie praxisnahes Wissen zu Materialien, Anwendungen und Normen-basierten Verfahren \u2013 kombiniert mit einer Pr\u00fcfung und einem offiziellen Zertifikat. Jetzt [&hellip;]<\/p>\n","protected":false},"author":3,"featured_media":0,"parent":0,"menu_order":0,"comment_status":"closed","ping_status":"closed","template":"","meta":{"footnotes":""},"class_list":["post-9999","page","type-page","status-publish","hentry"],"_links":{"self":[{"href":"https:\/\/www.hermes-technologie.de\/fr\/wp-json\/wp\/v2\/pages\/9999","targetHints":{"allow":["GET"]}}],"collection":[{"href":"https:\/\/www.hermes-technologie.de\/fr\/wp-json\/wp\/v2\/pages"}],"about":[{"href":"https:\/\/www.hermes-technologie.de\/fr\/wp-json\/wp\/v2\/types\/page"}],"author":[{"embeddable":true,"href":"https:\/\/www.hermes-technologie.de\/fr\/wp-json\/wp\/v2\/users\/3"}],"replies":[{"embeddable":true,"href":"https:\/\/www.hermes-technologie.de\/fr\/wp-json\/wp\/v2\/comments?post=9999"}],"version-history":[{"count":52,"href":"https:\/\/www.hermes-technologie.de\/fr\/wp-json\/wp\/v2\/pages\/9999\/revisions"}],"predecessor-version":[{"id":10442,"href":"https:\/\/www.hermes-technologie.de\/fr\/wp-json\/wp\/v2\/pages\/9999\/revisions\/10442"}],"wp:attachment":[{"href":"https:\/\/www.hermes-technologie.de\/fr\/wp-json\/wp\/v2\/media?parent=9999"}],"curies":[{"name":"wp","href":"https:\/\/api.w.org\/{rel}","templated":true}]}}